{"id":795,"date":"2019-03-26T13:37:17","date_gmt":"2019-03-26T12:37:17","guid":{"rendered":"http:\/\/www.transforwarding.cz\/?page_id=795"},"modified":"2019-03-26T13:38:35","modified_gmt":"2019-03-26T12:38:35","slug":"sklad-ceske-budejovice","status":"publish","type":"page","link":"https:\/\/www.transforwarding.cz\/en\/sklad-ceske-budejovice\/","title":{"rendered":"Sklad \u010cesk\u00e9 Bud\u011bjovice"},"content":{"rendered":"\n<ul class=\"wp-block-list\"><li>Vyt\u00e1p\u011bn\u00e1 hala s administrativn\u00edm z\u00e1zem\u00edm, plocha 2200 m<sup>2<\/sup>, s vnit\u0159n\u00ed v\u00fd\u0161kou 6 m s betonovou podlahou, s n\u00e1t\u011brem proti pra\u0161nosti. Hala je z \u010d\u00e1sti zastav\u011bna reg\u00e1lov\u00fdm syst\u00e9mem s v\u00fd\u0161kou zakl\u00e1d\u00e1n\u00ed 3 m, polovina skladu je vyu\u017e\u00edv\u00e1na pro p\u0159ekl\u00e1dku dopravovan\u00e9ho sb\u011brn\u00e9ho zbo\u017e\u00ed.<\/li><li>Poskytov\u00e1ny jsou komplexn\u00ed logistick\u00e9 slu\u017eby, obsluha zbo\u017e\u00ed dle pot\u0159eb z\u00e1kazn\u00edka, veden\u00ed skladov\u00e9 evidence dle k\u00f3du z\u00e1kazn\u00edka, \u0159\u00edzen\u00fd sklad pomoc\u00ed \u010d\u00e1rov\u00fdch k\u00f3d\u016f, garance FIFO, <a rel=\"noreferrer noopener\" aria-label=\"on-line aplikace NetSpedice (otev\u0159e se na nov\u00e9 z\u00e1lo\u017ece)\" href=\"https:\/\/objednavky.fofrcz.cz\" target=\"_blank\">on-line aplikace NetSpedice<\/a> pro n\u00e1hled na skladovou evidenci na internetu. <\/li><li>Distribuce s dod\u00e1n\u00edm k p\u0159\u00edjemci po \u010cR do 24 hodin po obdr\u017een\u00e9m p\u0159\u00edkazu k vyskladn\u011bn\u00ed, Slovensko\u00a048-72 hodin, EU r\u016fzn\u00e9 podle relace.<\/li><li>Poskytov\u00e1n\u00ed celn\u00edch slu\u017eeb. Ve\u0161ker\u00e9 zbo\u017e\u00ed ulo\u017een\u00e9 ve skladu je poji\u0161t\u011bno.<\/li><\/ul>\n\n\n\n<p style=\"text-align:left\">Sklad je v \u010cesk\u00fdch Bud\u011bjovic\u00edch u mezin\u00e1rodn\u00ed silnice E-49 v m\u011bstsk\u00e9 \u010d\u00e1sti Such\u00e9 Vrbn\u00e9.<\/p>\n\n\n\n<iframe loading=\"lazy\" src=\"https:\/\/www.google.com\/maps\/embed?pb=!1m18!1m12!1m3!1d2618.794386336419!2d14.504442315866125!3d48.976438300341215!2m3!1f0!2f0!3f0!3m2!1i1024!2i768!4f13.1!3m3!1m2!1s0x47734fac85c4f8e5%3A0x99f8247b00df781c!2sTransforwarding+a.s.!5e0!3m2!1scs!2scz!4v1535715387856\" width=\"100%\" height=\"450\" frameborder=\"0\" style=\"border: 0;\" allowfullscreen=\"allowfullscreen\"><\/iframe>\n\n\n\n<h3 class=\"wp-block-heading\">Transforwarding a.s.<br>Karla Uhl\u00ed\u0159e 1917\/42, 370 06 \u010cesk\u00e9 Bud\u011bjovice<\/h3>\n\n\n\n<h4 class=\"wp-block-heading\">Telefon: +420 389 001 602, 603, 604<br>Fax: +420 389 001 666<br>E-mail:&nbsp;<a href=\"mailto:tuzemsko@transforwarding.cz\">tuzemsko@transforwarding.cz<\/a><\/h4>\n","protected":false},"excerpt":{"rendered":"<p>Vyt\u00e1p\u011bn\u00e1 hala s administrativn\u00edm z\u00e1zem\u00edm, plocha 2200 m2, s vnit\u0159n\u00ed v\u00fd\u0161kou 6 m s betonovou podlahou, s n\u00e1t\u011brem proti pra\u0161nosti. Hala je z \u010d\u00e1sti zastav\u011bna reg\u00e1lov\u00fdm syst\u00e9mem s v\u00fd\u0161kou zakl\u00e1d\u00e1n\u00ed 3 m, polovina skladu je vyu\u017e\u00edv\u00e1na pro p\u0159ekl\u00e1dku dopravovan\u00e9ho sb\u011brn\u00e9ho zbo\u017e\u00ed. Poskytov\u00e1ny jsou komplexn\u00ed logistick\u00e9 slu\u017eby, obsluha zbo\u017e\u00ed dle pot\u0159eb z\u00e1kazn\u00edka, veden\u00ed skladov\u00e9 evidence dle [&hellip;]<\/p>\n","protected":false},"author":4,"featured_media":0,"parent":0,"menu_order":0,"comment_status":"closed","ping_status":"closed","template":"","meta":{"footnotes":""},"class_list":["post-795","page","type-page","status-publish","hentry"],"translation":{"provider":"WPGlobus","version":"3.0.2","language":"en","enabled_languages":["cz","en","de"],"languages":{"cz":{"title":true,"content":true,"excerpt":false},"en":{"title":false,"content":false,"excerpt":false},"de":{"title":false,"content":false,"excerpt":false}}},"yoast_head":"<!-- This site is optimized with the Yoast SEO plugin v27.3 - https:\/\/yoast.com\/product\/yoast-seo-wordpress\/ -->\n<title>Sklad \u010cesk\u00e9 Bud\u011bjovice - Transforwarding<\/title>\n<meta name=\"robots\" content=\"index, follow, max-snippet:-1, max-image-preview:large, max-video-preview:-1\" \/>\n<link rel=\"canonical\" href=\"https:\/\/www.transforwarding.cz\/sklad-ceske-budejovice\/\" \/>\n<meta property=\"og:locale\" content=\"en_US\" \/>\n<meta property=\"og:type\" content=\"article\" \/>\n<meta property=\"og:title\" content=\"Sklad \u010cesk\u00e9 Bud\u011bjovice - Transforwarding\" \/>\n<meta property=\"og:url\" content=\"https:\/\/www.transforwarding.cz\/sklad-ceske-budejovice\/\" \/>\n<meta property=\"og:site_name\" content=\"Transforwarding\" \/>\n<meta property=\"article:modified_time\" content=\"2019-03-26T12:38:35+00:00\" \/>\n<meta name=\"twitter:card\" content=\"summary_large_image\" \/>\n<meta name=\"twitter:label1\" content=\"Est. reading time\" \/>\n\t<meta name=\"twitter:data1\" content=\"1 minute\" \/>\n<script type=\"application\/ld+json\" class=\"yoast-schema-graph\">{\"@context\":\"https:\\\/\\\/schema.org\",\"@graph\":[{\"@type\":\"WebPage\",\"@id\":\"https:\\\/\\\/www.transforwarding.cz\\\/sklad-ceske-budejovice\\\/\",\"url\":\"https:\\\/\\\/www.transforwarding.cz\\\/sklad-ceske-budejovice\\\/\",\"name\":\"Sklad \u010cesk\u00e9 Bud\u011bjovice - Transforwarding\",\"isPartOf\":{\"@id\":\"https:\\\/\\\/www.transforwarding.cz\\\/#website\"},\"datePublished\":\"2019-03-26T12:37:17+00:00\",\"dateModified\":\"2019-03-26T12:38:35+00:00\",\"breadcrumb\":{\"@id\":\"https:\\\/\\\/www.transforwarding.cz\\\/sklad-ceske-budejovice\\\/#breadcrumb\"},\"inLanguage\":\"en-US, en-UK\",\"potentialAction\":[{\"@type\":\"ReadAction\",\"target\":[\"https:\\\/\\\/www.transforwarding.cz\\\/sklad-ceske-budejovice\\\/\"]}]},{\"@type\":\"BreadcrumbList\",\"@id\":\"https:\\\/\\\/www.transforwarding.cz\\\/sklad-ceske-budejovice\\\/#breadcrumb\",\"itemListElement\":[{\"@type\":\"ListItem\",\"position\":1,\"name\":\"Dom\u016f\",\"item\":\"https:\\\/\\\/www.transforwarding.cz\\\/\"},{\"@type\":\"ListItem\",\"position\":2,\"name\":\"Sklad \u010cesk\u00e9 Bud\u011bjovice\"}]},{\"@type\":\"WebSite\",\"@id\":\"https:\\\/\\\/www.transforwarding.cz\\\/#website\",\"url\":\"https:\\\/\\\/www.transforwarding.cz\\\/\",\"name\":\"Transforwarding a.s.\",\"description\":\"Forwarding and Business\",\"publisher\":{\"@id\":\"https:\\\/\\\/www.transforwarding.cz\\\/#organization\"},\"potentialAction\":[{\"@type\":\"SearchAction\",\"target\":{\"@type\":\"EntryPoint\",\"urlTemplate\":\"https:\\\/\\\/www.transforwarding.cz\\\/?s={search_term_string}\"},\"query-input\":{\"@type\":\"PropertyValueSpecification\",\"valueRequired\":true,\"valueName\":\"search_term_string\"}}],\"inLanguage\":\"en-US, en-UK\"},{\"@type\":\"Organization\",\"@id\":\"https:\\\/\\\/www.transforwarding.cz\\\/#organization\",\"name\":\"Transforwarding a.s.\",\"url\":\"https:\\\/\\\/www.transforwarding.cz\\\/\",\"logo\":{\"@type\":\"ImageObject\",\"inLanguage\":\"en-US, en-UK\",\"@id\":\"https:\\\/\\\/www.transforwarding.cz\\\/#\\\/schema\\\/logo\\\/image\\\/\",\"url\":\"https:\\\/\\\/www.transforwarding.cz\\\/wp-content\\\/uploads\\\/2018\\\/12\\\/logo_trafo_CZ2018-500px.png\",\"contentUrl\":\"https:\\\/\\\/www.transforwarding.cz\\\/wp-content\\\/uploads\\\/2018\\\/12\\\/logo_trafo_CZ2018-500px.png\",\"width\":500,\"height\":92,\"caption\":\"Transforwarding a.s.\"},\"image\":{\"@id\":\"https:\\\/\\\/www.transforwarding.cz\\\/#\\\/schema\\\/logo\\\/image\\\/\"}}]}<\/script>\n<!-- \/ Yoast SEO plugin. -->","yoast_head_json":{"title":"Sklad \u010cesk\u00e9 Bud\u011bjovice - Transforwarding","robots":{"index":"index","follow":"follow","max-snippet":"max-snippet:-1","max-image-preview":"max-image-preview:large","max-video-preview":"max-video-preview:-1"},"canonical":"https:\/\/www.transforwarding.cz\/sklad-ceske-budejovice\/","og_locale":"en_US","og_type":"article","og_title":"Sklad \u010cesk\u00e9 Bud\u011bjovice - Transforwarding","og_url":"https:\/\/www.transforwarding.cz\/sklad-ceske-budejovice\/","og_site_name":"Transforwarding","article_modified_time":"2019-03-26T12:38:35+00:00","twitter_card":"summary_large_image","twitter_misc":{"Est. reading time":"1 minute"},"schema":{"@context":"https:\/\/schema.org","@graph":[{"@type":"WebPage","@id":"https:\/\/www.transforwarding.cz\/sklad-ceske-budejovice\/","url":"https:\/\/www.transforwarding.cz\/sklad-ceske-budejovice\/","name":"Sklad \u010cesk\u00e9 Bud\u011bjovice - Transforwarding","isPartOf":{"@id":"https:\/\/www.transforwarding.cz\/#website"},"datePublished":"2019-03-26T12:37:17+00:00","dateModified":"2019-03-26T12:38:35+00:00","breadcrumb":{"@id":"https:\/\/www.transforwarding.cz\/sklad-ceske-budejovice\/#breadcrumb"},"inLanguage":"en-US, en-UK","potentialAction":[{"@type":"ReadAction","target":["https:\/\/www.transforwarding.cz\/sklad-ceske-budejovice\/"]}]},{"@type":"BreadcrumbList","@id":"https:\/\/www.transforwarding.cz\/sklad-ceske-budejovice\/#breadcrumb","itemListElement":[{"@type":"ListItem","position":1,"name":"Dom\u016f","item":"https:\/\/www.transforwarding.cz\/"},{"@type":"ListItem","position":2,"name":"Sklad \u010cesk\u00e9 Bud\u011bjovice"}]},{"@type":"WebSite","@id":"https:\/\/www.transforwarding.cz\/#website","url":"https:\/\/www.transforwarding.cz\/","name":"Transforwarding a.s.","description":"Forwarding and Business","publisher":{"@id":"https:\/\/www.transforwarding.cz\/#organization"},"potentialAction":[{"@type":"SearchAction","target":{"@type":"EntryPoint","urlTemplate":"https:\/\/www.transforwarding.cz\/?s={search_term_string}"},"query-input":{"@type":"PropertyValueSpecification","valueRequired":true,"valueName":"search_term_string"}}],"inLanguage":"en-US, en-UK"},{"@type":"Organization","@id":"https:\/\/www.transforwarding.cz\/#organization","name":"Transforwarding a.s.","url":"https:\/\/www.transforwarding.cz\/","logo":{"@type":"ImageObject","inLanguage":"en-US, en-UK","@id":"https:\/\/www.transforwarding.cz\/#\/schema\/logo\/image\/","url":"https:\/\/www.transforwarding.cz\/wp-content\/uploads\/2018\/12\/logo_trafo_CZ2018-500px.png","contentUrl":"https:\/\/www.transforwarding.cz\/wp-content\/uploads\/2018\/12\/logo_trafo_CZ2018-500px.png","width":500,"height":92,"caption":"Transforwarding a.s."},"image":{"@id":"https:\/\/www.transforwarding.cz\/#\/schema\/logo\/image\/"}}]}},"_links":{"self":[{"href":"https:\/\/www.transforwarding.cz\/en\/wp-json\/wp\/v2\/pages\/795","targetHints":{"allow":["GET"]}}],"collection":[{"href":"https:\/\/www.transforwarding.cz\/en\/wp-json\/wp\/v2\/pages"}],"about":[{"href":"https:\/\/www.transforwarding.cz\/en\/wp-json\/wp\/v2\/types\/page"}],"author":[{"embeddable":true,"href":"https:\/\/www.transforwarding.cz\/en\/wp-json\/wp\/v2\/users\/4"}],"replies":[{"embeddable":true,"href":"https:\/\/www.transforwarding.cz\/en\/wp-json\/wp\/v2\/comments?post=795"}],"version-history":[{"count":2,"href":"https:\/\/www.transforwarding.cz\/en\/wp-json\/wp\/v2\/pages\/795\/revisions"}],"predecessor-version":[{"id":797,"href":"https:\/\/www.transforwarding.cz\/en\/wp-json\/wp\/v2\/pages\/795\/revisions\/797"}],"wp:attachment":[{"href":"https:\/\/www.transforwarding.cz\/en\/wp-json\/wp\/v2\/media?parent=795"}],"curies":[{"name":"wp","href":"https:\/\/api.w.org\/{rel}","templated":true}]}}