{"id":34,"date":"2017-09-19T14:02:24","date_gmt":"2017-09-19T12:02:24","guid":{"rendered":"http:\/\/www.transforwarding.cz\/2017\/?page_id=34"},"modified":"2024-08-19T15:59:24","modified_gmt":"2024-08-19T13:59:24","slug":"mezinarodni-silnicni-preprava-zasilek","status":"publish","type":"page","link":"https:\/\/www.transforwarding.cz\/en\/mezinarodni-silnicni-preprava-zasilek\/","title":{"rendered":"International Transport"},"content":{"rendered":"<div class=\"wp-block-image\">\n<figure class=\"alignright\"><img loading=\"lazy\" decoding=\"async\" width=\"300\" height=\"243\" src=\"http:\/\/www.transforwarding.cz\/wp-content\/uploads\/2019\/05\/ctverec-kamion-300x243.jpg\" alt=\"\" class=\"wp-image-1078\" srcset=\"https:\/\/www.transforwarding.cz\/wp-content\/uploads\/2019\/05\/ctverec-kamion-300x243.jpg 300w, https:\/\/www.transforwarding.cz\/wp-content\/uploads\/2019\/05\/ctverec-kamion-768x622.jpg 768w, https:\/\/www.transforwarding.cz\/wp-content\/uploads\/2019\/05\/ctverec-kamion-1024x829.jpg 1024w, https:\/\/www.transforwarding.cz\/wp-content\/uploads\/2019\/05\/ctverec-kamion.jpg 1432w\" sizes=\"auto, (max-width: 300px) 100vw, 300px\" \/><\/figure><\/div>\n\n\n<p>\u2022    International Road Transport \u2013 Groupage service for consignments up to 2000 kg<br>\n\u2022    extensive European partner network <br>\n\u2022    daily collections \/ deliveries<br>\n\u2022    regular departures og groupage lines \u2013 import and export<br>\n\u2022    LTL and FTL transports<br>\n\u2022    ADR transports<br>\n\u2022    Express transports<br>\n\u2022    Insurance of goods<\/p>\n\n\n\n<p>We will arrange the transport of your consignment on your written order with due care as a forwarder in the sense of \u00a7 2471 and subsequently of the Civil Code as amended and in accordance with the <a href=\"https:\/\/www.svazspedice.cz\/index.php\/dokumenty-ke-stazeni\/\" target=\"_blank\" rel=\"noreferrer noopener\">General Conditions of Freight Forwarding of the Association of Forwarding &amp; Logistics of the Czech Republic version 2014<\/a>. Contractual relations in road transport are also governed by the <a href=\"https:\/\/www.prodopravce.cz\/en\/general-conditions-of-carriage-of-the-association-of-road-transport-operators-cesmad-bohemia\" target=\"_blank\" rel=\"noreferrer noopener\">General Transport Conditions of the Association of Road Transport Operators \u010cESMAD BOHEMIA<\/a>.<\/p>\n\n\n\n<p>Any amendments to the already\napproved order are not accepted. Any proposed changes, additions and amendments\nfrom your side shall be considered entirely as a stimulus for further\ndiscussion about the content of the agreement until a new written and mutual\nagreement is achieved. This e-mail and any attached documents shall be\nconsidered as confidential and are intended only to its addressees.<\/p>\n\n\n\n<p>For the transport of goods, we\nrecommend to the client to conclude a Commodity Transport Insurance (more\ninformation on <a href=\"http:\/\/www.transforwarding.cz\/insurance\">www.transforwarding.cz\/insurance<\/a>). Based on your written request including insured value and\nthe kind of commodity, we will arrange this insurance on your behalf.<\/p>\n\n\n\n<p>The information about data protection\ncan be found on the website <a href=\"http:\/\/www.transforwarding.cz\/data-protection\">www.transforwarding.cz\/data-protection<\/a>.<\/p>\n\n\n\n<h5 class=\"wp-block-heading\">CONTACTS:<\/h5>\n\n\n\n<p>Phone sales department: +420 389 001 508, 509<br>E-mail:&nbsp;<a href=\"mailto:obchod@transforwarding.cz\">obchod@transforwarding.cz<\/a><\/p>\n","protected":false},"excerpt":{"rendered":"<p>\u2022 International Road Transport \u2013 Groupage service for consignments up to 2000 kg \u2022 extensive European partner network \u2022 daily collections \/ deliveries \u2022 regular departures og groupage lines \u2013 import and export \u2022 LTL and FTL transports \u2022 ADR transports \u2022 Express transports \u2022 Insurance of goods We will arrange the transport of your [&hellip;]<\/p>\n","protected":false},"author":4,"featured_media":0,"parent":0,"menu_order":0,"comment_status":"closed","ping_status":"closed","template":"","meta":{"footnotes":""},"class_list":["post-34","page","type-page","status-publish","hentry"],"translation":{"provider":"WPGlobus","version":"3.0.2","language":"en","enabled_languages":["cz","en","de"],"languages":{"cz":{"title":true,"content":true,"excerpt":false},"en":{"title":true,"content":true,"excerpt":false},"de":{"title":true,"content":true,"excerpt":false}}},"yoast_head":"<!-- This site is optimized with the Yoast SEO plugin v27.4 - https:\/\/yoast.com\/product\/yoast-seo-wordpress\/ -->\n<title>International Transport - Transforwarding<\/title>\n<meta name=\"robots\" content=\"index, follow, max-snippet:-1, max-image-preview:large, max-video-preview:-1\" \/>\n<link rel=\"canonical\" href=\"https:\/\/www.transforwarding.cz\/mezinarodni-silnicni-preprava-zasilek\/\" \/>\n<meta property=\"og:locale\" content=\"en_US\" \/>\n<meta property=\"og:type\" content=\"article\" \/>\n<meta property=\"og:title\" content=\"International Transport - Transforwarding\" \/>\n<meta property=\"og:url\" content=\"https:\/\/www.transforwarding.cz\/mezinarodni-silnicni-preprava-zasilek\/\" \/>\n<meta property=\"og:site_name\" content=\"Transforwarding\" \/>\n<meta property=\"article:modified_time\" content=\"2024-08-19T13:59:24+00:00\" \/>\n<meta property=\"og:image\" content=\"http:\/\/www.transforwarding.cz\/wp-content\/uploads\/2019\/04\/preprava_doprava_zasilek_sberna_sluzba.jpg\" \/>\n<meta name=\"twitter:card\" content=\"summary_large_image\" \/>\n<meta name=\"twitter:label1\" content=\"Est. reading time\" \/>\n\t<meta name=\"twitter:data1\" content=\"2 minutes\" \/>\n<script type=\"application\/ld+json\" class=\"yoast-schema-graph\">{\"@context\":\"https:\\\/\\\/schema.org\",\"@graph\":[{\"@type\":\"WebPage\",\"@id\":\"https:\\\/\\\/www.transforwarding.cz\\\/mezinarodni-silnicni-preprava-zasilek\\\/\",\"url\":\"https:\\\/\\\/www.transforwarding.cz\\\/mezinarodni-silnicni-preprava-zasilek\\\/\",\"name\":\"International Transport - Transforwarding\",\"isPartOf\":{\"@id\":\"https:\\\/\\\/www.transforwarding.cz\\\/#website\"},\"primaryImageOfPage\":{\"@id\":\"https:\\\/\\\/www.transforwarding.cz\\\/mezinarodni-silnicni-preprava-zasilek\\\/#primaryimage\"},\"image\":{\"@id\":\"https:\\\/\\\/www.transforwarding.cz\\\/mezinarodni-silnicni-preprava-zasilek\\\/#primaryimage\"},\"thumbnailUrl\":\"http:\\\/\\\/www.transforwarding.cz\\\/wp-content\\\/uploads\\\/2019\\\/04\\\/preprava_doprava_zasilek_sberna_sluzba.jpg\",\"datePublished\":\"2017-09-19T12:02:24+00:00\",\"dateModified\":\"2024-08-19T13:59:24+00:00\",\"breadcrumb\":{\"@id\":\"https:\\\/\\\/www.transforwarding.cz\\\/mezinarodni-silnicni-preprava-zasilek\\\/#breadcrumb\"},\"inLanguage\":\"en-US, en-UK\",\"potentialAction\":[{\"@type\":\"ReadAction\",\"target\":[\"https:\\\/\\\/www.transforwarding.cz\\\/mezinarodni-silnicni-preprava-zasilek\\\/\"]}]},{\"@type\":\"ImageObject\",\"inLanguage\":\"en-US, en-UK\",\"@id\":\"https:\\\/\\\/www.transforwarding.cz\\\/mezinarodni-silnicni-preprava-zasilek\\\/#primaryimage\",\"url\":\"http:\\\/\\\/www.transforwarding.cz\\\/wp-content\\\/uploads\\\/2019\\\/04\\\/preprava_doprava_zasilek_sberna_sluzba.jpg\",\"contentUrl\":\"http:\\\/\\\/www.transforwarding.cz\\\/wp-content\\\/uploads\\\/2019\\\/04\\\/preprava_doprava_zasilek_sberna_sluzba.jpg\"},{\"@type\":\"BreadcrumbList\",\"@id\":\"https:\\\/\\\/www.transforwarding.cz\\\/mezinarodni-silnicni-preprava-zasilek\\\/#breadcrumb\",\"itemListElement\":[{\"@type\":\"ListItem\",\"position\":1,\"name\":\"Dom\u016f\",\"item\":\"https:\\\/\\\/www.transforwarding.cz\\\/\"},{\"@type\":\"ListItem\",\"position\":2,\"name\":\"Mezin\u00e1rodn\u00ed silni\u010dn\u00ed p\u0159eprava\"}]},{\"@type\":\"WebSite\",\"@id\":\"https:\\\/\\\/www.transforwarding.cz\\\/#website\",\"url\":\"https:\\\/\\\/www.transforwarding.cz\\\/\",\"name\":\"Transforwarding a.s.\",\"description\":\"Forwarding and Business\",\"publisher\":{\"@id\":\"https:\\\/\\\/www.transforwarding.cz\\\/#organization\"},\"potentialAction\":[{\"@type\":\"SearchAction\",\"target\":{\"@type\":\"EntryPoint\",\"urlTemplate\":\"https:\\\/\\\/www.transforwarding.cz\\\/?s={search_term_string}\"},\"query-input\":{\"@type\":\"PropertyValueSpecification\",\"valueRequired\":true,\"valueName\":\"search_term_string\"}}],\"inLanguage\":\"en-US, en-UK\"},{\"@type\":\"Organization\",\"@id\":\"https:\\\/\\\/www.transforwarding.cz\\\/#organization\",\"name\":\"Transforwarding a.s.\",\"url\":\"https:\\\/\\\/www.transforwarding.cz\\\/\",\"logo\":{\"@type\":\"ImageObject\",\"inLanguage\":\"en-US, en-UK\",\"@id\":\"https:\\\/\\\/www.transforwarding.cz\\\/#\\\/schema\\\/logo\\\/image\\\/\",\"url\":\"https:\\\/\\\/www.transforwarding.cz\\\/wp-content\\\/uploads\\\/2018\\\/12\\\/logo_trafo_CZ2018-500px.png\",\"contentUrl\":\"https:\\\/\\\/www.transforwarding.cz\\\/wp-content\\\/uploads\\\/2018\\\/12\\\/logo_trafo_CZ2018-500px.png\",\"width\":500,\"height\":92,\"caption\":\"Transforwarding a.s.\"},\"image\":{\"@id\":\"https:\\\/\\\/www.transforwarding.cz\\\/#\\\/schema\\\/logo\\\/image\\\/\"}}]}<\/script>\n<!-- \/ Yoast SEO plugin. -->","yoast_head_json":{"title":"International Transport - Transforwarding","robots":{"index":"index","follow":"follow","max-snippet":"max-snippet:-1","max-image-preview":"max-image-preview:large","max-video-preview":"max-video-preview:-1"},"canonical":"https:\/\/www.transforwarding.cz\/mezinarodni-silnicni-preprava-zasilek\/","og_locale":"en_US","og_type":"article","og_title":"International Transport - Transforwarding","og_url":"https:\/\/www.transforwarding.cz\/mezinarodni-silnicni-preprava-zasilek\/","og_site_name":"Transforwarding","article_modified_time":"2024-08-19T13:59:24+00:00","og_image":[{"url":"http:\/\/www.transforwarding.cz\/wp-content\/uploads\/2019\/04\/preprava_doprava_zasilek_sberna_sluzba.jpg","type":"","width":"","height":""}],"twitter_card":"summary_large_image","twitter_misc":{"Est. reading time":"2 minutes"},"schema":{"@context":"https:\/\/schema.org","@graph":[{"@type":"WebPage","@id":"https:\/\/www.transforwarding.cz\/mezinarodni-silnicni-preprava-zasilek\/","url":"https:\/\/www.transforwarding.cz\/mezinarodni-silnicni-preprava-zasilek\/","name":"International Transport - Transforwarding","isPartOf":{"@id":"https:\/\/www.transforwarding.cz\/#website"},"primaryImageOfPage":{"@id":"https:\/\/www.transforwarding.cz\/mezinarodni-silnicni-preprava-zasilek\/#primaryimage"},"image":{"@id":"https:\/\/www.transforwarding.cz\/mezinarodni-silnicni-preprava-zasilek\/#primaryimage"},"thumbnailUrl":"http:\/\/www.transforwarding.cz\/wp-content\/uploads\/2019\/04\/preprava_doprava_zasilek_sberna_sluzba.jpg","datePublished":"2017-09-19T12:02:24+00:00","dateModified":"2024-08-19T13:59:24+00:00","breadcrumb":{"@id":"https:\/\/www.transforwarding.cz\/mezinarodni-silnicni-preprava-zasilek\/#breadcrumb"},"inLanguage":"en-US, en-UK","potentialAction":[{"@type":"ReadAction","target":["https:\/\/www.transforwarding.cz\/mezinarodni-silnicni-preprava-zasilek\/"]}]},{"@type":"ImageObject","inLanguage":"en-US, en-UK","@id":"https:\/\/www.transforwarding.cz\/mezinarodni-silnicni-preprava-zasilek\/#primaryimage","url":"http:\/\/www.transforwarding.cz\/wp-content\/uploads\/2019\/04\/preprava_doprava_zasilek_sberna_sluzba.jpg","contentUrl":"http:\/\/www.transforwarding.cz\/wp-content\/uploads\/2019\/04\/preprava_doprava_zasilek_sberna_sluzba.jpg"},{"@type":"BreadcrumbList","@id":"https:\/\/www.transforwarding.cz\/mezinarodni-silnicni-preprava-zasilek\/#breadcrumb","itemListElement":[{"@type":"ListItem","position":1,"name":"Dom\u016f","item":"https:\/\/www.transforwarding.cz\/"},{"@type":"ListItem","position":2,"name":"Mezin\u00e1rodn\u00ed silni\u010dn\u00ed p\u0159eprava"}]},{"@type":"WebSite","@id":"https:\/\/www.transforwarding.cz\/#website","url":"https:\/\/www.transforwarding.cz\/","name":"Transforwarding a.s.","description":"Forwarding and Business","publisher":{"@id":"https:\/\/www.transforwarding.cz\/#organization"},"potentialAction":[{"@type":"SearchAction","target":{"@type":"EntryPoint","urlTemplate":"https:\/\/www.transforwarding.cz\/?s={search_term_string}"},"query-input":{"@type":"PropertyValueSpecification","valueRequired":true,"valueName":"search_term_string"}}],"inLanguage":"en-US, en-UK"},{"@type":"Organization","@id":"https:\/\/www.transforwarding.cz\/#organization","name":"Transforwarding a.s.","url":"https:\/\/www.transforwarding.cz\/","logo":{"@type":"ImageObject","inLanguage":"en-US, en-UK","@id":"https:\/\/www.transforwarding.cz\/#\/schema\/logo\/image\/","url":"https:\/\/www.transforwarding.cz\/wp-content\/uploads\/2018\/12\/logo_trafo_CZ2018-500px.png","contentUrl":"https:\/\/www.transforwarding.cz\/wp-content\/uploads\/2018\/12\/logo_trafo_CZ2018-500px.png","width":500,"height":92,"caption":"Transforwarding a.s."},"image":{"@id":"https:\/\/www.transforwarding.cz\/#\/schema\/logo\/image\/"}}]}},"_links":{"self":[{"href":"https:\/\/www.transforwarding.cz\/en\/wp-json\/wp\/v2\/pages\/34","targetHints":{"allow":["GET"]}}],"collection":[{"href":"https:\/\/www.transforwarding.cz\/en\/wp-json\/wp\/v2\/pages"}],"about":[{"href":"https:\/\/www.transforwarding.cz\/en\/wp-json\/wp\/v2\/types\/page"}],"author":[{"embeddable":true,"href":"https:\/\/www.transforwarding.cz\/en\/wp-json\/wp\/v2\/users\/4"}],"replies":[{"embeddable":true,"href":"https:\/\/www.transforwarding.cz\/en\/wp-json\/wp\/v2\/comments?post=34"}],"version-history":[{"count":36,"href":"https:\/\/www.transforwarding.cz\/en\/wp-json\/wp\/v2\/pages\/34\/revisions"}],"predecessor-version":[{"id":12522,"href":"https:\/\/www.transforwarding.cz\/en\/wp-json\/wp\/v2\/pages\/34\/revisions\/12522"}],"wp:attachment":[{"href":"https:\/\/www.transforwarding.cz\/en\/wp-json\/wp\/v2\/media?parent=34"}],"curies":[{"name":"wp","href":"https:\/\/api.w.org\/{rel}","templated":true}]}}