{"id":115,"date":"2018-08-28T13:28:22","date_gmt":"2018-08-28T11:28:22","guid":{"rendered":"http:\/\/www.transforwarding.cz\/2017\/?page_id=115"},"modified":"2021-03-15T08:54:44","modified_gmt":"2021-03-15T07:54:44","slug":"namorni-letecka-zeleznicni-a-kombinovana-preprava-zasilek","status":"publish","type":"page","link":"https:\/\/www.transforwarding.cz\/en\/namorni-letecka-zeleznicni-a-kombinovana-preprava-zasilek\/","title":{"rendered":"Sea and Air Transport"},"content":{"rendered":"\n<h2 class=\"wp-block-heading\"> Sea Transport&nbsp; <\/h2>\n\n\n\n<div class=\"wp-block-image\"><figure class=\"alignright\"><img loading=\"lazy\" decoding=\"async\" width=\"300\" height=\"243\" src=\"http:\/\/www.transforwarding.cz\/wp-content\/uploads\/2019\/05\/ctverec-namorni-letecka-300x243.jpg\" alt=\"\" class=\"wp-image-1081\" srcset=\"https:\/\/www.transforwarding.cz\/wp-content\/uploads\/2019\/05\/ctverec-namorni-letecka-300x243.jpg 300w, https:\/\/www.transforwarding.cz\/wp-content\/uploads\/2019\/05\/ctverec-namorni-letecka-768x622.jpg 768w, https:\/\/www.transforwarding.cz\/wp-content\/uploads\/2019\/05\/ctverec-namorni-letecka-1024x829.jpg 1024w, https:\/\/www.transforwarding.cz\/wp-content\/uploads\/2019\/05\/ctverec-namorni-letecka.jpg 1432w\" sizes=\"auto, (max-width: 300px) 100vw, 300px\" \/><\/figure><\/div>\n\n\n\n<ul class=\"wp-block-list\"><li>Transport of  LCL and FCL consignments<\/li><li>  Cooperation with certified and renowned sea transport companies<\/li><li>  Reloading of consignments in the port<\/li><li>  Transport of containers from \/ to european ports<\/li><li>  Specialized container loadning \/ unloading<\/li><li>  Issue of see transport documents<\/li><li>  Customs services<\/li><li>  Insurance of the goods<\/li><li>  Consulting<\/li><\/ul>\n\n\n\n<h2 class=\"wp-block-heading\">Air Transport  <\/h2>\n\n\n\n<div class=\"wp-block-image\"><figure class=\"alignright\"><img loading=\"lazy\" decoding=\"async\" width=\"300\" height=\"133\" src=\"http:\/\/www.transforwarding.cz\/wp-content\/uploads\/2019\/01\/air-air-travel-airbus-358319-300x133.jpg\" alt=\"\" class=\"wp-image-470\" srcset=\"https:\/\/www.transforwarding.cz\/wp-content\/uploads\/2019\/01\/air-air-travel-airbus-358319-300x133.jpg 300w, https:\/\/www.transforwarding.cz\/wp-content\/uploads\/2019\/01\/air-air-travel-airbus-358319-768x341.jpg 768w, https:\/\/www.transforwarding.cz\/wp-content\/uploads\/2019\/01\/air-air-travel-airbus-358319-1024x455.jpg 1024w\" sizes=\"auto, (max-width: 300px) 100vw, 300px\" \/><\/figure><\/div>\n\n\n\n<ul class=\"wp-block-list\"><li>Air transport all over the world <\/li><li>Transport of consignments by renowned airlines<\/li><li>Special rates for express shipments (for spare parts, samples etc.)<\/li><li>Issue of air way bills (AWB)<\/li><li>Insurance of the goods<\/li><li>consulting<\/li><\/ul>\n\n\n\n<h3 class=\"wp-block-heading\">Contact<\/h3>\n\n\n\n<div class=\"wp-block-image\"><figure class=\"alignright size-large\"><a href=\"https:\/\/fiata.com\/\" target=\"_blank\" rel=\"noopener\"><img loading=\"lazy\" decoding=\"async\" width=\"230\" height=\"180\" src=\"http:\/\/www.transforwarding.cz\/wp-content\/uploads\/2021\/03\/fiata.jpg\" alt=\"FIATA\" class=\"wp-image-4790\"\/><\/a><\/figure><\/div>\n\n\n\n<p>Phone sales department: +420 389 001 508, 509, 401<br>E-mail:&nbsp;<a href=\"mailto:obchod@transforwarding.cz\">obchod@transforwarding.cz<\/a> <\/p>\n\n\n\n<p>Filip\nPokorn\u00fd &#8211; Disponent&nbsp;<br>\n<br>\nPhone: +420 389 001 158<br>\nE-mail:&nbsp;<a href=\"mailto:pokorny@transforwarding.cz\">pokorny@transforwarding.cz<\/a><\/p>\n","protected":false},"excerpt":{"rendered":"<p>Sea Transport&nbsp; Transport of LCL and FCL consignments Cooperation with certified and renowned sea transport companies Reloading of consignments in the port Transport of containers from \/ to european ports Specialized container loadning \/ unloading Issue of see transport documents Customs services Insurance of the goods Consulting Air Transport Air transport all over the world [&hellip;]<\/p>\n","protected":false},"author":4,"featured_media":0,"parent":0,"menu_order":0,"comment_status":"closed","ping_status":"closed","template":"","meta":{"footnotes":""},"class_list":["post-115","page","type-page","status-publish","hentry"],"translation":{"provider":"WPGlobus","version":"3.0.2","language":"en","enabled_languages":["cz","en","de"],"languages":{"cz":{"title":true,"content":true,"excerpt":false},"en":{"title":true,"content":true,"excerpt":false},"de":{"title":true,"content":true,"excerpt":false}}},"yoast_head":"<!-- This site is optimized with the Yoast SEO plugin v27.4 - https:\/\/yoast.com\/product\/yoast-seo-wordpress\/ -->\n<title>Sea and Air Transport - Transforwarding<\/title>\n<meta name=\"robots\" content=\"index, follow, max-snippet:-1, max-image-preview:large, max-video-preview:-1\" \/>\n<link rel=\"canonical\" href=\"https:\/\/www.transforwarding.cz\/namorni-letecka-zeleznicni-a-kombinovana-preprava-zasilek\/\" \/>\n<meta property=\"og:locale\" content=\"en_US\" \/>\n<meta property=\"og:type\" content=\"article\" \/>\n<meta property=\"og:title\" content=\"Sea and Air Transport - Transforwarding\" \/>\n<meta property=\"og:url\" content=\"https:\/\/www.transforwarding.cz\/namorni-letecka-zeleznicni-a-kombinovana-preprava-zasilek\/\" \/>\n<meta property=\"og:site_name\" content=\"Transforwarding\" \/>\n<meta property=\"article:modified_time\" content=\"2021-03-15T07:54:44+00:00\" \/>\n<meta property=\"og:image\" content=\"http:\/\/www.transforwarding.cz\/wp-content\/uploads\/2019\/01\/business-cargo-cargo-container-163726-300x177.jpg\" \/>\n<meta name=\"twitter:card\" content=\"summary_large_image\" \/>\n<meta name=\"twitter:label1\" content=\"Est. reading time\" \/>\n\t<meta name=\"twitter:data1\" content=\"2 minutes\" \/>\n<script type=\"application\/ld+json\" class=\"yoast-schema-graph\">{\"@context\":\"https:\\\/\\\/schema.org\",\"@graph\":[{\"@type\":\"WebPage\",\"@id\":\"https:\\\/\\\/www.transforwarding.cz\\\/namorni-letecka-zeleznicni-a-kombinovana-preprava-zasilek\\\/\",\"url\":\"https:\\\/\\\/www.transforwarding.cz\\\/namorni-letecka-zeleznicni-a-kombinovana-preprava-zasilek\\\/\",\"name\":\"Sea and Air Transport - Transforwarding\",\"isPartOf\":{\"@id\":\"https:\\\/\\\/www.transforwarding.cz\\\/#website\"},\"primaryImageOfPage\":{\"@id\":\"https:\\\/\\\/www.transforwarding.cz\\\/namorni-letecka-zeleznicni-a-kombinovana-preprava-zasilek\\\/#primaryimage\"},\"image\":{\"@id\":\"https:\\\/\\\/www.transforwarding.cz\\\/namorni-letecka-zeleznicni-a-kombinovana-preprava-zasilek\\\/#primaryimage\"},\"thumbnailUrl\":\"http:\\\/\\\/www.transforwarding.cz\\\/wp-content\\\/uploads\\\/2019\\\/01\\\/business-cargo-cargo-container-163726-300x177.jpg\",\"datePublished\":\"2018-08-28T11:28:22+00:00\",\"dateModified\":\"2021-03-15T07:54:44+00:00\",\"breadcrumb\":{\"@id\":\"https:\\\/\\\/www.transforwarding.cz\\\/namorni-letecka-zeleznicni-a-kombinovana-preprava-zasilek\\\/#breadcrumb\"},\"inLanguage\":\"en-US, en-UK\",\"potentialAction\":[{\"@type\":\"ReadAction\",\"target\":[\"https:\\\/\\\/www.transforwarding.cz\\\/namorni-letecka-zeleznicni-a-kombinovana-preprava-zasilek\\\/\"]}]},{\"@type\":\"ImageObject\",\"inLanguage\":\"en-US, en-UK\",\"@id\":\"https:\\\/\\\/www.transforwarding.cz\\\/namorni-letecka-zeleznicni-a-kombinovana-preprava-zasilek\\\/#primaryimage\",\"url\":\"http:\\\/\\\/www.transforwarding.cz\\\/wp-content\\\/uploads\\\/2019\\\/01\\\/business-cargo-cargo-container-163726-300x177.jpg\",\"contentUrl\":\"http:\\\/\\\/www.transforwarding.cz\\\/wp-content\\\/uploads\\\/2019\\\/01\\\/business-cargo-cargo-container-163726-300x177.jpg\"},{\"@type\":\"BreadcrumbList\",\"@id\":\"https:\\\/\\\/www.transforwarding.cz\\\/namorni-letecka-zeleznicni-a-kombinovana-preprava-zasilek\\\/#breadcrumb\",\"itemListElement\":[{\"@type\":\"ListItem\",\"position\":1,\"name\":\"Dom\u016f\",\"item\":\"https:\\\/\\\/www.transforwarding.cz\\\/\"},{\"@type\":\"ListItem\",\"position\":2,\"name\":\"N\u00e1mo\u0159n\u00ed a leteck\u00e1 p\u0159eprava\"}]},{\"@type\":\"WebSite\",\"@id\":\"https:\\\/\\\/www.transforwarding.cz\\\/#website\",\"url\":\"https:\\\/\\\/www.transforwarding.cz\\\/\",\"name\":\"Transforwarding a.s.\",\"description\":\"Forwarding and Business\",\"publisher\":{\"@id\":\"https:\\\/\\\/www.transforwarding.cz\\\/#organization\"},\"potentialAction\":[{\"@type\":\"SearchAction\",\"target\":{\"@type\":\"EntryPoint\",\"urlTemplate\":\"https:\\\/\\\/www.transforwarding.cz\\\/?s={search_term_string}\"},\"query-input\":{\"@type\":\"PropertyValueSpecification\",\"valueRequired\":true,\"valueName\":\"search_term_string\"}}],\"inLanguage\":\"en-US, en-UK\"},{\"@type\":\"Organization\",\"@id\":\"https:\\\/\\\/www.transforwarding.cz\\\/#organization\",\"name\":\"Transforwarding a.s.\",\"url\":\"https:\\\/\\\/www.transforwarding.cz\\\/\",\"logo\":{\"@type\":\"ImageObject\",\"inLanguage\":\"en-US, en-UK\",\"@id\":\"https:\\\/\\\/www.transforwarding.cz\\\/#\\\/schema\\\/logo\\\/image\\\/\",\"url\":\"https:\\\/\\\/www.transforwarding.cz\\\/wp-content\\\/uploads\\\/2018\\\/12\\\/logo_trafo_CZ2018-500px.png\",\"contentUrl\":\"https:\\\/\\\/www.transforwarding.cz\\\/wp-content\\\/uploads\\\/2018\\\/12\\\/logo_trafo_CZ2018-500px.png\",\"width\":500,\"height\":92,\"caption\":\"Transforwarding a.s.\"},\"image\":{\"@id\":\"https:\\\/\\\/www.transforwarding.cz\\\/#\\\/schema\\\/logo\\\/image\\\/\"}}]}<\/script>\n<!-- \/ Yoast SEO plugin. -->","yoast_head_json":{"title":"Sea and Air Transport - Transforwarding","robots":{"index":"index","follow":"follow","max-snippet":"max-snippet:-1","max-image-preview":"max-image-preview:large","max-video-preview":"max-video-preview:-1"},"canonical":"https:\/\/www.transforwarding.cz\/namorni-letecka-zeleznicni-a-kombinovana-preprava-zasilek\/","og_locale":"en_US","og_type":"article","og_title":"Sea and Air Transport - Transforwarding","og_url":"https:\/\/www.transforwarding.cz\/namorni-letecka-zeleznicni-a-kombinovana-preprava-zasilek\/","og_site_name":"Transforwarding","article_modified_time":"2021-03-15T07:54:44+00:00","og_image":[{"url":"http:\/\/www.transforwarding.cz\/wp-content\/uploads\/2019\/01\/business-cargo-cargo-container-163726-300x177.jpg","type":"","width":"","height":""}],"twitter_card":"summary_large_image","twitter_misc":{"Est. reading time":"2 minutes"},"schema":{"@context":"https:\/\/schema.org","@graph":[{"@type":"WebPage","@id":"https:\/\/www.transforwarding.cz\/namorni-letecka-zeleznicni-a-kombinovana-preprava-zasilek\/","url":"https:\/\/www.transforwarding.cz\/namorni-letecka-zeleznicni-a-kombinovana-preprava-zasilek\/","name":"Sea and Air Transport - Transforwarding","isPartOf":{"@id":"https:\/\/www.transforwarding.cz\/#website"},"primaryImageOfPage":{"@id":"https:\/\/www.transforwarding.cz\/namorni-letecka-zeleznicni-a-kombinovana-preprava-zasilek\/#primaryimage"},"image":{"@id":"https:\/\/www.transforwarding.cz\/namorni-letecka-zeleznicni-a-kombinovana-preprava-zasilek\/#primaryimage"},"thumbnailUrl":"http:\/\/www.transforwarding.cz\/wp-content\/uploads\/2019\/01\/business-cargo-cargo-container-163726-300x177.jpg","datePublished":"2018-08-28T11:28:22+00:00","dateModified":"2021-03-15T07:54:44+00:00","breadcrumb":{"@id":"https:\/\/www.transforwarding.cz\/namorni-letecka-zeleznicni-a-kombinovana-preprava-zasilek\/#breadcrumb"},"inLanguage":"en-US, en-UK","potentialAction":[{"@type":"ReadAction","target":["https:\/\/www.transforwarding.cz\/namorni-letecka-zeleznicni-a-kombinovana-preprava-zasilek\/"]}]},{"@type":"ImageObject","inLanguage":"en-US, en-UK","@id":"https:\/\/www.transforwarding.cz\/namorni-letecka-zeleznicni-a-kombinovana-preprava-zasilek\/#primaryimage","url":"http:\/\/www.transforwarding.cz\/wp-content\/uploads\/2019\/01\/business-cargo-cargo-container-163726-300x177.jpg","contentUrl":"http:\/\/www.transforwarding.cz\/wp-content\/uploads\/2019\/01\/business-cargo-cargo-container-163726-300x177.jpg"},{"@type":"BreadcrumbList","@id":"https:\/\/www.transforwarding.cz\/namorni-letecka-zeleznicni-a-kombinovana-preprava-zasilek\/#breadcrumb","itemListElement":[{"@type":"ListItem","position":1,"name":"Dom\u016f","item":"https:\/\/www.transforwarding.cz\/"},{"@type":"ListItem","position":2,"name":"N\u00e1mo\u0159n\u00ed a leteck\u00e1 p\u0159eprava"}]},{"@type":"WebSite","@id":"https:\/\/www.transforwarding.cz\/#website","url":"https:\/\/www.transforwarding.cz\/","name":"Transforwarding a.s.","description":"Forwarding and Business","publisher":{"@id":"https:\/\/www.transforwarding.cz\/#organization"},"potentialAction":[{"@type":"SearchAction","target":{"@type":"EntryPoint","urlTemplate":"https:\/\/www.transforwarding.cz\/?s={search_term_string}"},"query-input":{"@type":"PropertyValueSpecification","valueRequired":true,"valueName":"search_term_string"}}],"inLanguage":"en-US, en-UK"},{"@type":"Organization","@id":"https:\/\/www.transforwarding.cz\/#organization","name":"Transforwarding a.s.","url":"https:\/\/www.transforwarding.cz\/","logo":{"@type":"ImageObject","inLanguage":"en-US, en-UK","@id":"https:\/\/www.transforwarding.cz\/#\/schema\/logo\/image\/","url":"https:\/\/www.transforwarding.cz\/wp-content\/uploads\/2018\/12\/logo_trafo_CZ2018-500px.png","contentUrl":"https:\/\/www.transforwarding.cz\/wp-content\/uploads\/2018\/12\/logo_trafo_CZ2018-500px.png","width":500,"height":92,"caption":"Transforwarding a.s."},"image":{"@id":"https:\/\/www.transforwarding.cz\/#\/schema\/logo\/image\/"}}]}},"_links":{"self":[{"href":"https:\/\/www.transforwarding.cz\/en\/wp-json\/wp\/v2\/pages\/115","targetHints":{"allow":["GET"]}}],"collection":[{"href":"https:\/\/www.transforwarding.cz\/en\/wp-json\/wp\/v2\/pages"}],"about":[{"href":"https:\/\/www.transforwarding.cz\/en\/wp-json\/wp\/v2\/types\/page"}],"author":[{"embeddable":true,"href":"https:\/\/www.transforwarding.cz\/en\/wp-json\/wp\/v2\/users\/4"}],"replies":[{"embeddable":true,"href":"https:\/\/www.transforwarding.cz\/en\/wp-json\/wp\/v2\/comments?post=115"}],"version-history":[{"count":31,"href":"https:\/\/www.transforwarding.cz\/en\/wp-json\/wp\/v2\/pages\/115\/revisions"}],"predecessor-version":[{"id":4845,"href":"https:\/\/www.transforwarding.cz\/en\/wp-json\/wp\/v2\/pages\/115\/revisions\/4845"}],"wp:attachment":[{"href":"https:\/\/www.transforwarding.cz\/en\/wp-json\/wp\/v2\/media?parent=115"}],"curies":[{"name":"wp","href":"https:\/\/api.w.org\/{rel}","templated":true}]}}