{"id":800,"date":"2019-03-26T14:15:46","date_gmt":"2019-03-26T13:15:46","guid":{"rendered":"http:\/\/www.transforwarding.cz\/?page_id=800"},"modified":"2019-05-28T10:19:57","modified_gmt":"2019-05-28T08:19:57","slug":"sklad-breclav","status":"publish","type":"page","link":"https:\/\/www.transforwarding.cz\/de\/sklad-breclav\/","title":{"rendered":"Lager B\u0159eclav"},"content":{"rendered":"\n<p><strong>Transforwarding a.s. <\/strong>Niederlassung B\u0159eclav<br>are\u00e1l MUNA, Po\u0161torn\u00e1, 691 41 B\u0158ECLAV <br><\/p>\n\n\n\n<p>Telefon: +420 519 326 157<br>Fax: +420 519 326 074<br>E-mail:&nbsp;<a href=\"mailto:breclav@transforwarding.cz\">breclav@transforwarding.cz<\/a><\/p>\n\n\n\n<p>Das Zufahrt zum Lager ist von der Autobahn D2, Exit B\u0159eclav.<\/p>\n\n\n\n<h4 class=\"wp-block-heading\">BESCHREIBUNG VOM LAGER:<\/h4>\n\n\n\n<ul class=\"wp-block-list\"><li>Eine temperierte Halle mit Administration, die Lagerfl\u00e4che von 400 m2, mit einer Innenh\u00f6he von 3m.<br><\/li><li>Es werden die komplette Logistik-Dienstleistungen&nbsp;nach dem Bedarf des Kunden&nbsp;gew\u00e4hren, G\u00fctererfassung nach dem Kode des Kunden, die Applikation on-line Lager&nbsp;NETSPEDICE&nbsp;auf Webseiten.<br><\/li><li>Distribution innerhalb von 24 Stunden in der Tschechischen Republik, 48-72 Stunden in Slowakei, EU nach der Destination.<br><\/li><li>Alle Ware ist Versichert. <\/li><\/ul>\n\n\n\n<figure><iframe loading=\"lazy\" src=\"https:\/\/www.google.com\/maps\/embed?pb=!1m18!1m12!1m3!1d2631.393008155861!2d16.858107315670072!3d48.73618897927562!2m3!1f0!2f0!3f0!3m2!1i1024!2i768!4f13.1!3m3!1m2!1s0x476d2aa647465371%3A0xf86317da2777d25d!2sTransforwarding+a.s.+-+B%C5%99eclav!5e0!3m2!1scs!2scz!4v1543836596438\" width=\"100%\" height=\"350\" allowfullscreen=\"allowfullscreen\"><\/iframe><\/figure>\n","protected":false},"excerpt":{"rendered":"<p>Transforwarding a.s. Niederlassung B\u0159eclavare\u00e1l MUNA, Po\u0161torn\u00e1, 691 41 B\u0158ECLAV Telefon: +420 519 326 157Fax: +420 519 326 074E-mail:&nbsp;breclav@transforwarding.cz Das Zufahrt zum Lager ist von der Autobahn D2, Exit B\u0159eclav. BESCHREIBUNG VOM LAGER: Eine temperierte Halle mit Administration, die Lagerfl\u00e4che von 400 m2, mit einer Innenh\u00f6he von 3m. Es werden die komplette Logistik-Dienstleistungen&nbsp;nach dem Bedarf des [&hellip;]<\/p>\n","protected":false},"author":4,"featured_media":0,"parent":0,"menu_order":0,"comment_status":"closed","ping_status":"closed","template":"","meta":{"footnotes":""},"class_list":["post-800","page","type-page","status-publish","hentry"],"translation":{"provider":"WPGlobus","version":"3.0.2","language":"de","enabled_languages":["cz","en","de"],"languages":{"cz":{"title":true,"content":true,"excerpt":false},"en":{"title":true,"content":true,"excerpt":false},"de":{"title":true,"content":true,"excerpt":false}}},"yoast_head":"<!-- This site is optimized with the Yoast SEO plugin v27.5 - https:\/\/yoast.com\/product\/yoast-seo-wordpress\/ -->\n<title>Lager B\u0159eclav - Transforwarding<\/title>\n<meta name=\"robots\" content=\"index, follow, max-snippet:-1, max-image-preview:large, max-video-preview:-1\" \/>\n<link rel=\"canonical\" href=\"https:\/\/www.transforwarding.cz\/sklad-breclav\/\" \/>\n<meta property=\"og:locale\" content=\"de_DE\" \/>\n<meta property=\"og:type\" content=\"article\" \/>\n<meta property=\"og:title\" content=\"Lager B\u0159eclav - Transforwarding\" \/>\n<meta property=\"og:url\" content=\"https:\/\/www.transforwarding.cz\/sklad-breclav\/\" \/>\n<meta property=\"og:site_name\" content=\"Transforwarding\" \/>\n<meta property=\"article:modified_time\" content=\"2019-05-28T08:19:57+00:00\" \/>\n<meta name=\"twitter:card\" content=\"summary_large_image\" \/>\n<meta name=\"twitter:label1\" content=\"Est. reading time\" \/>\n\t<meta name=\"twitter:data1\" content=\"2 minutes\" \/>\n<script type=\"application\/ld+json\" class=\"yoast-schema-graph\">{\"@context\":\"https:\\\/\\\/schema.org\",\"@graph\":[{\"@type\":\"WebPage\",\"@id\":\"https:\\\/\\\/www.transforwarding.cz\\\/sklad-breclav\\\/\",\"url\":\"https:\\\/\\\/www.transforwarding.cz\\\/sklad-breclav\\\/\",\"name\":\"Lager B\u0159eclav - Transforwarding\",\"isPartOf\":{\"@id\":\"https:\\\/\\\/www.transforwarding.cz\\\/#website\"},\"datePublished\":\"2019-03-26T13:15:46+00:00\",\"dateModified\":\"2019-05-28T08:19:57+00:00\",\"breadcrumb\":{\"@id\":\"https:\\\/\\\/www.transforwarding.cz\\\/sklad-breclav\\\/#breadcrumb\"},\"inLanguage\":\"de-DE\",\"potentialAction\":[{\"@type\":\"ReadAction\",\"target\":[\"https:\\\/\\\/www.transforwarding.cz\\\/sklad-breclav\\\/\"]}]},{\"@type\":\"BreadcrumbList\",\"@id\":\"https:\\\/\\\/www.transforwarding.cz\\\/sklad-breclav\\\/#breadcrumb\",\"itemListElement\":[{\"@type\":\"ListItem\",\"position\":1,\"name\":\"Dom\u016f\",\"item\":\"https:\\\/\\\/www.transforwarding.cz\\\/\"},{\"@type\":\"ListItem\",\"position\":2,\"name\":\"Sklad B\u0159eclav\"}]},{\"@type\":\"WebSite\",\"@id\":\"https:\\\/\\\/www.transforwarding.cz\\\/#website\",\"url\":\"https:\\\/\\\/www.transforwarding.cz\\\/\",\"name\":\"Transforwarding a.s.\",\"description\":\"Spedition und Handel\",\"publisher\":{\"@id\":\"https:\\\/\\\/www.transforwarding.cz\\\/#organization\"},\"potentialAction\":[{\"@type\":\"SearchAction\",\"target\":{\"@type\":\"EntryPoint\",\"urlTemplate\":\"https:\\\/\\\/www.transforwarding.cz\\\/?s={search_term_string}\"},\"query-input\":{\"@type\":\"PropertyValueSpecification\",\"valueRequired\":true,\"valueName\":\"search_term_string\"}}],\"inLanguage\":\"de-DE\"},{\"@type\":\"Organization\",\"@id\":\"https:\\\/\\\/www.transforwarding.cz\\\/#organization\",\"name\":\"Transforwarding a.s.\",\"url\":\"https:\\\/\\\/www.transforwarding.cz\\\/\",\"logo\":{\"@type\":\"ImageObject\",\"inLanguage\":\"de-DE\",\"@id\":\"https:\\\/\\\/www.transforwarding.cz\\\/#\\\/schema\\\/logo\\\/image\\\/\",\"url\":\"https:\\\/\\\/www.transforwarding.cz\\\/wp-content\\\/uploads\\\/2018\\\/12\\\/logo_trafo_CZ2018-500px.png\",\"contentUrl\":\"https:\\\/\\\/www.transforwarding.cz\\\/wp-content\\\/uploads\\\/2018\\\/12\\\/logo_trafo_CZ2018-500px.png\",\"width\":500,\"height\":92,\"caption\":\"Transforwarding a.s.\"},\"image\":{\"@id\":\"https:\\\/\\\/www.transforwarding.cz\\\/#\\\/schema\\\/logo\\\/image\\\/\"}}]}<\/script>\n<!-- \/ Yoast SEO plugin. -->","yoast_head_json":{"title":"Lager B\u0159eclav - Transforwarding","robots":{"index":"index","follow":"follow","max-snippet":"max-snippet:-1","max-image-preview":"max-image-preview:large","max-video-preview":"max-video-preview:-1"},"canonical":"https:\/\/www.transforwarding.cz\/sklad-breclav\/","og_locale":"de_DE","og_type":"article","og_title":"Lager B\u0159eclav - Transforwarding","og_url":"https:\/\/www.transforwarding.cz\/sklad-breclav\/","og_site_name":"Transforwarding","article_modified_time":"2019-05-28T08:19:57+00:00","twitter_card":"summary_large_image","twitter_misc":{"Est. reading time":"2 minutes"},"schema":{"@context":"https:\/\/schema.org","@graph":[{"@type":"WebPage","@id":"https:\/\/www.transforwarding.cz\/sklad-breclav\/","url":"https:\/\/www.transforwarding.cz\/sklad-breclav\/","name":"Lager B\u0159eclav - Transforwarding","isPartOf":{"@id":"https:\/\/www.transforwarding.cz\/#website"},"datePublished":"2019-03-26T13:15:46+00:00","dateModified":"2019-05-28T08:19:57+00:00","breadcrumb":{"@id":"https:\/\/www.transforwarding.cz\/sklad-breclav\/#breadcrumb"},"inLanguage":"de-DE","potentialAction":[{"@type":"ReadAction","target":["https:\/\/www.transforwarding.cz\/sklad-breclav\/"]}]},{"@type":"BreadcrumbList","@id":"https:\/\/www.transforwarding.cz\/sklad-breclav\/#breadcrumb","itemListElement":[{"@type":"ListItem","position":1,"name":"Dom\u016f","item":"https:\/\/www.transforwarding.cz\/"},{"@type":"ListItem","position":2,"name":"Sklad B\u0159eclav"}]},{"@type":"WebSite","@id":"https:\/\/www.transforwarding.cz\/#website","url":"https:\/\/www.transforwarding.cz\/","name":"Transforwarding a.s.","description":"Spedition und Handel","publisher":{"@id":"https:\/\/www.transforwarding.cz\/#organization"},"potentialAction":[{"@type":"SearchAction","target":{"@type":"EntryPoint","urlTemplate":"https:\/\/www.transforwarding.cz\/?s={search_term_string}"},"query-input":{"@type":"PropertyValueSpecification","valueRequired":true,"valueName":"search_term_string"}}],"inLanguage":"de-DE"},{"@type":"Organization","@id":"https:\/\/www.transforwarding.cz\/#organization","name":"Transforwarding a.s.","url":"https:\/\/www.transforwarding.cz\/","logo":{"@type":"ImageObject","inLanguage":"de-DE","@id":"https:\/\/www.transforwarding.cz\/#\/schema\/logo\/image\/","url":"https:\/\/www.transforwarding.cz\/wp-content\/uploads\/2018\/12\/logo_trafo_CZ2018-500px.png","contentUrl":"https:\/\/www.transforwarding.cz\/wp-content\/uploads\/2018\/12\/logo_trafo_CZ2018-500px.png","width":500,"height":92,"caption":"Transforwarding a.s."},"image":{"@id":"https:\/\/www.transforwarding.cz\/#\/schema\/logo\/image\/"}}]}},"_links":{"self":[{"href":"https:\/\/www.transforwarding.cz\/de\/wp-json\/wp\/v2\/pages\/800","targetHints":{"allow":["GET"]}}],"collection":[{"href":"https:\/\/www.transforwarding.cz\/de\/wp-json\/wp\/v2\/pages"}],"about":[{"href":"https:\/\/www.transforwarding.cz\/de\/wp-json\/wp\/v2\/types\/page"}],"author":[{"embeddable":true,"href":"https:\/\/www.transforwarding.cz\/de\/wp-json\/wp\/v2\/users\/4"}],"replies":[{"embeddable":true,"href":"https:\/\/www.transforwarding.cz\/de\/wp-json\/wp\/v2\/comments?post=800"}],"version-history":[{"count":10,"href":"https:\/\/www.transforwarding.cz\/de\/wp-json\/wp\/v2\/pages\/800\/revisions"}],"predecessor-version":[{"id":1132,"href":"https:\/\/www.transforwarding.cz\/de\/wp-json\/wp\/v2\/pages\/800\/revisions\/1132"}],"wp:attachment":[{"href":"https:\/\/www.transforwarding.cz\/de\/wp-json\/wp\/v2\/media?parent=800"}],"curies":[{"name":"wp","href":"https:\/\/api.w.org\/{rel}","templated":true}]}}