{"id":799,"date":"2019-05-07T09:11:22","date_gmt":"2019-05-07T07:11:22","guid":{"rendered":"http:\/\/www.transforwarding.cz\/?page_id=799"},"modified":"2021-10-18T13:53:06","modified_gmt":"2021-10-18T11:53:06","slug":"sklad-praha-9-horni-pocernice","status":"publish","type":"page","link":"https:\/\/www.transforwarding.cz\/de\/sklad-praha-9-horni-pocernice\/","title":{"rendered":"Lager Praha &#8211; Horn\u00ed Po\u010dernice"},"content":{"rendered":"\n<div class=\"wp-block-columns has-2-columns is-layout-flex wp-container-core-columns-is-layout-9d6595d7 wp-block-columns-is-layout-flex\">\n<div class=\"wp-block-column is-layout-flow wp-block-column-is-layout-flow\">\n<p><strong>Transforwarding a.s. <\/strong><br>Betriebsst\u00e4tte Praha 9 &#8211; Horn\u00ed Po\u010dernice<br>Do \u010certous 2635\/20 &#8211; areal VGP (Hall D1)<br>19300  Praha 9 &#8211; Horn\u00ed Po\u010dernice<\/p>\n\n\n\n<iframe loading=\"lazy\" style=\"border: 0;\" src=\"https:\/\/www.google.com\/maps\/embed?pb=!1m18!1m12!1m3!1d2558.029602771428!2d14.616832151202138!3d50.12316801867313!2m3!1f0!2f0!3f0!3m2!1i1024!2i768!4f13.1!3m3!1m2!1s0x470bf28c0ffc2097%3A0xc276892620bf48cf!2sTransforwarding+a.s.+-+Praha!5e0!3m2!1scs!2scz!4v1546414477963\" width=\"100%\" height=\"326\" frameborder=\"0\" allowfullscreen=\"allowfullscreen\"><\/iframe>\n\n\n\n<p> Zufahrt zum Lager ist von der Autobahn E65, die Richtung Mlada Boleslav, Exit Horni Pocernice, Radonice. <\/p>\n<\/div>\n\n\n\n<div class=\"wp-block-column is-layout-flow wp-block-column-is-layout-flow\">\n<p> <br>Telefon: +420 281 927 325, 322<br>Fax: +420 389 001 666<br>E-mail:\u00a0<a href=\"mailto:praha@transforwarding.cz\">praha@transforwarding.cz<\/a> <\/p>\n\n\n\n<figure class=\"wp-block-image\"><img loading=\"lazy\" decoding=\"async\" width=\"1024\" height=\"521\" src=\"http:\/\/www.transforwarding.cz\/wp-content\/uploads\/2019\/05\/Praha9TFW-1024x521.jpg\" alt=\"\" class=\"wp-image-988\" srcset=\"https:\/\/www.transforwarding.cz\/wp-content\/uploads\/2019\/05\/Praha9TFW-1024x521.jpg 1024w, https:\/\/www.transforwarding.cz\/wp-content\/uploads\/2019\/05\/Praha9TFW-300x153.jpg 300w, https:\/\/www.transforwarding.cz\/wp-content\/uploads\/2019\/05\/Praha9TFW-768x391.jpg 768w\" sizes=\"auto, (max-width: 1024px) 100vw, 1024px\" \/><\/figure>\n<\/div>\n<\/div>\n\n\n\n<h3 class=\"wp-block-heading\"> BESCHREIBUNG VOM LAGER: <\/h3>\n\n\n\n<ul class=\"wp-block-list\"><li>Neue moderne Lager in der Nahe von Autobahn. Eine beheizte Halle mit Administration, die Lagerfl\u00e4che von 2300m2, die Kapazit\u00e4t \u00fcber 3000 Pallet Pl\u00e4tze, mit einer Innenh\u00f6he von 11m, modernes Betonboden. Der Lager ist in zwei Drittel mit Aufh\u00e4ngung Rack-System mit der H\u00f6he von 8m Stiftung aufgebaut, ein Drittel ist als Umschlaglager f\u00fcr St\u00fcckgut verwendet.<br><\/li><li>Es werden die komplette Logistik-Dienstleistungen\u00a0nach dem Bedarf des Kunden\u00a0gew\u00e4hren, G\u00fctererfassung nach dem Kode des Kunden, G\u00fcterkontrolle im Lager mit Strichcodes, FIFO Garantie, die Applikation on-line Lager\u00a0NETSPEDICE\u00a0auf Webseiten.<br><\/li><li>Distribution innerhalb von 24 Stunden in der Tschechischen Republik, 48-72 Stunden in Slowakei, EU nach der Destination.<br><\/li><li>Die M\u00f6glichkeit von Verzollung, das\u00a0zust\u00e4ndige\u00a0Zollamt befindet sich in Hostiva\u0159.\u00a0 <br><\/li><li>Alle Ware ist Versichert.<\/li><\/ul>\n\n\n\n<p><\/p>\n\n\n<p><!--EndFragment--><br>\n<br>\n<\/p>","protected":false},"excerpt":{"rendered":"<p>Transforwarding a.s. Betriebsst\u00e4tte Praha 9 &#8211; Horn\u00ed Po\u010derniceDo \u010certous 2635\/20 &#8211; areal VGP (Hall D1)19300 Praha 9 &#8211; Horn\u00ed Po\u010dernice Zufahrt zum Lager ist von der Autobahn E65, die Richtung Mlada Boleslav, Exit Horni Pocernice, Radonice. Telefon: +420 281 927 325, 322Fax: +420 389 001 666E-mail:\u00a0praha@transforwarding.cz BESCHREIBUNG VOM LAGER: Neue moderne Lager in der Nahe [&hellip;]<\/p>\n","protected":false},"author":4,"featured_media":0,"parent":0,"menu_order":0,"comment_status":"closed","ping_status":"closed","template":"","meta":{"footnotes":""},"class_list":["post-799","page","type-page","status-publish","hentry"],"translation":{"provider":"WPGlobus","version":"3.0.2","language":"de","enabled_languages":["cz","en","de"],"languages":{"cz":{"title":true,"content":true,"excerpt":false},"en":{"title":true,"content":true,"excerpt":false},"de":{"title":true,"content":true,"excerpt":false}}},"yoast_head":"<!-- This site is optimized with the Yoast SEO plugin v27.3 - https:\/\/yoast.com\/product\/yoast-seo-wordpress\/ -->\n<title>Lager Praha - Horn\u00ed Po\u010dernice - Transforwarding<\/title>\n<meta name=\"robots\" content=\"index, follow, max-snippet:-1, max-image-preview:large, max-video-preview:-1\" \/>\n<link rel=\"canonical\" href=\"https:\/\/www.transforwarding.cz\/sklad-praha-9-horni-pocernice\/\" \/>\n<meta property=\"og:locale\" content=\"de_DE\" \/>\n<meta property=\"og:type\" content=\"article\" \/>\n<meta property=\"og:title\" content=\"Lager Praha - Horn\u00ed Po\u010dernice - Transforwarding\" \/>\n<meta property=\"og:url\" content=\"https:\/\/www.transforwarding.cz\/sklad-praha-9-horni-pocernice\/\" \/>\n<meta property=\"og:site_name\" content=\"Transforwarding\" \/>\n<meta property=\"article:modified_time\" content=\"2021-10-18T11:53:06+00:00\" \/>\n<meta property=\"og:image\" content=\"http:\/\/www.transforwarding.cz\/wp-content\/uploads\/2019\/05\/Praha9TFW-1024x521.jpg\" \/>\n<meta name=\"twitter:card\" content=\"summary_large_image\" \/>\n<meta name=\"twitter:label1\" content=\"Est. reading time\" \/>\n\t<meta name=\"twitter:data1\" content=\"1 minute\" \/>\n<script type=\"application\/ld+json\" class=\"yoast-schema-graph\">{\"@context\":\"https:\\\/\\\/schema.org\",\"@graph\":[{\"@type\":\"WebPage\",\"@id\":\"https:\\\/\\\/www.transforwarding.cz\\\/sklad-praha-9-horni-pocernice\\\/\",\"url\":\"https:\\\/\\\/www.transforwarding.cz\\\/sklad-praha-9-horni-pocernice\\\/\",\"name\":\"Lager Praha - Horn\u00ed Po\u010dernice - Transforwarding\",\"isPartOf\":{\"@id\":\"https:\\\/\\\/www.transforwarding.cz\\\/#website\"},\"primaryImageOfPage\":{\"@id\":\"https:\\\/\\\/www.transforwarding.cz\\\/sklad-praha-9-horni-pocernice\\\/#primaryimage\"},\"image\":{\"@id\":\"https:\\\/\\\/www.transforwarding.cz\\\/sklad-praha-9-horni-pocernice\\\/#primaryimage\"},\"thumbnailUrl\":\"http:\\\/\\\/www.transforwarding.cz\\\/wp-content\\\/uploads\\\/2019\\\/05\\\/Praha9TFW-1024x521.jpg\",\"datePublished\":\"2019-05-07T07:11:22+00:00\",\"dateModified\":\"2021-10-18T11:53:06+00:00\",\"breadcrumb\":{\"@id\":\"https:\\\/\\\/www.transforwarding.cz\\\/sklad-praha-9-horni-pocernice\\\/#breadcrumb\"},\"inLanguage\":\"de-DE\",\"potentialAction\":[{\"@type\":\"ReadAction\",\"target\":[\"https:\\\/\\\/www.transforwarding.cz\\\/sklad-praha-9-horni-pocernice\\\/\"]}]},{\"@type\":\"ImageObject\",\"inLanguage\":\"de-DE\",\"@id\":\"https:\\\/\\\/www.transforwarding.cz\\\/sklad-praha-9-horni-pocernice\\\/#primaryimage\",\"url\":\"http:\\\/\\\/www.transforwarding.cz\\\/wp-content\\\/uploads\\\/2019\\\/05\\\/Praha9TFW-1024x521.jpg\",\"contentUrl\":\"http:\\\/\\\/www.transforwarding.cz\\\/wp-content\\\/uploads\\\/2019\\\/05\\\/Praha9TFW-1024x521.jpg\"},{\"@type\":\"BreadcrumbList\",\"@id\":\"https:\\\/\\\/www.transforwarding.cz\\\/sklad-praha-9-horni-pocernice\\\/#breadcrumb\",\"itemListElement\":[{\"@type\":\"ListItem\",\"position\":1,\"name\":\"Dom\u016f\",\"item\":\"https:\\\/\\\/www.transforwarding.cz\\\/\"},{\"@type\":\"ListItem\",\"position\":2,\"name\":\"Sklad Praha 9 &#8211; Horn\u00ed Po\u010dernice\"}]},{\"@type\":\"WebSite\",\"@id\":\"https:\\\/\\\/www.transforwarding.cz\\\/#website\",\"url\":\"https:\\\/\\\/www.transforwarding.cz\\\/\",\"name\":\"Transforwarding a.s.\",\"description\":\"Spedition und Handel\",\"publisher\":{\"@id\":\"https:\\\/\\\/www.transforwarding.cz\\\/#organization\"},\"potentialAction\":[{\"@type\":\"SearchAction\",\"target\":{\"@type\":\"EntryPoint\",\"urlTemplate\":\"https:\\\/\\\/www.transforwarding.cz\\\/?s={search_term_string}\"},\"query-input\":{\"@type\":\"PropertyValueSpecification\",\"valueRequired\":true,\"valueName\":\"search_term_string\"}}],\"inLanguage\":\"de-DE\"},{\"@type\":\"Organization\",\"@id\":\"https:\\\/\\\/www.transforwarding.cz\\\/#organization\",\"name\":\"Transforwarding a.s.\",\"url\":\"https:\\\/\\\/www.transforwarding.cz\\\/\",\"logo\":{\"@type\":\"ImageObject\",\"inLanguage\":\"de-DE\",\"@id\":\"https:\\\/\\\/www.transforwarding.cz\\\/#\\\/schema\\\/logo\\\/image\\\/\",\"url\":\"https:\\\/\\\/www.transforwarding.cz\\\/wp-content\\\/uploads\\\/2018\\\/12\\\/logo_trafo_CZ2018-500px.png\",\"contentUrl\":\"https:\\\/\\\/www.transforwarding.cz\\\/wp-content\\\/uploads\\\/2018\\\/12\\\/logo_trafo_CZ2018-500px.png\",\"width\":500,\"height\":92,\"caption\":\"Transforwarding a.s.\"},\"image\":{\"@id\":\"https:\\\/\\\/www.transforwarding.cz\\\/#\\\/schema\\\/logo\\\/image\\\/\"}}]}<\/script>\n<!-- \/ Yoast SEO plugin. -->","yoast_head_json":{"title":"Lager Praha - Horn\u00ed Po\u010dernice - Transforwarding","robots":{"index":"index","follow":"follow","max-snippet":"max-snippet:-1","max-image-preview":"max-image-preview:large","max-video-preview":"max-video-preview:-1"},"canonical":"https:\/\/www.transforwarding.cz\/sklad-praha-9-horni-pocernice\/","og_locale":"de_DE","og_type":"article","og_title":"Lager Praha - Horn\u00ed Po\u010dernice - Transforwarding","og_url":"https:\/\/www.transforwarding.cz\/sklad-praha-9-horni-pocernice\/","og_site_name":"Transforwarding","article_modified_time":"2021-10-18T11:53:06+00:00","og_image":[{"url":"http:\/\/www.transforwarding.cz\/wp-content\/uploads\/2019\/05\/Praha9TFW-1024x521.jpg","type":"","width":"","height":""}],"twitter_card":"summary_large_image","twitter_misc":{"Est. reading time":"1 minute"},"schema":{"@context":"https:\/\/schema.org","@graph":[{"@type":"WebPage","@id":"https:\/\/www.transforwarding.cz\/sklad-praha-9-horni-pocernice\/","url":"https:\/\/www.transforwarding.cz\/sklad-praha-9-horni-pocernice\/","name":"Lager Praha - Horn\u00ed Po\u010dernice - Transforwarding","isPartOf":{"@id":"https:\/\/www.transforwarding.cz\/#website"},"primaryImageOfPage":{"@id":"https:\/\/www.transforwarding.cz\/sklad-praha-9-horni-pocernice\/#primaryimage"},"image":{"@id":"https:\/\/www.transforwarding.cz\/sklad-praha-9-horni-pocernice\/#primaryimage"},"thumbnailUrl":"http:\/\/www.transforwarding.cz\/wp-content\/uploads\/2019\/05\/Praha9TFW-1024x521.jpg","datePublished":"2019-05-07T07:11:22+00:00","dateModified":"2021-10-18T11:53:06+00:00","breadcrumb":{"@id":"https:\/\/www.transforwarding.cz\/sklad-praha-9-horni-pocernice\/#breadcrumb"},"inLanguage":"de-DE","potentialAction":[{"@type":"ReadAction","target":["https:\/\/www.transforwarding.cz\/sklad-praha-9-horni-pocernice\/"]}]},{"@type":"ImageObject","inLanguage":"de-DE","@id":"https:\/\/www.transforwarding.cz\/sklad-praha-9-horni-pocernice\/#primaryimage","url":"http:\/\/www.transforwarding.cz\/wp-content\/uploads\/2019\/05\/Praha9TFW-1024x521.jpg","contentUrl":"http:\/\/www.transforwarding.cz\/wp-content\/uploads\/2019\/05\/Praha9TFW-1024x521.jpg"},{"@type":"BreadcrumbList","@id":"https:\/\/www.transforwarding.cz\/sklad-praha-9-horni-pocernice\/#breadcrumb","itemListElement":[{"@type":"ListItem","position":1,"name":"Dom\u016f","item":"https:\/\/www.transforwarding.cz\/"},{"@type":"ListItem","position":2,"name":"Sklad Praha 9 &#8211; Horn\u00ed Po\u010dernice"}]},{"@type":"WebSite","@id":"https:\/\/www.transforwarding.cz\/#website","url":"https:\/\/www.transforwarding.cz\/","name":"Transforwarding a.s.","description":"Spedition und Handel","publisher":{"@id":"https:\/\/www.transforwarding.cz\/#organization"},"potentialAction":[{"@type":"SearchAction","target":{"@type":"EntryPoint","urlTemplate":"https:\/\/www.transforwarding.cz\/?s={search_term_string}"},"query-input":{"@type":"PropertyValueSpecification","valueRequired":true,"valueName":"search_term_string"}}],"inLanguage":"de-DE"},{"@type":"Organization","@id":"https:\/\/www.transforwarding.cz\/#organization","name":"Transforwarding a.s.","url":"https:\/\/www.transforwarding.cz\/","logo":{"@type":"ImageObject","inLanguage":"de-DE","@id":"https:\/\/www.transforwarding.cz\/#\/schema\/logo\/image\/","url":"https:\/\/www.transforwarding.cz\/wp-content\/uploads\/2018\/12\/logo_trafo_CZ2018-500px.png","contentUrl":"https:\/\/www.transforwarding.cz\/wp-content\/uploads\/2018\/12\/logo_trafo_CZ2018-500px.png","width":500,"height":92,"caption":"Transforwarding a.s."},"image":{"@id":"https:\/\/www.transforwarding.cz\/#\/schema\/logo\/image\/"}}]}},"_links":{"self":[{"href":"https:\/\/www.transforwarding.cz\/de\/wp-json\/wp\/v2\/pages\/799","targetHints":{"allow":["GET"]}}],"collection":[{"href":"https:\/\/www.transforwarding.cz\/de\/wp-json\/wp\/v2\/pages"}],"about":[{"href":"https:\/\/www.transforwarding.cz\/de\/wp-json\/wp\/v2\/types\/page"}],"author":[{"embeddable":true,"href":"https:\/\/www.transforwarding.cz\/de\/wp-json\/wp\/v2\/users\/4"}],"replies":[{"embeddable":true,"href":"https:\/\/www.transforwarding.cz\/de\/wp-json\/wp\/v2\/comments?post=799"}],"version-history":[{"count":6,"href":"https:\/\/www.transforwarding.cz\/de\/wp-json\/wp\/v2\/pages\/799\/revisions"}],"predecessor-version":[{"id":5789,"href":"https:\/\/www.transforwarding.cz\/de\/wp-json\/wp\/v2\/pages\/799\/revisions\/5789"}],"wp:attachment":[{"href":"https:\/\/www.transforwarding.cz\/de\/wp-json\/wp\/v2\/media?parent=799"}],"curies":[{"name":"wp","href":"https:\/\/api.w.org\/{rel}","templated":true}]}}