{"id":67,"date":"2017-09-27T12:53:00","date_gmt":"2017-09-27T10:53:00","guid":{"rendered":"http:\/\/www.transforwarding.cz\/2017\/?page_id=67"},"modified":"2019-05-28T09:45:35","modified_gmt":"2019-05-28T07:45:35","slug":"skladovani-logistika","status":"publish","type":"page","link":"https:\/\/www.transforwarding.cz\/de\/skladovani-logistika\/","title":{"rendered":"Lagerung und logistische Dienste"},"content":{"rendered":"\n<h3 class=\"wp-block-heading\">Lagerung und Logistikdienste sind in diesen Lagern gebetet:<\/h3>\n\n\n\n<div class=\"wp-block-image\"><figure class=\"alignright\"><img loading=\"lazy\" decoding=\"async\" width=\"300\" height=\"228\" src=\"http:\/\/www.transforwarding.cz\/wp-content\/uploads\/2019\/04\/skladovani_logistika.jpg\" alt=\"Skladov\u00e1n\u00ed, logistika a skladovac\u00ed slu\u017eby\" class=\"wp-image-849\"\/><\/figure><\/div>\n\n\n\n<p><a href=\"http:\/\/www.transforwarding.cz\/de\/sklad-ceske-budejovice\/\">\u010cesk\u00e9 Bud\u011bjovice<\/a><br><a href=\"http:\/\/www.transforwarding.cz\/de\/sklad-praha-9-horni-pocernice\/\">Praha 9 Horn\u00ed Po\u010dernice<\/a><br><a href=\"http:\/\/www.transforwarding.cz\/de\/sklad-breclav\/\">B\u0159eclav<\/a><\/p>\n\n\n\n<ul class=\"wp-block-list\"><li>Alle Lager sind als <strong>Distributionslagern mit kompletten Bedienungen<\/strong>&nbsp;von Ihrer Ware betreibt<\/li><li>Wir bieten moderne professionelle Logistikl\u00f6sung, die gro\u00dfe Anforderungen an den Umsatz der Waren im Lager Griff erm\u00f6glicht<\/li><li><strong>G\u00fctererfassung nach dem Kode des Kunden <\/strong>(leichte gegenseitige Kontrolle bei der Inventur), M\u00f6glichkeit von FIFO Erfassung&nbsp;(erste in Lager, erste aus Lager)<\/li><li>G\u00fcterkontrolle im Lager mit Strichcodes (aktuell Lager Praha und \u010cesk\u00e9 Bud\u011bjovice), Wireless Lagerf\u00fchrung, die M\u00f6glichkeit die G\u00fcterstichcodes benutzen, oder im Falle von FIFO wir dr\u00fccken unsere einmalig Strichcodes<\/li><li>Wir benutzen<strong>&nbsp;die Strichcodes<\/strong>&nbsp;vor allem f\u00fcr&nbsp;<strong>die Validation von Warenempfang&nbsp;und Expedition,&nbsp;<\/strong>was hilft uns die&nbsp;Qualit\u00e4t von unseren Lagerungdiensten gewinnen, nicht nur&nbsp;vereinfachen&nbsp;unsere Arbeit<\/li><li>Ausschlie\u00dflich \u00fcbliche <strong>Manipulation&nbsp;<\/strong>leisten wir auch&nbsp;<strong>Komplette G\u00fcterbedienung<\/strong>&nbsp;bestehend aus Empfangkontrolle von Zahl einzelner Arten und&nbsp;der <\/li><li>Sendungszustandes, Komplettierung von Sendungen, Packung, Bekleben&nbsp;und Etikettierung,&nbsp;Erg\u00e4nzung von Dokumenten, Garantiescheinen, Bedienungsanweisungen, der Lieferscheinen, alles ist m\u00f6glich dr\u00fccken,&nbsp;Kuvertierung, und andere Lagerdienste<br><\/li><li>Der Kunde hat die M\u00f6glichkeit von&nbsp;<strong>on-line G\u00fcterbewegung<\/strong>&nbsp;beim Aufladen und bei der Ausladung auf&nbsp;<strong>WWW-Seiten<\/strong>&nbsp;mit der Applikation NETSPEDICE zu kontrollieren,&nbsp;(bei der Eingabe seines pers\u00f6nlichen Kodes), wir empf\u00e4hlen auch die bei der Eingabe seines pers\u00f6nlichen Kodes realisieren (die Applikation&nbsp;weiter besteht aus dem eigenen Adressbuch, Track &amp; Trace, Transporthistorie, Preiskalkulation, den Druck von Etiketten und Listen von Auftr\u00e4gen, und andere)<br><\/li><li>Wir bieten die M\u00f6glichkeit von der elektronischen Kommunikation durch vereinbarten&nbsp;<strong>elektronischen Dateiaustausch EDI<\/strong>&nbsp;(Electronic Data Interchange) an<br><\/li><li>Alle Ware im Lager ist&nbsp;<strong>versichert<\/strong><br><\/li><li>Beim Aufladen von G\u00fctern aus dem Ausland k\u00f6nnen wir nach Bedarf des Kunden&nbsp;<strong>die Ware&nbsp;verzollen<\/strong><br><\/li><li>Wir bieten alle&nbsp;<strong>Verfrachtungdienste und Distribution von der Ware<\/strong>&nbsp;an,&nbsp;innerhalb von 24 Stunden in der Tschechischen Republik,&nbsp;48-72 Stunden in Slowakei, EU nach der Destination<br><\/li><li>Wir leisten allen logistischen Diensten nach dem Bedarf des Kunden dank unsere eigene Software und&nbsp;Entwicklungsabteilung <\/li><\/ul>\n\n\n\n<h4 class=\"wp-block-heading\">KONTAKT:<\/h4>\n\n\n\n<p>Tel: +420 389 001 508,&nbsp;+420 389 001&nbsp;509<br>Fax: +420 389 001 666<br>E-mail:&nbsp;<a href=\"mailto:obchod@transforwarding.cz\">obchod@transforwarding.cz<\/a><\/p>\n","protected":false},"excerpt":{"rendered":"<p>Lagerung und Logistikdienste sind in diesen Lagern gebetet: \u010cesk\u00e9 Bud\u011bjovicePraha 9 Horn\u00ed Po\u010derniceB\u0159eclav Alle Lager sind als Distributionslagern mit kompletten Bedienungen&nbsp;von Ihrer Ware betreibt Wir bieten moderne professionelle Logistikl\u00f6sung, die gro\u00dfe Anforderungen an den Umsatz der Waren im Lager Griff erm\u00f6glicht G\u00fctererfassung nach dem Kode des Kunden (leichte gegenseitige Kontrolle bei der Inventur), M\u00f6glichkeit von [&hellip;]<\/p>\n","protected":false},"author":4,"featured_media":0,"parent":0,"menu_order":0,"comment_status":"closed","ping_status":"closed","template":"","meta":{"footnotes":""},"class_list":["post-67","page","type-page","status-publish","hentry"],"translation":{"provider":"WPGlobus","version":"3.0.2","language":"de","enabled_languages":["cz","en","de"],"languages":{"cz":{"title":true,"content":true,"excerpt":false},"en":{"title":true,"content":true,"excerpt":false},"de":{"title":true,"content":true,"excerpt":false}}},"yoast_head":"<!-- This site is optimized with the Yoast SEO plugin v27.5 - https:\/\/yoast.com\/product\/yoast-seo-wordpress\/ -->\n<title>Lagerung und logistische Dienste - Transforwarding<\/title>\n<meta name=\"robots\" content=\"index, follow, max-snippet:-1, max-image-preview:large, max-video-preview:-1\" \/>\n<link rel=\"canonical\" href=\"https:\/\/www.transforwarding.cz\/skladovani-logistika\/\" \/>\n<meta property=\"og:locale\" content=\"de_DE\" \/>\n<meta property=\"og:type\" content=\"article\" \/>\n<meta property=\"og:title\" content=\"Lagerung und logistische Dienste - Transforwarding\" \/>\n<meta property=\"og:url\" content=\"https:\/\/www.transforwarding.cz\/skladovani-logistika\/\" \/>\n<meta property=\"og:site_name\" content=\"Transforwarding\" \/>\n<meta property=\"article:modified_time\" content=\"2019-05-28T07:45:35+00:00\" \/>\n<meta property=\"og:image\" content=\"http:\/\/www.transforwarding.cz\/wp-content\/uploads\/2019\/04\/skladovani_logistika_skladovaci_sluzby_palety.jpg\" \/>\n<meta name=\"twitter:card\" content=\"summary_large_image\" \/>\n<meta name=\"twitter:label1\" content=\"Est. reading time\" \/>\n\t<meta name=\"twitter:data1\" content=\"4 minutes\" \/>\n<script type=\"application\/ld+json\" class=\"yoast-schema-graph\">{\"@context\":\"https:\\\/\\\/schema.org\",\"@graph\":[{\"@type\":\"WebPage\",\"@id\":\"https:\\\/\\\/www.transforwarding.cz\\\/skladovani-logistika\\\/\",\"url\":\"https:\\\/\\\/www.transforwarding.cz\\\/skladovani-logistika\\\/\",\"name\":\"Lagerung und logistische Dienste - Transforwarding\",\"isPartOf\":{\"@id\":\"https:\\\/\\\/www.transforwarding.cz\\\/#website\"},\"primaryImageOfPage\":{\"@id\":\"https:\\\/\\\/www.transforwarding.cz\\\/skladovani-logistika\\\/#primaryimage\"},\"image\":{\"@id\":\"https:\\\/\\\/www.transforwarding.cz\\\/skladovani-logistika\\\/#primaryimage\"},\"thumbnailUrl\":\"http:\\\/\\\/www.transforwarding.cz\\\/wp-content\\\/uploads\\\/2019\\\/04\\\/skladovani_logistika_skladovaci_sluzby_palety.jpg\",\"datePublished\":\"2017-09-27T10:53:00+00:00\",\"dateModified\":\"2019-05-28T07:45:35+00:00\",\"breadcrumb\":{\"@id\":\"https:\\\/\\\/www.transforwarding.cz\\\/skladovani-logistika\\\/#breadcrumb\"},\"inLanguage\":\"de-DE\",\"potentialAction\":[{\"@type\":\"ReadAction\",\"target\":[\"https:\\\/\\\/www.transforwarding.cz\\\/skladovani-logistika\\\/\"]}]},{\"@type\":\"ImageObject\",\"inLanguage\":\"de-DE\",\"@id\":\"https:\\\/\\\/www.transforwarding.cz\\\/skladovani-logistika\\\/#primaryimage\",\"url\":\"http:\\\/\\\/www.transforwarding.cz\\\/wp-content\\\/uploads\\\/2019\\\/04\\\/skladovani_logistika_skladovaci_sluzby_palety.jpg\",\"contentUrl\":\"http:\\\/\\\/www.transforwarding.cz\\\/wp-content\\\/uploads\\\/2019\\\/04\\\/skladovani_logistika_skladovaci_sluzby_palety.jpg\"},{\"@type\":\"BreadcrumbList\",\"@id\":\"https:\\\/\\\/www.transforwarding.cz\\\/skladovani-logistika\\\/#breadcrumb\",\"itemListElement\":[{\"@type\":\"ListItem\",\"position\":1,\"name\":\"Dom\u016f\",\"item\":\"https:\\\/\\\/www.transforwarding.cz\\\/\"},{\"@type\":\"ListItem\",\"position\":2,\"name\":\"Skladov\u00e1n\u00ed a logistika\"}]},{\"@type\":\"WebSite\",\"@id\":\"https:\\\/\\\/www.transforwarding.cz\\\/#website\",\"url\":\"https:\\\/\\\/www.transforwarding.cz\\\/\",\"name\":\"Transforwarding a.s.\",\"description\":\"Spedition und Handel\",\"publisher\":{\"@id\":\"https:\\\/\\\/www.transforwarding.cz\\\/#organization\"},\"potentialAction\":[{\"@type\":\"SearchAction\",\"target\":{\"@type\":\"EntryPoint\",\"urlTemplate\":\"https:\\\/\\\/www.transforwarding.cz\\\/?s={search_term_string}\"},\"query-input\":{\"@type\":\"PropertyValueSpecification\",\"valueRequired\":true,\"valueName\":\"search_term_string\"}}],\"inLanguage\":\"de-DE\"},{\"@type\":\"Organization\",\"@id\":\"https:\\\/\\\/www.transforwarding.cz\\\/#organization\",\"name\":\"Transforwarding a.s.\",\"url\":\"https:\\\/\\\/www.transforwarding.cz\\\/\",\"logo\":{\"@type\":\"ImageObject\",\"inLanguage\":\"de-DE\",\"@id\":\"https:\\\/\\\/www.transforwarding.cz\\\/#\\\/schema\\\/logo\\\/image\\\/\",\"url\":\"https:\\\/\\\/www.transforwarding.cz\\\/wp-content\\\/uploads\\\/2018\\\/12\\\/logo_trafo_CZ2018-500px.png\",\"contentUrl\":\"https:\\\/\\\/www.transforwarding.cz\\\/wp-content\\\/uploads\\\/2018\\\/12\\\/logo_trafo_CZ2018-500px.png\",\"width\":500,\"height\":92,\"caption\":\"Transforwarding a.s.\"},\"image\":{\"@id\":\"https:\\\/\\\/www.transforwarding.cz\\\/#\\\/schema\\\/logo\\\/image\\\/\"}}]}<\/script>\n<!-- \/ Yoast SEO plugin. -->","yoast_head_json":{"title":"Lagerung und logistische Dienste - Transforwarding","robots":{"index":"index","follow":"follow","max-snippet":"max-snippet:-1","max-image-preview":"max-image-preview:large","max-video-preview":"max-video-preview:-1"},"canonical":"https:\/\/www.transforwarding.cz\/skladovani-logistika\/","og_locale":"de_DE","og_type":"article","og_title":"Lagerung und logistische Dienste - Transforwarding","og_url":"https:\/\/www.transforwarding.cz\/skladovani-logistika\/","og_site_name":"Transforwarding","article_modified_time":"2019-05-28T07:45:35+00:00","og_image":[{"url":"http:\/\/www.transforwarding.cz\/wp-content\/uploads\/2019\/04\/skladovani_logistika_skladovaci_sluzby_palety.jpg","type":"","width":"","height":""}],"twitter_card":"summary_large_image","twitter_misc":{"Est. reading time":"4 minutes"},"schema":{"@context":"https:\/\/schema.org","@graph":[{"@type":"WebPage","@id":"https:\/\/www.transforwarding.cz\/skladovani-logistika\/","url":"https:\/\/www.transforwarding.cz\/skladovani-logistika\/","name":"Lagerung und logistische Dienste - Transforwarding","isPartOf":{"@id":"https:\/\/www.transforwarding.cz\/#website"},"primaryImageOfPage":{"@id":"https:\/\/www.transforwarding.cz\/skladovani-logistika\/#primaryimage"},"image":{"@id":"https:\/\/www.transforwarding.cz\/skladovani-logistika\/#primaryimage"},"thumbnailUrl":"http:\/\/www.transforwarding.cz\/wp-content\/uploads\/2019\/04\/skladovani_logistika_skladovaci_sluzby_palety.jpg","datePublished":"2017-09-27T10:53:00+00:00","dateModified":"2019-05-28T07:45:35+00:00","breadcrumb":{"@id":"https:\/\/www.transforwarding.cz\/skladovani-logistika\/#breadcrumb"},"inLanguage":"de-DE","potentialAction":[{"@type":"ReadAction","target":["https:\/\/www.transforwarding.cz\/skladovani-logistika\/"]}]},{"@type":"ImageObject","inLanguage":"de-DE","@id":"https:\/\/www.transforwarding.cz\/skladovani-logistika\/#primaryimage","url":"http:\/\/www.transforwarding.cz\/wp-content\/uploads\/2019\/04\/skladovani_logistika_skladovaci_sluzby_palety.jpg","contentUrl":"http:\/\/www.transforwarding.cz\/wp-content\/uploads\/2019\/04\/skladovani_logistika_skladovaci_sluzby_palety.jpg"},{"@type":"BreadcrumbList","@id":"https:\/\/www.transforwarding.cz\/skladovani-logistika\/#breadcrumb","itemListElement":[{"@type":"ListItem","position":1,"name":"Dom\u016f","item":"https:\/\/www.transforwarding.cz\/"},{"@type":"ListItem","position":2,"name":"Skladov\u00e1n\u00ed a logistika"}]},{"@type":"WebSite","@id":"https:\/\/www.transforwarding.cz\/#website","url":"https:\/\/www.transforwarding.cz\/","name":"Transforwarding a.s.","description":"Spedition und Handel","publisher":{"@id":"https:\/\/www.transforwarding.cz\/#organization"},"potentialAction":[{"@type":"SearchAction","target":{"@type":"EntryPoint","urlTemplate":"https:\/\/www.transforwarding.cz\/?s={search_term_string}"},"query-input":{"@type":"PropertyValueSpecification","valueRequired":true,"valueName":"search_term_string"}}],"inLanguage":"de-DE"},{"@type":"Organization","@id":"https:\/\/www.transforwarding.cz\/#organization","name":"Transforwarding a.s.","url":"https:\/\/www.transforwarding.cz\/","logo":{"@type":"ImageObject","inLanguage":"de-DE","@id":"https:\/\/www.transforwarding.cz\/#\/schema\/logo\/image\/","url":"https:\/\/www.transforwarding.cz\/wp-content\/uploads\/2018\/12\/logo_trafo_CZ2018-500px.png","contentUrl":"https:\/\/www.transforwarding.cz\/wp-content\/uploads\/2018\/12\/logo_trafo_CZ2018-500px.png","width":500,"height":92,"caption":"Transforwarding a.s."},"image":{"@id":"https:\/\/www.transforwarding.cz\/#\/schema\/logo\/image\/"}}]}},"_links":{"self":[{"href":"https:\/\/www.transforwarding.cz\/de\/wp-json\/wp\/v2\/pages\/67","targetHints":{"allow":["GET"]}}],"collection":[{"href":"https:\/\/www.transforwarding.cz\/de\/wp-json\/wp\/v2\/pages"}],"about":[{"href":"https:\/\/www.transforwarding.cz\/de\/wp-json\/wp\/v2\/types\/page"}],"author":[{"embeddable":true,"href":"https:\/\/www.transforwarding.cz\/de\/wp-json\/wp\/v2\/users\/4"}],"replies":[{"embeddable":true,"href":"https:\/\/www.transforwarding.cz\/de\/wp-json\/wp\/v2\/comments?post=67"}],"version-history":[{"count":25,"href":"https:\/\/www.transforwarding.cz\/de\/wp-json\/wp\/v2\/pages\/67\/revisions"}],"predecessor-version":[{"id":1122,"href":"https:\/\/www.transforwarding.cz\/de\/wp-json\/wp\/v2\/pages\/67\/revisions\/1122"}],"wp:attachment":[{"href":"https:\/\/www.transforwarding.cz\/de\/wp-json\/wp\/v2\/media?parent=67"}],"curies":[{"name":"wp","href":"https:\/\/api.w.org\/{rel}","templated":true}]}}