{"id":65,"date":"2017-09-26T14:59:23","date_gmt":"2017-09-26T12:59:23","guid":{"rendered":"http:\/\/www.transforwarding.cz\/2017\/?page_id=65"},"modified":"2021-08-06T08:07:29","modified_gmt":"2021-08-06T06:07:29","slug":"vedeni-spolecnosti","status":"publish","type":"page","link":"https:\/\/www.transforwarding.cz\/de\/vedeni-spolecnosti\/","title":{"rendered":"F\u00fchrung der Gesellschaft"},"content":{"rendered":"<p>Vorstandsvorsitzende<br \/>\n<strong>Ing. Ladislav Pr\u016fcha<\/strong><br \/>\n<a href=\"mailto:prucha@transforwarding.cz\">prucha@transforwarding.cz<\/a><\/p>\n<p>Vorstandsmitglied<br \/>\n<strong>Ing. Nikola\u00a0Rybov\u00e1<\/strong><br \/>\n<a href=\"mailto:rybova@transforwarding.cz\">rybova@transforwarding.cz<\/a><\/p>\n<p>Management<br \/>\n<strong>Ing. Martin Straka &#8211; Senior Manager<\/strong><br \/>\n<a href=\"mailto:straka@transforwarding.cz\">straka@transforwarding.cz<\/a><\/p>\n<p>Management<br \/>\n<strong>Zuzana Vrko\u010dov\u00e1 &#8211; Verkaufsmanager<\/strong><br \/>\n<a href=\"mailto:vrkocova@transforwarding.cz\">vrkocova@transforwarding.cz<\/a><\/p>\n<p>Management<br \/>\n<strong>Ing. Daniela Zelendov\u00e1 &#8211; Finanzmanagerin<\/strong><br \/>\n<a href=\"mailto:zelendova@transforwarding.cz\">zelendova@transforwarding.cz<\/a><\/p>\n","protected":false},"excerpt":{"rendered":"<p>Vorstandsvorsitzende Ing. Ladislav Pr\u016fcha prucha@transforwarding.cz Vorstandsmitglied Ing. Nikola\u00a0Rybov\u00e1 rybova@transforwarding.cz Management Ing. Martin Straka &#8211; Senior Manager straka@transforwarding.cz Management Zuzana Vrko\u010dov\u00e1 &#8211; Verkaufsmanager vrkocova@transforwarding.cz Management Ing. Daniela Zelendov\u00e1 &#8211; Finanzmanagerin zelendova@transforwarding.cz<\/p>\n","protected":false},"author":4,"featured_media":0,"parent":0,"menu_order":0,"comment_status":"closed","ping_status":"closed","template":"","meta":{"footnotes":""},"class_list":["post-65","page","type-page","status-publish","hentry"],"translation":{"provider":"WPGlobus","version":"3.0.2","language":"de","enabled_languages":["cz","en","de"],"languages":{"cz":{"title":true,"content":true,"excerpt":false},"en":{"title":true,"content":true,"excerpt":false},"de":{"title":true,"content":true,"excerpt":false}}},"yoast_head":"<!-- This site is optimized with the Yoast SEO plugin v27.5 - https:\/\/yoast.com\/product\/yoast-seo-wordpress\/ -->\n<title>F\u00fchrung der Gesellschaft - Transforwarding<\/title>\n<meta name=\"robots\" content=\"index, follow, max-snippet:-1, max-image-preview:large, max-video-preview:-1\" \/>\n<link rel=\"canonical\" href=\"https:\/\/www.transforwarding.cz\/vedeni-spolecnosti\/\" \/>\n<meta property=\"og:locale\" content=\"de_DE\" \/>\n<meta property=\"og:type\" content=\"article\" \/>\n<meta property=\"og:title\" content=\"F\u00fchrung der Gesellschaft - Transforwarding\" \/>\n<meta property=\"og:url\" content=\"https:\/\/www.transforwarding.cz\/vedeni-spolecnosti\/\" \/>\n<meta property=\"og:site_name\" content=\"Transforwarding\" \/>\n<meta property=\"article:modified_time\" content=\"2021-08-06T06:07:29+00:00\" \/>\n<meta property=\"og:image\" content=\"http:\/\/www.transforwarding.cz\/wp-content\/uploads\/2019\/04\/pojisteni_zasilek_preprava-1.jpg\" \/>\n<meta name=\"twitter:card\" content=\"summary_large_image\" \/>\n<meta name=\"twitter:label1\" content=\"Est. reading time\" \/>\n\t<meta name=\"twitter:data1\" content=\"1 minute\" \/>\n<script type=\"application\/ld+json\" class=\"yoast-schema-graph\">{\"@context\":\"https:\\\/\\\/schema.org\",\"@graph\":[{\"@type\":\"WebPage\",\"@id\":\"https:\\\/\\\/www.transforwarding.cz\\\/vedeni-spolecnosti\\\/\",\"url\":\"https:\\\/\\\/www.transforwarding.cz\\\/vedeni-spolecnosti\\\/\",\"name\":\"F\u00fchrung der Gesellschaft - Transforwarding\",\"isPartOf\":{\"@id\":\"https:\\\/\\\/www.transforwarding.cz\\\/#website\"},\"primaryImageOfPage\":{\"@id\":\"https:\\\/\\\/www.transforwarding.cz\\\/vedeni-spolecnosti\\\/#primaryimage\"},\"image\":{\"@id\":\"https:\\\/\\\/www.transforwarding.cz\\\/vedeni-spolecnosti\\\/#primaryimage\"},\"thumbnailUrl\":\"http:\\\/\\\/www.transforwarding.cz\\\/wp-content\\\/uploads\\\/2019\\\/04\\\/pojisteni_zasilek_preprava-1.jpg\",\"datePublished\":\"2017-09-26T12:59:23+00:00\",\"dateModified\":\"2021-08-06T06:07:29+00:00\",\"breadcrumb\":{\"@id\":\"https:\\\/\\\/www.transforwarding.cz\\\/vedeni-spolecnosti\\\/#breadcrumb\"},\"inLanguage\":\"de-DE\",\"potentialAction\":[{\"@type\":\"ReadAction\",\"target\":[\"https:\\\/\\\/www.transforwarding.cz\\\/vedeni-spolecnosti\\\/\"]}]},{\"@type\":\"ImageObject\",\"inLanguage\":\"de-DE\",\"@id\":\"https:\\\/\\\/www.transforwarding.cz\\\/vedeni-spolecnosti\\\/#primaryimage\",\"url\":\"http:\\\/\\\/www.transforwarding.cz\\\/wp-content\\\/uploads\\\/2019\\\/04\\\/pojisteni_zasilek_preprava-1.jpg\",\"contentUrl\":\"http:\\\/\\\/www.transforwarding.cz\\\/wp-content\\\/uploads\\\/2019\\\/04\\\/pojisteni_zasilek_preprava-1.jpg\"},{\"@type\":\"BreadcrumbList\",\"@id\":\"https:\\\/\\\/www.transforwarding.cz\\\/vedeni-spolecnosti\\\/#breadcrumb\",\"itemListElement\":[{\"@type\":\"ListItem\",\"position\":1,\"name\":\"Dom\u016f\",\"item\":\"https:\\\/\\\/www.transforwarding.cz\\\/\"},{\"@type\":\"ListItem\",\"position\":2,\"name\":\"Veden\u00ed spole\u010dnosti\"}]},{\"@type\":\"WebSite\",\"@id\":\"https:\\\/\\\/www.transforwarding.cz\\\/#website\",\"url\":\"https:\\\/\\\/www.transforwarding.cz\\\/\",\"name\":\"Transforwarding a.s.\",\"description\":\"Spedition und Handel\",\"publisher\":{\"@id\":\"https:\\\/\\\/www.transforwarding.cz\\\/#organization\"},\"potentialAction\":[{\"@type\":\"SearchAction\",\"target\":{\"@type\":\"EntryPoint\",\"urlTemplate\":\"https:\\\/\\\/www.transforwarding.cz\\\/?s={search_term_string}\"},\"query-input\":{\"@type\":\"PropertyValueSpecification\",\"valueRequired\":true,\"valueName\":\"search_term_string\"}}],\"inLanguage\":\"de-DE\"},{\"@type\":\"Organization\",\"@id\":\"https:\\\/\\\/www.transforwarding.cz\\\/#organization\",\"name\":\"Transforwarding a.s.\",\"url\":\"https:\\\/\\\/www.transforwarding.cz\\\/\",\"logo\":{\"@type\":\"ImageObject\",\"inLanguage\":\"de-DE\",\"@id\":\"https:\\\/\\\/www.transforwarding.cz\\\/#\\\/schema\\\/logo\\\/image\\\/\",\"url\":\"https:\\\/\\\/www.transforwarding.cz\\\/wp-content\\\/uploads\\\/2018\\\/12\\\/logo_trafo_CZ2018-500px.png\",\"contentUrl\":\"https:\\\/\\\/www.transforwarding.cz\\\/wp-content\\\/uploads\\\/2018\\\/12\\\/logo_trafo_CZ2018-500px.png\",\"width\":500,\"height\":92,\"caption\":\"Transforwarding a.s.\"},\"image\":{\"@id\":\"https:\\\/\\\/www.transforwarding.cz\\\/#\\\/schema\\\/logo\\\/image\\\/\"}}]}<\/script>\n<!-- \/ Yoast SEO plugin. -->","yoast_head_json":{"title":"F\u00fchrung der Gesellschaft - Transforwarding","robots":{"index":"index","follow":"follow","max-snippet":"max-snippet:-1","max-image-preview":"max-image-preview:large","max-video-preview":"max-video-preview:-1"},"canonical":"https:\/\/www.transforwarding.cz\/vedeni-spolecnosti\/","og_locale":"de_DE","og_type":"article","og_title":"F\u00fchrung der Gesellschaft - Transforwarding","og_url":"https:\/\/www.transforwarding.cz\/vedeni-spolecnosti\/","og_site_name":"Transforwarding","article_modified_time":"2021-08-06T06:07:29+00:00","og_image":[{"url":"http:\/\/www.transforwarding.cz\/wp-content\/uploads\/2019\/04\/pojisteni_zasilek_preprava-1.jpg","type":"","width":"","height":""}],"twitter_card":"summary_large_image","twitter_misc":{"Est. reading time":"1 minute"},"schema":{"@context":"https:\/\/schema.org","@graph":[{"@type":"WebPage","@id":"https:\/\/www.transforwarding.cz\/vedeni-spolecnosti\/","url":"https:\/\/www.transforwarding.cz\/vedeni-spolecnosti\/","name":"F\u00fchrung der Gesellschaft - Transforwarding","isPartOf":{"@id":"https:\/\/www.transforwarding.cz\/#website"},"primaryImageOfPage":{"@id":"https:\/\/www.transforwarding.cz\/vedeni-spolecnosti\/#primaryimage"},"image":{"@id":"https:\/\/www.transforwarding.cz\/vedeni-spolecnosti\/#primaryimage"},"thumbnailUrl":"http:\/\/www.transforwarding.cz\/wp-content\/uploads\/2019\/04\/pojisteni_zasilek_preprava-1.jpg","datePublished":"2017-09-26T12:59:23+00:00","dateModified":"2021-08-06T06:07:29+00:00","breadcrumb":{"@id":"https:\/\/www.transforwarding.cz\/vedeni-spolecnosti\/#breadcrumb"},"inLanguage":"de-DE","potentialAction":[{"@type":"ReadAction","target":["https:\/\/www.transforwarding.cz\/vedeni-spolecnosti\/"]}]},{"@type":"ImageObject","inLanguage":"de-DE","@id":"https:\/\/www.transforwarding.cz\/vedeni-spolecnosti\/#primaryimage","url":"http:\/\/www.transforwarding.cz\/wp-content\/uploads\/2019\/04\/pojisteni_zasilek_preprava-1.jpg","contentUrl":"http:\/\/www.transforwarding.cz\/wp-content\/uploads\/2019\/04\/pojisteni_zasilek_preprava-1.jpg"},{"@type":"BreadcrumbList","@id":"https:\/\/www.transforwarding.cz\/vedeni-spolecnosti\/#breadcrumb","itemListElement":[{"@type":"ListItem","position":1,"name":"Dom\u016f","item":"https:\/\/www.transforwarding.cz\/"},{"@type":"ListItem","position":2,"name":"Veden\u00ed spole\u010dnosti"}]},{"@type":"WebSite","@id":"https:\/\/www.transforwarding.cz\/#website","url":"https:\/\/www.transforwarding.cz\/","name":"Transforwarding a.s.","description":"Spedition und Handel","publisher":{"@id":"https:\/\/www.transforwarding.cz\/#organization"},"potentialAction":[{"@type":"SearchAction","target":{"@type":"EntryPoint","urlTemplate":"https:\/\/www.transforwarding.cz\/?s={search_term_string}"},"query-input":{"@type":"PropertyValueSpecification","valueRequired":true,"valueName":"search_term_string"}}],"inLanguage":"de-DE"},{"@type":"Organization","@id":"https:\/\/www.transforwarding.cz\/#organization","name":"Transforwarding a.s.","url":"https:\/\/www.transforwarding.cz\/","logo":{"@type":"ImageObject","inLanguage":"de-DE","@id":"https:\/\/www.transforwarding.cz\/#\/schema\/logo\/image\/","url":"https:\/\/www.transforwarding.cz\/wp-content\/uploads\/2018\/12\/logo_trafo_CZ2018-500px.png","contentUrl":"https:\/\/www.transforwarding.cz\/wp-content\/uploads\/2018\/12\/logo_trafo_CZ2018-500px.png","width":500,"height":92,"caption":"Transforwarding a.s."},"image":{"@id":"https:\/\/www.transforwarding.cz\/#\/schema\/logo\/image\/"}}]}},"_links":{"self":[{"href":"https:\/\/www.transforwarding.cz\/de\/wp-json\/wp\/v2\/pages\/65","targetHints":{"allow":["GET"]}}],"collection":[{"href":"https:\/\/www.transforwarding.cz\/de\/wp-json\/wp\/v2\/pages"}],"about":[{"href":"https:\/\/www.transforwarding.cz\/de\/wp-json\/wp\/v2\/types\/page"}],"author":[{"embeddable":true,"href":"https:\/\/www.transforwarding.cz\/de\/wp-json\/wp\/v2\/users\/4"}],"replies":[{"embeddable":true,"href":"https:\/\/www.transforwarding.cz\/de\/wp-json\/wp\/v2\/comments?post=65"}],"version-history":[{"count":9,"href":"https:\/\/www.transforwarding.cz\/de\/wp-json\/wp\/v2\/pages\/65\/revisions"}],"predecessor-version":[{"id":5541,"href":"https:\/\/www.transforwarding.cz\/de\/wp-json\/wp\/v2\/pages\/65\/revisions\/5541"}],"wp:attachment":[{"href":"https:\/\/www.transforwarding.cz\/de\/wp-json\/wp\/v2\/media?parent=65"}],"curies":[{"name":"wp","href":"https:\/\/api.w.org\/{rel}","templated":true}]}}