{"id":34,"date":"2017-09-19T14:02:24","date_gmt":"2017-09-19T12:02:24","guid":{"rendered":"http:\/\/www.transforwarding.cz\/2017\/?page_id=34"},"modified":"2024-08-19T15:59:24","modified_gmt":"2024-08-19T13:59:24","slug":"mezinarodni-silnicni-preprava-zasilek","status":"publish","type":"page","link":"https:\/\/www.transforwarding.cz\/de\/mezinarodni-silnicni-preprava-zasilek\/","title":{"rendered":"Internationaler Transport"},"content":{"rendered":"<div class=\"wp-block-image\">\n<figure class=\"alignright\"><img loading=\"lazy\" decoding=\"async\" width=\"300\" height=\"243\" src=\"http:\/\/www.transforwarding.cz\/wp-content\/uploads\/2019\/05\/ctverec-kamion-300x243.jpg\" alt=\"\" class=\"wp-image-1078\" srcset=\"https:\/\/www.transforwarding.cz\/wp-content\/uploads\/2019\/05\/ctverec-kamion-300x243.jpg 300w, https:\/\/www.transforwarding.cz\/wp-content\/uploads\/2019\/05\/ctverec-kamion-768x622.jpg 768w, https:\/\/www.transforwarding.cz\/wp-content\/uploads\/2019\/05\/ctverec-kamion-1024x829.jpg 1024w, https:\/\/www.transforwarding.cz\/wp-content\/uploads\/2019\/05\/ctverec-kamion.jpg 1432w\" sizes=\"auto, (max-width: 300px) 100vw, 300px\" \/><\/figure><\/div>\n\n\n<ul class=\"wp-block-list\">\n<li>Internationaler Stra\u00dfentransport &#8211; Sammeldienst bis 2000 kg<\/li>\n\n\n\n<li>breites europ\u00e4isches Netzwerk von Partnern <\/li>\n\n\n\n<li>t\u00e4gliche Abfahrte und Zustellunge<\/li>\n\n\n\n<li>regelm\u00e4ssige Sammeldienst Linien \u2013Import und Export<\/li>\n\n\n\n<li>LTL und FTL Transporte<\/li>\n\n\n\n<li>ADR Transporte<\/li>\n\n\n\n<li>Express Transporte<\/li>\n\n\n\n<li>Warenversicherung<\/li>\n<\/ul>\n\n\n\n<p>Wir werden den Transport der Sendung auf Grund Ihrer schriftlicher Bestellung als Spediteur besorgen, und zwar im Sinne \u00a7 2471 und folg. des Zivilgesetzbuchs der Tschechischen Republik und der Allgemeinen Spediteurbedingungen des Verbands f\u00fcr Spedition und Logistik der Tschechischen Republik (ASB SSL) <a href=\"https:\/\/www.svazspedice.cz\/index.php\/dokumenty-ke-stazeni\/\" target=\"_blank\" rel=\"noreferrer noopener\">die Ausgabe 2014 in der neuesten Fassung (auf der Website SSL verf\u00fcgbar.<\/a> Vertragsbeziehungen im Stra\u00dfenverkehr werden weiter durch die Allgemeine Bef\u00f6rderungsbedingungen des Verbands Stra\u00dfen Transporteure \u010cESMAD BOHEMIA geregelt (<a href=\"http:\/\/www.transforwarding.cz\/prepravni_dokumetny\/vpp-cesmad-bohemia.pdf\">www.transforwarding.cz\/prepravni_dokumetny\/vpp-cesmad-bohemia.pdf<\/a>).<\/p>\n\n\n\n<p>Die Annahme Ihrer Bestellung mit dem\nZusatz oder Abweichung wird ausgeschlossen. Die vorgeschlagenen \u00c4nderungen,\nErg\u00e4nzungen oder Abweichungen von Ihrer Seite ber\u00fccksichtigen wir\nausschlie\u00dflich als Anregung f\u00fcr weitere Diskussionen \u00fcber den Inhalt der\nVereinbarung, bis der gegenseitigen schriftlichen Abstimmung der \u00c4nderungen\noder Nachtragen des Vertrags. Diese E-Mail und alle beigelegten Dokumente\nwerden als vertraulich genommen und nur an die Adressaten bestimmt.<\/p>\n\n\n\n<p>F\u00fcr den Warentransport empfehlen wir dem\nAuftragsgeber, die Sendung auf Ihren Wert zu versichern (mehr Informationen auf\n<a href=\"http:\/\/www.transforwarding.cz\/versicherung\">www.transforwarding.cz\/versicherung<\/a>). Auf Ihren schriftlichen Wunsch mit der Mitteilung von dem\nWarenwert und Warenspezifikation werden wir die Sendung im Ihren Namen\nversichern.<\/p>\n\n\n\n<p>Informationen zum Datenschutz finden Sie auf der Website <a href=\"http:\/\/www.transforwarding.cz\/datenschutz\">www.transforwarding.cz\/datenschutz<\/a>.<\/p>\n\n\n\n<p><strong>KONTAKT<\/strong><br>Telefon Verkaufsabteilung: +420 389 001 508<br>E-Mail:&nbsp;<a href=\"mailto:obchod@transforwarding.cz\">obchod@transforwarding.cz<\/a>&nbsp;<\/p>\n","protected":false},"excerpt":{"rendered":"<p>Wir werden den Transport der Sendung auf Grund Ihrer schriftlicher Bestellung als Spediteur besorgen, und zwar im Sinne \u00a7 2471 und folg. des Zivilgesetzbuchs der Tschechischen Republik und der Allgemeinen Spediteurbedingungen des Verbands f\u00fcr Spedition und Logistik der Tschechischen Republik (ASB SSL) die Ausgabe 2014 in der neuesten Fassung (auf der Website SSL verf\u00fcgbar. Vertragsbeziehungen [&hellip;]<\/p>\n","protected":false},"author":4,"featured_media":0,"parent":0,"menu_order":0,"comment_status":"closed","ping_status":"closed","template":"","meta":{"footnotes":""},"class_list":["post-34","page","type-page","status-publish","hentry"],"translation":{"provider":"WPGlobus","version":"3.0.2","language":"de","enabled_languages":["cz","en","de"],"languages":{"cz":{"title":true,"content":true,"excerpt":false},"en":{"title":true,"content":true,"excerpt":false},"de":{"title":true,"content":true,"excerpt":false}}},"yoast_head":"<!-- This site is optimized with the Yoast SEO plugin v27.4 - https:\/\/yoast.com\/product\/yoast-seo-wordpress\/ -->\n<title>Internationaler Transport  - Transforwarding<\/title>\n<meta name=\"robots\" content=\"index, follow, max-snippet:-1, max-image-preview:large, max-video-preview:-1\" \/>\n<link rel=\"canonical\" href=\"https:\/\/www.transforwarding.cz\/mezinarodni-silnicni-preprava-zasilek\/\" \/>\n<meta property=\"og:locale\" content=\"de_DE\" \/>\n<meta property=\"og:type\" content=\"article\" \/>\n<meta property=\"og:title\" content=\"Internationaler Transport  - Transforwarding\" \/>\n<meta property=\"og:url\" content=\"https:\/\/www.transforwarding.cz\/mezinarodni-silnicni-preprava-zasilek\/\" \/>\n<meta property=\"og:site_name\" content=\"Transforwarding\" \/>\n<meta property=\"article:modified_time\" content=\"2024-08-19T13:59:24+00:00\" \/>\n<meta property=\"og:image\" content=\"http:\/\/www.transforwarding.cz\/wp-content\/uploads\/2019\/04\/preprava_doprava_zasilek_sberna_sluzba.jpg\" \/>\n<meta name=\"twitter:card\" content=\"summary_large_image\" \/>\n<meta name=\"twitter:label1\" content=\"Est. reading time\" \/>\n\t<meta name=\"twitter:data1\" content=\"2 minutes\" \/>\n<script type=\"application\/ld+json\" class=\"yoast-schema-graph\">{\"@context\":\"https:\\\/\\\/schema.org\",\"@graph\":[{\"@type\":\"WebPage\",\"@id\":\"https:\\\/\\\/www.transforwarding.cz\\\/mezinarodni-silnicni-preprava-zasilek\\\/\",\"url\":\"https:\\\/\\\/www.transforwarding.cz\\\/mezinarodni-silnicni-preprava-zasilek\\\/\",\"name\":\"Internationaler Transport - Transforwarding\",\"isPartOf\":{\"@id\":\"https:\\\/\\\/www.transforwarding.cz\\\/#website\"},\"primaryImageOfPage\":{\"@id\":\"https:\\\/\\\/www.transforwarding.cz\\\/mezinarodni-silnicni-preprava-zasilek\\\/#primaryimage\"},\"image\":{\"@id\":\"https:\\\/\\\/www.transforwarding.cz\\\/mezinarodni-silnicni-preprava-zasilek\\\/#primaryimage\"},\"thumbnailUrl\":\"http:\\\/\\\/www.transforwarding.cz\\\/wp-content\\\/uploads\\\/2019\\\/04\\\/preprava_doprava_zasilek_sberna_sluzba.jpg\",\"datePublished\":\"2017-09-19T12:02:24+00:00\",\"dateModified\":\"2024-08-19T13:59:24+00:00\",\"breadcrumb\":{\"@id\":\"https:\\\/\\\/www.transforwarding.cz\\\/mezinarodni-silnicni-preprava-zasilek\\\/#breadcrumb\"},\"inLanguage\":\"de-DE\",\"potentialAction\":[{\"@type\":\"ReadAction\",\"target\":[\"https:\\\/\\\/www.transforwarding.cz\\\/mezinarodni-silnicni-preprava-zasilek\\\/\"]}]},{\"@type\":\"ImageObject\",\"inLanguage\":\"de-DE\",\"@id\":\"https:\\\/\\\/www.transforwarding.cz\\\/mezinarodni-silnicni-preprava-zasilek\\\/#primaryimage\",\"url\":\"http:\\\/\\\/www.transforwarding.cz\\\/wp-content\\\/uploads\\\/2019\\\/04\\\/preprava_doprava_zasilek_sberna_sluzba.jpg\",\"contentUrl\":\"http:\\\/\\\/www.transforwarding.cz\\\/wp-content\\\/uploads\\\/2019\\\/04\\\/preprava_doprava_zasilek_sberna_sluzba.jpg\"},{\"@type\":\"BreadcrumbList\",\"@id\":\"https:\\\/\\\/www.transforwarding.cz\\\/mezinarodni-silnicni-preprava-zasilek\\\/#breadcrumb\",\"itemListElement\":[{\"@type\":\"ListItem\",\"position\":1,\"name\":\"Dom\u016f\",\"item\":\"https:\\\/\\\/www.transforwarding.cz\\\/\"},{\"@type\":\"ListItem\",\"position\":2,\"name\":\"Mezin\u00e1rodn\u00ed silni\u010dn\u00ed p\u0159eprava\"}]},{\"@type\":\"WebSite\",\"@id\":\"https:\\\/\\\/www.transforwarding.cz\\\/#website\",\"url\":\"https:\\\/\\\/www.transforwarding.cz\\\/\",\"name\":\"Transforwarding a.s.\",\"description\":\"Spedition und Handel\",\"publisher\":{\"@id\":\"https:\\\/\\\/www.transforwarding.cz\\\/#organization\"},\"potentialAction\":[{\"@type\":\"SearchAction\",\"target\":{\"@type\":\"EntryPoint\",\"urlTemplate\":\"https:\\\/\\\/www.transforwarding.cz\\\/?s={search_term_string}\"},\"query-input\":{\"@type\":\"PropertyValueSpecification\",\"valueRequired\":true,\"valueName\":\"search_term_string\"}}],\"inLanguage\":\"de-DE\"},{\"@type\":\"Organization\",\"@id\":\"https:\\\/\\\/www.transforwarding.cz\\\/#organization\",\"name\":\"Transforwarding a.s.\",\"url\":\"https:\\\/\\\/www.transforwarding.cz\\\/\",\"logo\":{\"@type\":\"ImageObject\",\"inLanguage\":\"de-DE\",\"@id\":\"https:\\\/\\\/www.transforwarding.cz\\\/#\\\/schema\\\/logo\\\/image\\\/\",\"url\":\"https:\\\/\\\/www.transforwarding.cz\\\/wp-content\\\/uploads\\\/2018\\\/12\\\/logo_trafo_CZ2018-500px.png\",\"contentUrl\":\"https:\\\/\\\/www.transforwarding.cz\\\/wp-content\\\/uploads\\\/2018\\\/12\\\/logo_trafo_CZ2018-500px.png\",\"width\":500,\"height\":92,\"caption\":\"Transforwarding a.s.\"},\"image\":{\"@id\":\"https:\\\/\\\/www.transforwarding.cz\\\/#\\\/schema\\\/logo\\\/image\\\/\"}}]}<\/script>\n<!-- \/ Yoast SEO plugin. -->","yoast_head_json":{"title":"Internationaler Transport  - Transforwarding","robots":{"index":"index","follow":"follow","max-snippet":"max-snippet:-1","max-image-preview":"max-image-preview:large","max-video-preview":"max-video-preview:-1"},"canonical":"https:\/\/www.transforwarding.cz\/mezinarodni-silnicni-preprava-zasilek\/","og_locale":"de_DE","og_type":"article","og_title":"Internationaler Transport  - Transforwarding","og_url":"https:\/\/www.transforwarding.cz\/mezinarodni-silnicni-preprava-zasilek\/","og_site_name":"Transforwarding","article_modified_time":"2024-08-19T13:59:24+00:00","og_image":[{"url":"http:\/\/www.transforwarding.cz\/wp-content\/uploads\/2019\/04\/preprava_doprava_zasilek_sberna_sluzba.jpg","type":"","width":"","height":""}],"twitter_card":"summary_large_image","twitter_misc":{"Est. reading time":"2 minutes"},"schema":{"@context":"https:\/\/schema.org","@graph":[{"@type":"WebPage","@id":"https:\/\/www.transforwarding.cz\/mezinarodni-silnicni-preprava-zasilek\/","url":"https:\/\/www.transforwarding.cz\/mezinarodni-silnicni-preprava-zasilek\/","name":"Internationaler Transport - Transforwarding","isPartOf":{"@id":"https:\/\/www.transforwarding.cz\/#website"},"primaryImageOfPage":{"@id":"https:\/\/www.transforwarding.cz\/mezinarodni-silnicni-preprava-zasilek\/#primaryimage"},"image":{"@id":"https:\/\/www.transforwarding.cz\/mezinarodni-silnicni-preprava-zasilek\/#primaryimage"},"thumbnailUrl":"http:\/\/www.transforwarding.cz\/wp-content\/uploads\/2019\/04\/preprava_doprava_zasilek_sberna_sluzba.jpg","datePublished":"2017-09-19T12:02:24+00:00","dateModified":"2024-08-19T13:59:24+00:00","breadcrumb":{"@id":"https:\/\/www.transforwarding.cz\/mezinarodni-silnicni-preprava-zasilek\/#breadcrumb"},"inLanguage":"de-DE","potentialAction":[{"@type":"ReadAction","target":["https:\/\/www.transforwarding.cz\/mezinarodni-silnicni-preprava-zasilek\/"]}]},{"@type":"ImageObject","inLanguage":"de-DE","@id":"https:\/\/www.transforwarding.cz\/mezinarodni-silnicni-preprava-zasilek\/#primaryimage","url":"http:\/\/www.transforwarding.cz\/wp-content\/uploads\/2019\/04\/preprava_doprava_zasilek_sberna_sluzba.jpg","contentUrl":"http:\/\/www.transforwarding.cz\/wp-content\/uploads\/2019\/04\/preprava_doprava_zasilek_sberna_sluzba.jpg"},{"@type":"BreadcrumbList","@id":"https:\/\/www.transforwarding.cz\/mezinarodni-silnicni-preprava-zasilek\/#breadcrumb","itemListElement":[{"@type":"ListItem","position":1,"name":"Dom\u016f","item":"https:\/\/www.transforwarding.cz\/"},{"@type":"ListItem","position":2,"name":"Mezin\u00e1rodn\u00ed silni\u010dn\u00ed p\u0159eprava"}]},{"@type":"WebSite","@id":"https:\/\/www.transforwarding.cz\/#website","url":"https:\/\/www.transforwarding.cz\/","name":"Transforwarding a.s.","description":"Spedition und Handel","publisher":{"@id":"https:\/\/www.transforwarding.cz\/#organization"},"potentialAction":[{"@type":"SearchAction","target":{"@type":"EntryPoint","urlTemplate":"https:\/\/www.transforwarding.cz\/?s={search_term_string}"},"query-input":{"@type":"PropertyValueSpecification","valueRequired":true,"valueName":"search_term_string"}}],"inLanguage":"de-DE"},{"@type":"Organization","@id":"https:\/\/www.transforwarding.cz\/#organization","name":"Transforwarding a.s.","url":"https:\/\/www.transforwarding.cz\/","logo":{"@type":"ImageObject","inLanguage":"de-DE","@id":"https:\/\/www.transforwarding.cz\/#\/schema\/logo\/image\/","url":"https:\/\/www.transforwarding.cz\/wp-content\/uploads\/2018\/12\/logo_trafo_CZ2018-500px.png","contentUrl":"https:\/\/www.transforwarding.cz\/wp-content\/uploads\/2018\/12\/logo_trafo_CZ2018-500px.png","width":500,"height":92,"caption":"Transforwarding a.s."},"image":{"@id":"https:\/\/www.transforwarding.cz\/#\/schema\/logo\/image\/"}}]}},"_links":{"self":[{"href":"https:\/\/www.transforwarding.cz\/de\/wp-json\/wp\/v2\/pages\/34","targetHints":{"allow":["GET"]}}],"collection":[{"href":"https:\/\/www.transforwarding.cz\/de\/wp-json\/wp\/v2\/pages"}],"about":[{"href":"https:\/\/www.transforwarding.cz\/de\/wp-json\/wp\/v2\/types\/page"}],"author":[{"embeddable":true,"href":"https:\/\/www.transforwarding.cz\/de\/wp-json\/wp\/v2\/users\/4"}],"replies":[{"embeddable":true,"href":"https:\/\/www.transforwarding.cz\/de\/wp-json\/wp\/v2\/comments?post=34"}],"version-history":[{"count":36,"href":"https:\/\/www.transforwarding.cz\/de\/wp-json\/wp\/v2\/pages\/34\/revisions"}],"predecessor-version":[{"id":12522,"href":"https:\/\/www.transforwarding.cz\/de\/wp-json\/wp\/v2\/pages\/34\/revisions\/12522"}],"wp:attachment":[{"href":"https:\/\/www.transforwarding.cz\/de\/wp-json\/wp\/v2\/media?parent=34"}],"curies":[{"name":"wp","href":"https:\/\/api.w.org\/{rel}","templated":true}]}}