{"id":244,"date":"2018-12-03T12:27:45","date_gmt":"2018-12-03T11:27:45","guid":{"rendered":"http:\/\/www.transforwarding.cz\/2017\/?page_id=244"},"modified":"2019-05-28T09:10:47","modified_gmt":"2019-05-28T07:10:47","slug":"kontakt-breclav","status":"publish","type":"page","link":"https:\/\/www.transforwarding.cz\/de\/kontakt-breclav\/","title":{"rendered":"Niederlassung B\u0159eclav"},"content":{"rendered":"\n<h5 class=\"wp-block-heading\">ADRESSE:&nbsp;<\/h5>\n\n\n\n<p>Transforwarding a.s., Niederlassung B\u0159eclav<br>are\u00e1l MUNA, Po\u0161torn\u00e1, 691 41 B\u0158ECLAV<br>Telefon: +420 519 326 157, Fax: +420 519 326 074<br>E-mail:&nbsp;<a href=\"mailto:breclav@transforwarding.cz\">breclav@transforwarding.cz<\/a><\/p>\n\n\n\n<figure><iframe loading=\"lazy\" src=\"https:\/\/www.google.com\/maps\/embed?pb=!1m18!1m12!1m3!1d2631.393008155861!2d16.858107315670072!3d48.73618897927562!2m3!1f0!2f0!3f0!3m2!1i1024!2i768!4f13.1!3m3!1m2!1s0x476d2aa647465371%3A0xf86317da2777d25d!2sTransforwarding+a.s.+-+B%C5%99eclav!5e0!3m2!1scs!2scz!4v1543836596438\" width=\"100%\" height=\"350\" allowfullscreen=\"allowfullscreen\"><\/iframe><\/figure>\n\n\n\n<h5 class=\"wp-block-heading\">&nbsp;KONTAKT:<\/h5>\n\n\n\n<p>Milan Soudek &#8211; Niederlassungsleiter<br>Telefon: 00420 519 326 157<br>E-Mail:&nbsp;<a href=\"mailto:soudek@transforwarding.cz\">soudek@transforwarding.cz<\/a><\/p>\n\n\n\n<h5 class=\"wp-block-heading\">T\u00c4TIGKEITEN:<\/h5>\n\n\n\n<ul class=\"wp-block-list\"><li>Internationaler und Nationaler Stra\u00dfentransport<\/li><li>Internationaler Sammeldienst von St\u00fcckgut und Kompleten LKW&nbsp;(Relationen Polen, \u00d6sterreich und die Slowakei, Ungarn)<\/li><li>Nationaltransport von St\u00fcckg\u00fctern in der Tschechischen Republik<\/li><li>Logistisches Outsourcing und Lagerungdienste<\/li><li>Lagerung un logistische Operationen, Verteilung von Sendungen<\/li><\/ul>\n","protected":false},"excerpt":{"rendered":"<p>ADRESSE:&nbsp; Transforwarding a.s., Niederlassung B\u0159eclavare\u00e1l MUNA, Po\u0161torn\u00e1, 691 41 B\u0158ECLAVTelefon: +420 519 326 157, Fax: +420 519 326 074E-mail:&nbsp;breclav@transforwarding.cz &nbsp;KONTAKT: Milan Soudek &#8211; NiederlassungsleiterTelefon: 00420 519 326 157E-Mail:&nbsp;soudek@transforwarding.cz T\u00c4TIGKEITEN: Internationaler und Nationaler Stra\u00dfentransport Internationaler Sammeldienst von St\u00fcckgut und Kompleten LKW&nbsp;(Relationen Polen, \u00d6sterreich und die Slowakei, Ungarn) Nationaltransport von St\u00fcckg\u00fctern in der Tschechischen Republik Logistisches Outsourcing [&hellip;]<\/p>\n","protected":false},"author":4,"featured_media":0,"parent":0,"menu_order":0,"comment_status":"closed","ping_status":"closed","template":"","meta":{"footnotes":""},"class_list":["post-244","page","type-page","status-publish","hentry"],"translation":{"provider":"WPGlobus","version":"3.0.2","language":"de","enabled_languages":["cz","en","de"],"languages":{"cz":{"title":true,"content":true,"excerpt":false},"en":{"title":true,"content":true,"excerpt":false},"de":{"title":true,"content":true,"excerpt":false}}},"yoast_head":"<!-- This site is optimized with the Yoast SEO plugin v27.5 - https:\/\/yoast.com\/product\/yoast-seo-wordpress\/ -->\n<title>Niederlassung B\u0159eclav - Transforwarding<\/title>\n<meta name=\"robots\" content=\"index, follow, max-snippet:-1, max-image-preview:large, max-video-preview:-1\" \/>\n<link rel=\"canonical\" href=\"https:\/\/www.transforwarding.cz\/kontakt-breclav\/\" \/>\n<meta property=\"og:locale\" content=\"de_DE\" \/>\n<meta property=\"og:type\" content=\"article\" \/>\n<meta property=\"og:title\" content=\"Niederlassung B\u0159eclav - Transforwarding\" \/>\n<meta property=\"og:url\" content=\"https:\/\/www.transforwarding.cz\/kontakt-breclav\/\" \/>\n<meta property=\"og:site_name\" content=\"Transforwarding\" \/>\n<meta property=\"article:modified_time\" content=\"2019-05-28T07:10:47+00:00\" \/>\n<meta name=\"twitter:card\" content=\"summary_large_image\" \/>\n<meta name=\"twitter:label1\" content=\"Est. reading time\" \/>\n\t<meta name=\"twitter:data1\" content=\"1 minute\" \/>\n<script type=\"application\/ld+json\" class=\"yoast-schema-graph\">{\"@context\":\"https:\\\/\\\/schema.org\",\"@graph\":[{\"@type\":\"WebPage\",\"@id\":\"https:\\\/\\\/www.transforwarding.cz\\\/kontakt-breclav\\\/\",\"url\":\"https:\\\/\\\/www.transforwarding.cz\\\/kontakt-breclav\\\/\",\"name\":\"Niederlassung B\u0159eclav - Transforwarding\",\"isPartOf\":{\"@id\":\"https:\\\/\\\/www.transforwarding.cz\\\/#website\"},\"datePublished\":\"2018-12-03T11:27:45+00:00\",\"dateModified\":\"2019-05-28T07:10:47+00:00\",\"breadcrumb\":{\"@id\":\"https:\\\/\\\/www.transforwarding.cz\\\/kontakt-breclav\\\/#breadcrumb\"},\"inLanguage\":\"de-DE\",\"potentialAction\":[{\"@type\":\"ReadAction\",\"target\":[\"https:\\\/\\\/www.transforwarding.cz\\\/kontakt-breclav\\\/\"]}]},{\"@type\":\"BreadcrumbList\",\"@id\":\"https:\\\/\\\/www.transforwarding.cz\\\/kontakt-breclav\\\/#breadcrumb\",\"itemListElement\":[{\"@type\":\"ListItem\",\"position\":1,\"name\":\"Dom\u016f\",\"item\":\"https:\\\/\\\/www.transforwarding.cz\\\/\"},{\"@type\":\"ListItem\",\"position\":2,\"name\":\"Kontakt B\u0159eclav\"}]},{\"@type\":\"WebSite\",\"@id\":\"https:\\\/\\\/www.transforwarding.cz\\\/#website\",\"url\":\"https:\\\/\\\/www.transforwarding.cz\\\/\",\"name\":\"Transforwarding a.s.\",\"description\":\"Spedition und Handel\",\"publisher\":{\"@id\":\"https:\\\/\\\/www.transforwarding.cz\\\/#organization\"},\"potentialAction\":[{\"@type\":\"SearchAction\",\"target\":{\"@type\":\"EntryPoint\",\"urlTemplate\":\"https:\\\/\\\/www.transforwarding.cz\\\/?s={search_term_string}\"},\"query-input\":{\"@type\":\"PropertyValueSpecification\",\"valueRequired\":true,\"valueName\":\"search_term_string\"}}],\"inLanguage\":\"de-DE\"},{\"@type\":\"Organization\",\"@id\":\"https:\\\/\\\/www.transforwarding.cz\\\/#organization\",\"name\":\"Transforwarding a.s.\",\"url\":\"https:\\\/\\\/www.transforwarding.cz\\\/\",\"logo\":{\"@type\":\"ImageObject\",\"inLanguage\":\"de-DE\",\"@id\":\"https:\\\/\\\/www.transforwarding.cz\\\/#\\\/schema\\\/logo\\\/image\\\/\",\"url\":\"https:\\\/\\\/www.transforwarding.cz\\\/wp-content\\\/uploads\\\/2018\\\/12\\\/logo_trafo_CZ2018-500px.png\",\"contentUrl\":\"https:\\\/\\\/www.transforwarding.cz\\\/wp-content\\\/uploads\\\/2018\\\/12\\\/logo_trafo_CZ2018-500px.png\",\"width\":500,\"height\":92,\"caption\":\"Transforwarding a.s.\"},\"image\":{\"@id\":\"https:\\\/\\\/www.transforwarding.cz\\\/#\\\/schema\\\/logo\\\/image\\\/\"}}]}<\/script>\n<!-- \/ Yoast SEO plugin. -->","yoast_head_json":{"title":"Niederlassung B\u0159eclav - Transforwarding","robots":{"index":"index","follow":"follow","max-snippet":"max-snippet:-1","max-image-preview":"max-image-preview:large","max-video-preview":"max-video-preview:-1"},"canonical":"https:\/\/www.transforwarding.cz\/kontakt-breclav\/","og_locale":"de_DE","og_type":"article","og_title":"Niederlassung B\u0159eclav - Transforwarding","og_url":"https:\/\/www.transforwarding.cz\/kontakt-breclav\/","og_site_name":"Transforwarding","article_modified_time":"2019-05-28T07:10:47+00:00","twitter_card":"summary_large_image","twitter_misc":{"Est. reading time":"1 minute"},"schema":{"@context":"https:\/\/schema.org","@graph":[{"@type":"WebPage","@id":"https:\/\/www.transforwarding.cz\/kontakt-breclav\/","url":"https:\/\/www.transforwarding.cz\/kontakt-breclav\/","name":"Niederlassung B\u0159eclav - Transforwarding","isPartOf":{"@id":"https:\/\/www.transforwarding.cz\/#website"},"datePublished":"2018-12-03T11:27:45+00:00","dateModified":"2019-05-28T07:10:47+00:00","breadcrumb":{"@id":"https:\/\/www.transforwarding.cz\/kontakt-breclav\/#breadcrumb"},"inLanguage":"de-DE","potentialAction":[{"@type":"ReadAction","target":["https:\/\/www.transforwarding.cz\/kontakt-breclav\/"]}]},{"@type":"BreadcrumbList","@id":"https:\/\/www.transforwarding.cz\/kontakt-breclav\/#breadcrumb","itemListElement":[{"@type":"ListItem","position":1,"name":"Dom\u016f","item":"https:\/\/www.transforwarding.cz\/"},{"@type":"ListItem","position":2,"name":"Kontakt B\u0159eclav"}]},{"@type":"WebSite","@id":"https:\/\/www.transforwarding.cz\/#website","url":"https:\/\/www.transforwarding.cz\/","name":"Transforwarding a.s.","description":"Spedition und Handel","publisher":{"@id":"https:\/\/www.transforwarding.cz\/#organization"},"potentialAction":[{"@type":"SearchAction","target":{"@type":"EntryPoint","urlTemplate":"https:\/\/www.transforwarding.cz\/?s={search_term_string}"},"query-input":{"@type":"PropertyValueSpecification","valueRequired":true,"valueName":"search_term_string"}}],"inLanguage":"de-DE"},{"@type":"Organization","@id":"https:\/\/www.transforwarding.cz\/#organization","name":"Transforwarding a.s.","url":"https:\/\/www.transforwarding.cz\/","logo":{"@type":"ImageObject","inLanguage":"de-DE","@id":"https:\/\/www.transforwarding.cz\/#\/schema\/logo\/image\/","url":"https:\/\/www.transforwarding.cz\/wp-content\/uploads\/2018\/12\/logo_trafo_CZ2018-500px.png","contentUrl":"https:\/\/www.transforwarding.cz\/wp-content\/uploads\/2018\/12\/logo_trafo_CZ2018-500px.png","width":500,"height":92,"caption":"Transforwarding a.s."},"image":{"@id":"https:\/\/www.transforwarding.cz\/#\/schema\/logo\/image\/"}}]}},"_links":{"self":[{"href":"https:\/\/www.transforwarding.cz\/de\/wp-json\/wp\/v2\/pages\/244","targetHints":{"allow":["GET"]}}],"collection":[{"href":"https:\/\/www.transforwarding.cz\/de\/wp-json\/wp\/v2\/pages"}],"about":[{"href":"https:\/\/www.transforwarding.cz\/de\/wp-json\/wp\/v2\/types\/page"}],"author":[{"embeddable":true,"href":"https:\/\/www.transforwarding.cz\/de\/wp-json\/wp\/v2\/users\/4"}],"replies":[{"embeddable":true,"href":"https:\/\/www.transforwarding.cz\/de\/wp-json\/wp\/v2\/comments?post=244"}],"version-history":[{"count":9,"href":"https:\/\/www.transforwarding.cz\/de\/wp-json\/wp\/v2\/pages\/244\/revisions"}],"predecessor-version":[{"id":1116,"href":"https:\/\/www.transforwarding.cz\/de\/wp-json\/wp\/v2\/pages\/244\/revisions\/1116"}],"wp:attachment":[{"href":"https:\/\/www.transforwarding.cz\/de\/wp-json\/wp\/v2\/media?parent=244"}],"curies":[{"name":"wp","href":"https:\/\/api.w.org\/{rel}","templated":true}]}}