{"id":215,"date":"2018-11-07T12:59:37","date_gmt":"2018-11-07T11:59:37","guid":{"rendered":"http:\/\/www.transforwarding.cz\/2017\/?page_id=215"},"modified":"2025-08-29T12:23:51","modified_gmt":"2025-08-29T10:23:51","slug":"kontakt-praha","status":"publish","type":"page","link":"https:\/\/www.transforwarding.cz\/de\/kontakt-praha\/","title":{"rendered":"Niederlassung Praha \u2013 Horn\u00ed Po\u010dernice"},"content":{"rendered":"\n<div class=\"wp-block-columns has-2-columns is-layout-flex wp-container-core-columns-is-layout-9d6595d7 wp-block-columns-is-layout-flex\">\n<div class=\"wp-block-column is-layout-flow wp-block-column-is-layout-flow\">\n<p><strong>Transforwarding a.s. <\/strong>&#8211; Niederlassung Praha<br>Do \u010certous 2635\/20, are\u00e1l P3 (Hala D1)<br>193 00 Praha 9 &#8211; Horn\u00ed Po\u010dernice<\/p>\n\n\n\n<p>Telefon: <a href=\"tel:+420 281 927 323\">+420 281 927 323<\/a> &#8211; 321<br>E-mail: <a href=\"mailto:praha@transforwarding.cz\">praha@transforwarding.cz<\/a> <br><\/p>\n<\/div>\n\n\n\n<div class=\"wp-block-column is-layout-flow wp-block-column-is-layout-flow\">\n<p><br><\/p>\n\n\n\n<p>Lenka Vo\u0159\u00ed\u0161kov\u00e1 &#8211; Niederlassungsleiter <br>Telefon: <a href=\"tel:+420 281 927 323\">+420 281 927 323<\/a><br>E-mail: <a href=\"mailto:voriskova@transforwarding.cz\">voriskova@transforwarding.cz<\/a><\/p>\n<\/div>\n<\/div>\n\n\n\n<figure><iframe loading=\"lazy\" src=\"https:\/\/www.google.com\/maps\/embed?pb=!1m18!1m12!1m3!1d2558.029602771428!2d14.616832151202138!3d50.12316801867313!2m3!1f0!2f0!3f0!3m2!1i1024!2i768!4f13.1!3m3!1m2!1s0x470bf28c0ffc2097%3A0xc276892620bf48cf!2sTransforwarding+a.s.+-+Praha!5e0!3m2!1scs!2scz!4v1546414477963\" width=\"100%\" height=\"350\" border=\"0\" allowfullscreen=\"allowfullscreen\"><\/iframe><\/figure>\n\n\n\n<h3 class=\"wp-block-heading\">T\u00c4TIGKEITEN:<\/h3>\n\n\n\n<ul class=\"wp-block-list\">\n<li>Nationaler Binnentransport von St\u00fcckg\u00fctern durch das nationale <a href=\"http:\/\/www.tfw.cz\/nationaler-binnenstrassentransport\">Distributionssystem FOFR<\/a><br><\/li>\n\n\n\n<li>Logistisches Outsourcing und Lagerungdienste<br><\/li>\n\n\n\n<li>Lagerung un logistische Operationen, Verteilung von Sendungen<\/li>\n<\/ul>\n","protected":false},"excerpt":{"rendered":"<p>Transforwarding a.s. &#8211; Niederlassung PrahaDo \u010certous 2635\/20, are\u00e1l P3 (Hala D1)193 00 Praha 9 &#8211; Horn\u00ed Po\u010dernice Telefon: +420 281 927 323 &#8211; 321E-mail: praha@transforwarding.cz Lenka Vo\u0159\u00ed\u0161kov\u00e1 &#8211; Niederlassungsleiter Telefon: +420 281 927 323E-mail: voriskova@transforwarding.cz T\u00c4TIGKEITEN:<\/p>\n","protected":false},"author":4,"featured_media":0,"parent":0,"menu_order":0,"comment_status":"closed","ping_status":"closed","template":"","meta":{"footnotes":""},"class_list":["post-215","page","type-page","status-publish","hentry"],"translation":{"provider":"WPGlobus","version":"3.0.2","language":"de","enabled_languages":["cz","en","de"],"languages":{"cz":{"title":true,"content":true,"excerpt":false},"en":{"title":true,"content":true,"excerpt":false},"de":{"title":true,"content":true,"excerpt":false}}},"yoast_head":"<!-- This site is optimized with the Yoast SEO plugin v27.4 - https:\/\/yoast.com\/product\/yoast-seo-wordpress\/ -->\n<title>Niederlassung Praha \u2013 Horn\u00ed Po\u010dernice - Transforwarding<\/title>\n<meta name=\"robots\" content=\"index, follow, max-snippet:-1, max-image-preview:large, max-video-preview:-1\" \/>\n<link rel=\"canonical\" href=\"https:\/\/www.transforwarding.cz\/kontakt-praha\/\" \/>\n<meta property=\"og:locale\" content=\"de_DE\" \/>\n<meta property=\"og:type\" content=\"article\" \/>\n<meta property=\"og:title\" content=\"Niederlassung Praha \u2013 Horn\u00ed Po\u010dernice - Transforwarding\" \/>\n<meta property=\"og:url\" content=\"https:\/\/www.transforwarding.cz\/kontakt-praha\/\" \/>\n<meta property=\"og:site_name\" content=\"Transforwarding\" \/>\n<meta property=\"article:modified_time\" content=\"2025-08-29T10:23:51+00:00\" \/>\n<meta name=\"twitter:card\" content=\"summary_large_image\" \/>\n<meta name=\"twitter:label1\" content=\"Est. reading time\" \/>\n\t<meta name=\"twitter:data1\" content=\"1 minute\" \/>\n<script type=\"application\/ld+json\" class=\"yoast-schema-graph\">{\"@context\":\"https:\\\/\\\/schema.org\",\"@graph\":[{\"@type\":\"WebPage\",\"@id\":\"https:\\\/\\\/www.transforwarding.cz\\\/kontakt-praha\\\/\",\"url\":\"https:\\\/\\\/www.transforwarding.cz\\\/kontakt-praha\\\/\",\"name\":\"Niederlassung Praha \u2013 Horn\u00ed Po\u010dernice - Transforwarding\",\"isPartOf\":{\"@id\":\"https:\\\/\\\/www.transforwarding.cz\\\/#website\"},\"datePublished\":\"2018-11-07T11:59:37+00:00\",\"dateModified\":\"2025-08-29T10:23:51+00:00\",\"breadcrumb\":{\"@id\":\"https:\\\/\\\/www.transforwarding.cz\\\/kontakt-praha\\\/#breadcrumb\"},\"inLanguage\":\"de-DE\",\"potentialAction\":[{\"@type\":\"ReadAction\",\"target\":[\"https:\\\/\\\/www.transforwarding.cz\\\/kontakt-praha\\\/\"]}]},{\"@type\":\"BreadcrumbList\",\"@id\":\"https:\\\/\\\/www.transforwarding.cz\\\/kontakt-praha\\\/#breadcrumb\",\"itemListElement\":[{\"@type\":\"ListItem\",\"position\":1,\"name\":\"Dom\u016f\",\"item\":\"https:\\\/\\\/www.transforwarding.cz\\\/\"},{\"@type\":\"ListItem\",\"position\":2,\"name\":\"Kontakt &#8211; Praha &#8211; Horn\u00ed Po\u010dernice\"}]},{\"@type\":\"WebSite\",\"@id\":\"https:\\\/\\\/www.transforwarding.cz\\\/#website\",\"url\":\"https:\\\/\\\/www.transforwarding.cz\\\/\",\"name\":\"Transforwarding a.s.\",\"description\":\"Spedition und Handel\",\"publisher\":{\"@id\":\"https:\\\/\\\/www.transforwarding.cz\\\/#organization\"},\"potentialAction\":[{\"@type\":\"SearchAction\",\"target\":{\"@type\":\"EntryPoint\",\"urlTemplate\":\"https:\\\/\\\/www.transforwarding.cz\\\/?s={search_term_string}\"},\"query-input\":{\"@type\":\"PropertyValueSpecification\",\"valueRequired\":true,\"valueName\":\"search_term_string\"}}],\"inLanguage\":\"de-DE\"},{\"@type\":\"Organization\",\"@id\":\"https:\\\/\\\/www.transforwarding.cz\\\/#organization\",\"name\":\"Transforwarding a.s.\",\"url\":\"https:\\\/\\\/www.transforwarding.cz\\\/\",\"logo\":{\"@type\":\"ImageObject\",\"inLanguage\":\"de-DE\",\"@id\":\"https:\\\/\\\/www.transforwarding.cz\\\/#\\\/schema\\\/logo\\\/image\\\/\",\"url\":\"https:\\\/\\\/www.transforwarding.cz\\\/wp-content\\\/uploads\\\/2018\\\/12\\\/logo_trafo_CZ2018-500px.png\",\"contentUrl\":\"https:\\\/\\\/www.transforwarding.cz\\\/wp-content\\\/uploads\\\/2018\\\/12\\\/logo_trafo_CZ2018-500px.png\",\"width\":500,\"height\":92,\"caption\":\"Transforwarding a.s.\"},\"image\":{\"@id\":\"https:\\\/\\\/www.transforwarding.cz\\\/#\\\/schema\\\/logo\\\/image\\\/\"}}]}<\/script>\n<!-- \/ Yoast SEO plugin. -->","yoast_head_json":{"title":"Niederlassung Praha \u2013 Horn\u00ed Po\u010dernice - Transforwarding","robots":{"index":"index","follow":"follow","max-snippet":"max-snippet:-1","max-image-preview":"max-image-preview:large","max-video-preview":"max-video-preview:-1"},"canonical":"https:\/\/www.transforwarding.cz\/kontakt-praha\/","og_locale":"de_DE","og_type":"article","og_title":"Niederlassung Praha \u2013 Horn\u00ed Po\u010dernice - Transforwarding","og_url":"https:\/\/www.transforwarding.cz\/kontakt-praha\/","og_site_name":"Transforwarding","article_modified_time":"2025-08-29T10:23:51+00:00","twitter_card":"summary_large_image","twitter_misc":{"Est. reading time":"1 minute"},"schema":{"@context":"https:\/\/schema.org","@graph":[{"@type":"WebPage","@id":"https:\/\/www.transforwarding.cz\/kontakt-praha\/","url":"https:\/\/www.transforwarding.cz\/kontakt-praha\/","name":"Niederlassung Praha \u2013 Horn\u00ed Po\u010dernice - Transforwarding","isPartOf":{"@id":"https:\/\/www.transforwarding.cz\/#website"},"datePublished":"2018-11-07T11:59:37+00:00","dateModified":"2025-08-29T10:23:51+00:00","breadcrumb":{"@id":"https:\/\/www.transforwarding.cz\/kontakt-praha\/#breadcrumb"},"inLanguage":"de-DE","potentialAction":[{"@type":"ReadAction","target":["https:\/\/www.transforwarding.cz\/kontakt-praha\/"]}]},{"@type":"BreadcrumbList","@id":"https:\/\/www.transforwarding.cz\/kontakt-praha\/#breadcrumb","itemListElement":[{"@type":"ListItem","position":1,"name":"Dom\u016f","item":"https:\/\/www.transforwarding.cz\/"},{"@type":"ListItem","position":2,"name":"Kontakt &#8211; Praha &#8211; Horn\u00ed Po\u010dernice"}]},{"@type":"WebSite","@id":"https:\/\/www.transforwarding.cz\/#website","url":"https:\/\/www.transforwarding.cz\/","name":"Transforwarding a.s.","description":"Spedition und Handel","publisher":{"@id":"https:\/\/www.transforwarding.cz\/#organization"},"potentialAction":[{"@type":"SearchAction","target":{"@type":"EntryPoint","urlTemplate":"https:\/\/www.transforwarding.cz\/?s={search_term_string}"},"query-input":{"@type":"PropertyValueSpecification","valueRequired":true,"valueName":"search_term_string"}}],"inLanguage":"de-DE"},{"@type":"Organization","@id":"https:\/\/www.transforwarding.cz\/#organization","name":"Transforwarding a.s.","url":"https:\/\/www.transforwarding.cz\/","logo":{"@type":"ImageObject","inLanguage":"de-DE","@id":"https:\/\/www.transforwarding.cz\/#\/schema\/logo\/image\/","url":"https:\/\/www.transforwarding.cz\/wp-content\/uploads\/2018\/12\/logo_trafo_CZ2018-500px.png","contentUrl":"https:\/\/www.transforwarding.cz\/wp-content\/uploads\/2018\/12\/logo_trafo_CZ2018-500px.png","width":500,"height":92,"caption":"Transforwarding a.s."},"image":{"@id":"https:\/\/www.transforwarding.cz\/#\/schema\/logo\/image\/"}}]}},"_links":{"self":[{"href":"https:\/\/www.transforwarding.cz\/de\/wp-json\/wp\/v2\/pages\/215","targetHints":{"allow":["GET"]}}],"collection":[{"href":"https:\/\/www.transforwarding.cz\/de\/wp-json\/wp\/v2\/pages"}],"about":[{"href":"https:\/\/www.transforwarding.cz\/de\/wp-json\/wp\/v2\/types\/page"}],"author":[{"embeddable":true,"href":"https:\/\/www.transforwarding.cz\/de\/wp-json\/wp\/v2\/users\/4"}],"replies":[{"embeddable":true,"href":"https:\/\/www.transforwarding.cz\/de\/wp-json\/wp\/v2\/comments?post=215"}],"version-history":[{"count":23,"href":"https:\/\/www.transforwarding.cz\/de\/wp-json\/wp\/v2\/pages\/215\/revisions"}],"predecessor-version":[{"id":13333,"href":"https:\/\/www.transforwarding.cz\/de\/wp-json\/wp\/v2\/pages\/215\/revisions\/13333"}],"wp:attachment":[{"href":"https:\/\/www.transforwarding.cz\/de\/wp-json\/wp\/v2\/media?parent=215"}],"curies":[{"name":"wp","href":"https:\/\/api.w.org\/{rel}","templated":true}]}}