{"id":195,"date":"2018-11-06T12:48:17","date_gmt":"2018-11-06T11:48:17","guid":{"rendered":"http:\/\/www.transforwarding.cz\/2017\/?page_id=195"},"modified":"2025-06-16T10:28:33","modified_gmt":"2025-06-16T08:28:33","slug":"pojisteni-zasilek","status":"publish","type":"page","link":"https:\/\/www.transforwarding.cz\/de\/pojisteni-zasilek\/","title":{"rendered":"Versicherung von Sendungen"},"content":{"rendered":"\n<h5 class=\"wp-block-heading\"><\/h5>\n\n\n\n<p>Sehr geehrte Kunden,<\/p>\n\n\n\n<p>im Rahmen der Komplexit\u00e4t der Dienstleistungen, die wir Ihnen erbringen, bieten wir auch die Versicherung von Sendungen an.<\/p>\n\n\n\n<p>Diese Dienstleistung erm\u00f6glicht Ihnen sich Ihrer Arbeit in Ruhe zu widmen und macht Sie von Sorgen \u00fcber den G\u00fcterzustand besonders dann frei, wenn die G\u00fcter einen hohen Wert haben.<\/p>\n\n\n\n<p>Auf Ihren Wunsch versichern wir die Sendung auf ihren tats\u00e4chlichen Wert gegen alle Risikos (Besch\u00e4digung, Vernichtung, Verlust) w\u00e4hrend der ganzen Transportdauer von der \u00dcbernahme in unsere Pflege bis zum Augenblick der \u00dcbergabe an den Empf\u00e4nger. Wir w\u00fcnschen uns, dass alle Sendungen rechtzeitig und ordentlich \u00fcbergeben werden.<\/p>\n\n\n\n<h5 class=\"wp-block-heading\">KONTAKTE:&nbsp;<\/h5>\n\n\n\n<p><strong>Zuzana Vrko\u010dov\u00e1 &#8211; Verkaufsabteilung<\/strong><br>Telefon: +420 389 001 508<br>E-Mail:\u00a0<a href=\"mailto:vrkocova@transforwarding.cz\">vrkocova@transforwarding.cz<\/a><br><br><strong>Vendula \u0160m\u00eddov\u00e1 &#8211; Verkaufsabteilung<\/strong><br>Telefon: +420 389 001 509<br>E-Mail:\u00a0<a href=\"mailto:smidova@transforwarding.cz\">smidova@transforwarding.cz<\/a><\/p>\n","protected":false},"excerpt":{"rendered":"<p>Sehr geehrte Kunden, im Rahmen der Komplexit\u00e4t der Dienstleistungen, die wir Ihnen erbringen, bieten wir auch die Versicherung von Sendungen an. Diese Dienstleistung erm\u00f6glicht Ihnen sich Ihrer Arbeit in Ruhe zu widmen und macht Sie von Sorgen \u00fcber den G\u00fcterzustand besonders dann frei, wenn die G\u00fcter einen hohen Wert haben. Auf Ihren Wunsch versichern wir [&hellip;]<\/p>\n","protected":false},"author":4,"featured_media":0,"parent":0,"menu_order":0,"comment_status":"closed","ping_status":"closed","template":"","meta":{"footnotes":""},"class_list":["post-195","page","type-page","status-publish","hentry"],"translation":{"provider":"WPGlobus","version":"3.0.2","language":"de","enabled_languages":["cz","en","de"],"languages":{"cz":{"title":true,"content":true,"excerpt":false},"en":{"title":true,"content":true,"excerpt":false},"de":{"title":true,"content":true,"excerpt":false}}},"yoast_head":"<!-- This site is optimized with the Yoast SEO plugin v27.4 - https:\/\/yoast.com\/product\/yoast-seo-wordpress\/ -->\n<title>Versicherung von Sendungen - Transforwarding<\/title>\n<meta name=\"robots\" content=\"index, follow, max-snippet:-1, max-image-preview:large, max-video-preview:-1\" \/>\n<link rel=\"canonical\" href=\"https:\/\/www.transforwarding.cz\/pojisteni-zasilek\/\" \/>\n<meta property=\"og:locale\" content=\"de_DE\" \/>\n<meta property=\"og:type\" content=\"article\" \/>\n<meta property=\"og:title\" content=\"Versicherung von Sendungen - Transforwarding\" \/>\n<meta property=\"og:url\" content=\"https:\/\/www.transforwarding.cz\/pojisteni-zasilek\/\" \/>\n<meta property=\"og:site_name\" content=\"Transforwarding\" \/>\n<meta property=\"article:modified_time\" content=\"2025-06-16T08:28:33+00:00\" \/>\n<meta property=\"og:image\" content=\"https:\/\/www.transforwarding.cz\/wp-content\/uploads\/2019\/04\/pojisteni_zasilek_preprava.jpg\" \/>\n\t<meta property=\"og:image:width\" content=\"150\" \/>\n\t<meta property=\"og:image:height\" content=\"120\" \/>\n\t<meta property=\"og:image:type\" content=\"image\/jpeg\" \/>\n<meta name=\"twitter:card\" content=\"summary_large_image\" \/>\n<meta name=\"twitter:label1\" content=\"Est. reading time\" \/>\n\t<meta name=\"twitter:data1\" content=\"2 minutes\" \/>\n<script type=\"application\/ld+json\" class=\"yoast-schema-graph\">{\"@context\":\"https:\\\/\\\/schema.org\",\"@graph\":[{\"@type\":\"WebPage\",\"@id\":\"https:\\\/\\\/www.transforwarding.cz\\\/pojisteni-zasilek\\\/\",\"url\":\"https:\\\/\\\/www.transforwarding.cz\\\/pojisteni-zasilek\\\/\",\"name\":\"Versicherung von Sendungen - Transforwarding\",\"isPartOf\":{\"@id\":\"https:\\\/\\\/www.transforwarding.cz\\\/#website\"},\"primaryImageOfPage\":{\"@id\":\"https:\\\/\\\/www.transforwarding.cz\\\/pojisteni-zasilek\\\/#primaryimage\"},\"image\":{\"@id\":\"https:\\\/\\\/www.transforwarding.cz\\\/pojisteni-zasilek\\\/#primaryimage\"},\"thumbnailUrl\":\"http:\\\/\\\/www.transforwarding.cz\\\/wp-content\\\/uploads\\\/2019\\\/04\\\/pojisteni_zasilek_preprava.jpg\",\"datePublished\":\"2018-11-06T11:48:17+00:00\",\"dateModified\":\"2025-06-16T08:28:33+00:00\",\"breadcrumb\":{\"@id\":\"https:\\\/\\\/www.transforwarding.cz\\\/pojisteni-zasilek\\\/#breadcrumb\"},\"inLanguage\":\"de-DE\",\"potentialAction\":[{\"@type\":\"ReadAction\",\"target\":[\"https:\\\/\\\/www.transforwarding.cz\\\/pojisteni-zasilek\\\/\"]}]},{\"@type\":\"ImageObject\",\"inLanguage\":\"de-DE\",\"@id\":\"https:\\\/\\\/www.transforwarding.cz\\\/pojisteni-zasilek\\\/#primaryimage\",\"url\":\"http:\\\/\\\/www.transforwarding.cz\\\/wp-content\\\/uploads\\\/2019\\\/04\\\/pojisteni_zasilek_preprava.jpg\",\"contentUrl\":\"http:\\\/\\\/www.transforwarding.cz\\\/wp-content\\\/uploads\\\/2019\\\/04\\\/pojisteni_zasilek_preprava.jpg\"},{\"@type\":\"BreadcrumbList\",\"@id\":\"https:\\\/\\\/www.transforwarding.cz\\\/pojisteni-zasilek\\\/#breadcrumb\",\"itemListElement\":[{\"@type\":\"ListItem\",\"position\":1,\"name\":\"Dom\u016f\",\"item\":\"https:\\\/\\\/www.transforwarding.cz\\\/\"},{\"@type\":\"ListItem\",\"position\":2,\"name\":\"Poji\u0161t\u011bn\u00ed z\u00e1silek p\u0159i p\u0159eprav\u011b\"}]},{\"@type\":\"WebSite\",\"@id\":\"https:\\\/\\\/www.transforwarding.cz\\\/#website\",\"url\":\"https:\\\/\\\/www.transforwarding.cz\\\/\",\"name\":\"Transforwarding a.s.\",\"description\":\"Spedition und Handel\",\"publisher\":{\"@id\":\"https:\\\/\\\/www.transforwarding.cz\\\/#organization\"},\"potentialAction\":[{\"@type\":\"SearchAction\",\"target\":{\"@type\":\"EntryPoint\",\"urlTemplate\":\"https:\\\/\\\/www.transforwarding.cz\\\/?s={search_term_string}\"},\"query-input\":{\"@type\":\"PropertyValueSpecification\",\"valueRequired\":true,\"valueName\":\"search_term_string\"}}],\"inLanguage\":\"de-DE\"},{\"@type\":\"Organization\",\"@id\":\"https:\\\/\\\/www.transforwarding.cz\\\/#organization\",\"name\":\"Transforwarding a.s.\",\"url\":\"https:\\\/\\\/www.transforwarding.cz\\\/\",\"logo\":{\"@type\":\"ImageObject\",\"inLanguage\":\"de-DE\",\"@id\":\"https:\\\/\\\/www.transforwarding.cz\\\/#\\\/schema\\\/logo\\\/image\\\/\",\"url\":\"https:\\\/\\\/www.transforwarding.cz\\\/wp-content\\\/uploads\\\/2018\\\/12\\\/logo_trafo_CZ2018-500px.png\",\"contentUrl\":\"https:\\\/\\\/www.transforwarding.cz\\\/wp-content\\\/uploads\\\/2018\\\/12\\\/logo_trafo_CZ2018-500px.png\",\"width\":500,\"height\":92,\"caption\":\"Transforwarding a.s.\"},\"image\":{\"@id\":\"https:\\\/\\\/www.transforwarding.cz\\\/#\\\/schema\\\/logo\\\/image\\\/\"}}]}<\/script>\n<!-- \/ Yoast SEO plugin. -->","yoast_head_json":{"title":"Versicherung von Sendungen - Transforwarding","robots":{"index":"index","follow":"follow","max-snippet":"max-snippet:-1","max-image-preview":"max-image-preview:large","max-video-preview":"max-video-preview:-1"},"canonical":"https:\/\/www.transforwarding.cz\/pojisteni-zasilek\/","og_locale":"de_DE","og_type":"article","og_title":"Versicherung von Sendungen - Transforwarding","og_url":"https:\/\/www.transforwarding.cz\/pojisteni-zasilek\/","og_site_name":"Transforwarding","article_modified_time":"2025-06-16T08:28:33+00:00","og_image":[{"width":150,"height":120,"url":"https:\/\/www.transforwarding.cz\/wp-content\/uploads\/2019\/04\/pojisteni_zasilek_preprava.jpg","type":"image\/jpeg"}],"twitter_card":"summary_large_image","twitter_misc":{"Est. reading time":"2 minutes"},"schema":{"@context":"https:\/\/schema.org","@graph":[{"@type":"WebPage","@id":"https:\/\/www.transforwarding.cz\/pojisteni-zasilek\/","url":"https:\/\/www.transforwarding.cz\/pojisteni-zasilek\/","name":"Versicherung von Sendungen - Transforwarding","isPartOf":{"@id":"https:\/\/www.transforwarding.cz\/#website"},"primaryImageOfPage":{"@id":"https:\/\/www.transforwarding.cz\/pojisteni-zasilek\/#primaryimage"},"image":{"@id":"https:\/\/www.transforwarding.cz\/pojisteni-zasilek\/#primaryimage"},"thumbnailUrl":"http:\/\/www.transforwarding.cz\/wp-content\/uploads\/2019\/04\/pojisteni_zasilek_preprava.jpg","datePublished":"2018-11-06T11:48:17+00:00","dateModified":"2025-06-16T08:28:33+00:00","breadcrumb":{"@id":"https:\/\/www.transforwarding.cz\/pojisteni-zasilek\/#breadcrumb"},"inLanguage":"de-DE","potentialAction":[{"@type":"ReadAction","target":["https:\/\/www.transforwarding.cz\/pojisteni-zasilek\/"]}]},{"@type":"ImageObject","inLanguage":"de-DE","@id":"https:\/\/www.transforwarding.cz\/pojisteni-zasilek\/#primaryimage","url":"http:\/\/www.transforwarding.cz\/wp-content\/uploads\/2019\/04\/pojisteni_zasilek_preprava.jpg","contentUrl":"http:\/\/www.transforwarding.cz\/wp-content\/uploads\/2019\/04\/pojisteni_zasilek_preprava.jpg"},{"@type":"BreadcrumbList","@id":"https:\/\/www.transforwarding.cz\/pojisteni-zasilek\/#breadcrumb","itemListElement":[{"@type":"ListItem","position":1,"name":"Dom\u016f","item":"https:\/\/www.transforwarding.cz\/"},{"@type":"ListItem","position":2,"name":"Poji\u0161t\u011bn\u00ed z\u00e1silek p\u0159i p\u0159eprav\u011b"}]},{"@type":"WebSite","@id":"https:\/\/www.transforwarding.cz\/#website","url":"https:\/\/www.transforwarding.cz\/","name":"Transforwarding a.s.","description":"Spedition und Handel","publisher":{"@id":"https:\/\/www.transforwarding.cz\/#organization"},"potentialAction":[{"@type":"SearchAction","target":{"@type":"EntryPoint","urlTemplate":"https:\/\/www.transforwarding.cz\/?s={search_term_string}"},"query-input":{"@type":"PropertyValueSpecification","valueRequired":true,"valueName":"search_term_string"}}],"inLanguage":"de-DE"},{"@type":"Organization","@id":"https:\/\/www.transforwarding.cz\/#organization","name":"Transforwarding a.s.","url":"https:\/\/www.transforwarding.cz\/","logo":{"@type":"ImageObject","inLanguage":"de-DE","@id":"https:\/\/www.transforwarding.cz\/#\/schema\/logo\/image\/","url":"https:\/\/www.transforwarding.cz\/wp-content\/uploads\/2018\/12\/logo_trafo_CZ2018-500px.png","contentUrl":"https:\/\/www.transforwarding.cz\/wp-content\/uploads\/2018\/12\/logo_trafo_CZ2018-500px.png","width":500,"height":92,"caption":"Transforwarding a.s."},"image":{"@id":"https:\/\/www.transforwarding.cz\/#\/schema\/logo\/image\/"}}]}},"_links":{"self":[{"href":"https:\/\/www.transforwarding.cz\/de\/wp-json\/wp\/v2\/pages\/195","targetHints":{"allow":["GET"]}}],"collection":[{"href":"https:\/\/www.transforwarding.cz\/de\/wp-json\/wp\/v2\/pages"}],"about":[{"href":"https:\/\/www.transforwarding.cz\/de\/wp-json\/wp\/v2\/types\/page"}],"author":[{"embeddable":true,"href":"https:\/\/www.transforwarding.cz\/de\/wp-json\/wp\/v2\/users\/4"}],"replies":[{"embeddable":true,"href":"https:\/\/www.transforwarding.cz\/de\/wp-json\/wp\/v2\/comments?post=195"}],"version-history":[{"count":17,"href":"https:\/\/www.transforwarding.cz\/de\/wp-json\/wp\/v2\/pages\/195\/revisions"}],"predecessor-version":[{"id":13157,"href":"https:\/\/www.transforwarding.cz\/de\/wp-json\/wp\/v2\/pages\/195\/revisions\/13157"}],"wp:attachment":[{"href":"https:\/\/www.transforwarding.cz\/de\/wp-json\/wp\/v2\/media?parent=195"}],"curies":[{"name":"wp","href":"https:\/\/api.w.org\/{rel}","templated":true}]}}