{"id":164,"date":"2018-11-06T12:16:41","date_gmt":"2018-11-06T11:16:41","guid":{"rendered":"http:\/\/www.transforwarding.cz\/2017\/?page_id=164"},"modified":"2019-04-30T09:50:11","modified_gmt":"2019-04-30T07:50:11","slug":"historie-spolecnosti","status":"publish","type":"page","link":"https:\/\/www.transforwarding.cz\/de\/historie-spolecnosti\/","title":{"rendered":"Geschichte von der Gesellschaft"},"content":{"rendered":"\n<p>8.2.2017<br>\n     Gesellschaft Transforwarding a.s. ist ein Mitglied von der Tschechischen logistischen Association<br>\n1.3.2014<br>\n     Er\u00f6ffnung der Niederlassung Karlovy Vary<br>\n1.10.2013<br>\n     Die Niederlassung Zb\u016fch ist in neuen R\u00e4umen im Pilsen umgezogen<br>\n1.11.2012<br>\n     Er\u00f6ffnung der Niederlassung Liberec<br>\n25.9.2012<br>\n     Gewinnung von AEO (Zugelassener Wirtschaftsbeteiligter)<br>\n1.1.2012<br>\n     Die Niederlassung Vyso\u010dany \u2013 Bor u Tachova ist in gr\u00f6\u00dferen modernen R\u00e4umen in Zb\u016fch in der n\u00e4he von Plze\u0148 umgezogen<br>\n1.4.2010<br>\n     Gesellschaft Transforwarding a.s. ist ein Mitglied von nationalen Distributionssystem FOFR geworden<br>\n1.1.2008<br>\n     Die Niederlassung Praha ist in gr\u00f6\u00dferen modernen R\u00e4umen umgezogen<br>\n1.1.2006<br>\n     Unternehmenskauf von der Gesellschaft Transforwarding SK, s.r.o., Bratislava, Slowakei (Transforwarding \u010cesk\u00e9 Bud\u011bjovice, a.s. ist 100% Eigent\u00fcmer)<br>\n1.10.2005<br>\n     Die Niederlassung Breclav ist in gr\u00f6\u00dferen R\u00e4umen umgezogen<br>\n1.10.2004<br>\n     Ratingswertung unserer Geselschaft B+<br>\n1.1.2003<br>\n     Vertriebslager und B\u00fcros sind aus \u0158\u00ed\u010dany u PrahyPo\u010dernice &#8211; PRAHA 9 nach Horn\u00ed Po\u010dernice &#8211; PRAHA 9 umgezogen<br>\n17.6.2001<br>\n     Feier des 10. Jubil\u00e4ums der Firmengr\u00fcndung<br>\n1.5.2000<br>\n     Er\u00f6ffnung der Zweigstelle \u0158\u00ed\u010dany u Prahy<br>\n19.11.1999<br>\n     Zertifikaterwerb ISO 9002 &#8211; 83 Mitarbeiter<br>\n1.7.1997<br>\n     Betriebsaufnahme im eigenen Objekt &#8211; 81 Mitarbeiter<br>\n1.4.1997<br>\n     Er\u00f6ffnung des Zentrums Cheb<br>\n1.1.1997<br>\n     Er\u00f6ffnung des Zolldienstleistungszentrums Budvar<br>\n1.5.1996<br>\n     Er\u00f6ffnung der Niederlassung B\u0159eclav<br>\n2.8.1994<br>\n     Entstehung der tschechischen Aktiengesellschaft &#8211; 60 Mitarbeiter<br>\n2.1.1993<br>\n     Er\u00f6ffnung der Niederlassung Vyso\u010dany &#8211; Bor u Tachova<br>\n1.6.1993<br>\n     Er\u00f6ffnung einer Wechselstube<br>\n1993<br>\n     Betriebsaufnahme des Sammeldienstes &#8211; 35 Mitarbeiter<br>\n2.1.1992<br>\n     Er\u00f6ffnung der Niederlassung Doln\u00ed Dvo\u0159i\u0161t\u011b<br>\n31.5.1991<br>\n     Gr\u00fcndung der Gesellschaft &#8211; 2 Mitarbeiter<\/p>\n","protected":false},"excerpt":{"rendered":"<p>8.2.2017 Gesellschaft Transforwarding a.s. ist ein Mitglied von der Tschechischen logistischen Association 1.3.2014 Er\u00f6ffnung der Niederlassung Karlovy Vary 1.10.2013 Die Niederlassung Zb\u016fch ist in neuen R\u00e4umen im Pilsen umgezogen 1.11.2012 Er\u00f6ffnung der Niederlassung Liberec 25.9.2012 Gewinnung von AEO (Zugelassener Wirtschaftsbeteiligter) 1.1.2012 Die Niederlassung Vyso\u010dany \u2013 Bor u Tachova ist in gr\u00f6\u00dferen modernen R\u00e4umen in Zb\u016fch [&hellip;]<\/p>\n","protected":false},"author":4,"featured_media":0,"parent":0,"menu_order":0,"comment_status":"closed","ping_status":"closed","template":"","meta":{"footnotes":""},"class_list":["post-164","page","type-page","status-publish","hentry"],"translation":{"provider":"WPGlobus","version":"3.0.2","language":"de","enabled_languages":["cz","en","de"],"languages":{"cz":{"title":true,"content":true,"excerpt":false},"en":{"title":true,"content":true,"excerpt":false},"de":{"title":true,"content":true,"excerpt":false}}},"yoast_head":"<!-- This site is optimized with the Yoast SEO plugin v27.5 - https:\/\/yoast.com\/product\/yoast-seo-wordpress\/ -->\n<title>Geschichte von der Gesellschaft - Transforwarding<\/title>\n<meta name=\"robots\" content=\"index, follow, max-snippet:-1, max-image-preview:large, max-video-preview:-1\" \/>\n<link rel=\"canonical\" href=\"https:\/\/www.transforwarding.cz\/historie-spolecnosti\/\" \/>\n<meta property=\"og:locale\" content=\"de_DE\" \/>\n<meta property=\"og:type\" content=\"article\" \/>\n<meta property=\"og:title\" content=\"Geschichte von der Gesellschaft - Transforwarding\" \/>\n<meta property=\"og:url\" content=\"https:\/\/www.transforwarding.cz\/historie-spolecnosti\/\" \/>\n<meta property=\"og:site_name\" content=\"Transforwarding\" \/>\n<meta property=\"article:modified_time\" content=\"2019-04-30T07:50:11+00:00\" \/>\n<meta property=\"og:image\" content=\"http:\/\/www.transforwarding.cz\/wp-content\/uploads\/2019\/03\/logo_cla_CZ_cmyk_3D-610x380-300x187.jpg\" \/>\n<meta name=\"twitter:card\" content=\"summary_large_image\" \/>\n<meta name=\"twitter:label1\" content=\"Est. reading time\" \/>\n\t<meta name=\"twitter:data1\" content=\"3 minutes\" \/>\n<script type=\"application\/ld+json\" class=\"yoast-schema-graph\">{\"@context\":\"https:\\\/\\\/schema.org\",\"@graph\":[{\"@type\":\"WebPage\",\"@id\":\"https:\\\/\\\/www.transforwarding.cz\\\/historie-spolecnosti\\\/\",\"url\":\"https:\\\/\\\/www.transforwarding.cz\\\/historie-spolecnosti\\\/\",\"name\":\"Geschichte von der Gesellschaft - Transforwarding\",\"isPartOf\":{\"@id\":\"https:\\\/\\\/www.transforwarding.cz\\\/#website\"},\"primaryImageOfPage\":{\"@id\":\"https:\\\/\\\/www.transforwarding.cz\\\/historie-spolecnosti\\\/#primaryimage\"},\"image\":{\"@id\":\"https:\\\/\\\/www.transforwarding.cz\\\/historie-spolecnosti\\\/#primaryimage\"},\"thumbnailUrl\":\"http:\\\/\\\/www.transforwarding.cz\\\/wp-content\\\/uploads\\\/2019\\\/03\\\/logo_cla_CZ_cmyk_3D-610x380-300x187.jpg\",\"datePublished\":\"2018-11-06T11:16:41+00:00\",\"dateModified\":\"2019-04-30T07:50:11+00:00\",\"description\":\"Historie spole\u010dnosti Transforwarding a.s. Ji\u017e od roku 1991 jsme spolehliv\u00fd partner pro mezin\u00e1rodn\u00ed p\u0159epravy, vnitrost\u00e1tn\u00ed dopravu, logistiku a skladov\u00e1n\u00ed.\",\"breadcrumb\":{\"@id\":\"https:\\\/\\\/www.transforwarding.cz\\\/historie-spolecnosti\\\/#breadcrumb\"},\"inLanguage\":\"de-DE\",\"potentialAction\":[{\"@type\":\"ReadAction\",\"target\":[\"https:\\\/\\\/www.transforwarding.cz\\\/historie-spolecnosti\\\/\"]}]},{\"@type\":\"ImageObject\",\"inLanguage\":\"de-DE\",\"@id\":\"https:\\\/\\\/www.transforwarding.cz\\\/historie-spolecnosti\\\/#primaryimage\",\"url\":\"http:\\\/\\\/www.transforwarding.cz\\\/wp-content\\\/uploads\\\/2019\\\/03\\\/logo_cla_CZ_cmyk_3D-610x380-300x187.jpg\",\"contentUrl\":\"http:\\\/\\\/www.transforwarding.cz\\\/wp-content\\\/uploads\\\/2019\\\/03\\\/logo_cla_CZ_cmyk_3D-610x380-300x187.jpg\"},{\"@type\":\"BreadcrumbList\",\"@id\":\"https:\\\/\\\/www.transforwarding.cz\\\/historie-spolecnosti\\\/#breadcrumb\",\"itemListElement\":[{\"@type\":\"ListItem\",\"position\":1,\"name\":\"Dom\u016f\",\"item\":\"https:\\\/\\\/www.transforwarding.cz\\\/\"},{\"@type\":\"ListItem\",\"position\":2,\"name\":\"Historie spole\u010dnosti\"}]},{\"@type\":\"WebSite\",\"@id\":\"https:\\\/\\\/www.transforwarding.cz\\\/#website\",\"url\":\"https:\\\/\\\/www.transforwarding.cz\\\/\",\"name\":\"Transforwarding a.s.\",\"description\":\"Spedition und Handel\",\"publisher\":{\"@id\":\"https:\\\/\\\/www.transforwarding.cz\\\/#organization\"},\"potentialAction\":[{\"@type\":\"SearchAction\",\"target\":{\"@type\":\"EntryPoint\",\"urlTemplate\":\"https:\\\/\\\/www.transforwarding.cz\\\/?s={search_term_string}\"},\"query-input\":{\"@type\":\"PropertyValueSpecification\",\"valueRequired\":true,\"valueName\":\"search_term_string\"}}],\"inLanguage\":\"de-DE\"},{\"@type\":\"Organization\",\"@id\":\"https:\\\/\\\/www.transforwarding.cz\\\/#organization\",\"name\":\"Transforwarding a.s.\",\"url\":\"https:\\\/\\\/www.transforwarding.cz\\\/\",\"logo\":{\"@type\":\"ImageObject\",\"inLanguage\":\"de-DE\",\"@id\":\"https:\\\/\\\/www.transforwarding.cz\\\/#\\\/schema\\\/logo\\\/image\\\/\",\"url\":\"https:\\\/\\\/www.transforwarding.cz\\\/wp-content\\\/uploads\\\/2018\\\/12\\\/logo_trafo_CZ2018-500px.png\",\"contentUrl\":\"https:\\\/\\\/www.transforwarding.cz\\\/wp-content\\\/uploads\\\/2018\\\/12\\\/logo_trafo_CZ2018-500px.png\",\"width\":500,\"height\":92,\"caption\":\"Transforwarding a.s.\"},\"image\":{\"@id\":\"https:\\\/\\\/www.transforwarding.cz\\\/#\\\/schema\\\/logo\\\/image\\\/\"}}]}<\/script>\n<!-- \/ Yoast SEO plugin. -->","yoast_head_json":{"title":"Geschichte von der Gesellschaft - Transforwarding","robots":{"index":"index","follow":"follow","max-snippet":"max-snippet:-1","max-image-preview":"max-image-preview:large","max-video-preview":"max-video-preview:-1"},"canonical":"https:\/\/www.transforwarding.cz\/historie-spolecnosti\/","og_locale":"de_DE","og_type":"article","og_title":"Geschichte von der Gesellschaft - Transforwarding","og_url":"https:\/\/www.transforwarding.cz\/historie-spolecnosti\/","og_site_name":"Transforwarding","article_modified_time":"2019-04-30T07:50:11+00:00","og_image":[{"url":"http:\/\/www.transforwarding.cz\/wp-content\/uploads\/2019\/03\/logo_cla_CZ_cmyk_3D-610x380-300x187.jpg","type":"","width":"","height":""}],"twitter_card":"summary_large_image","twitter_misc":{"Est. reading time":"3 minutes"},"schema":{"@context":"https:\/\/schema.org","@graph":[{"@type":"WebPage","@id":"https:\/\/www.transforwarding.cz\/historie-spolecnosti\/","url":"https:\/\/www.transforwarding.cz\/historie-spolecnosti\/","name":"Geschichte von der Gesellschaft - Transforwarding","isPartOf":{"@id":"https:\/\/www.transforwarding.cz\/#website"},"primaryImageOfPage":{"@id":"https:\/\/www.transforwarding.cz\/historie-spolecnosti\/#primaryimage"},"image":{"@id":"https:\/\/www.transforwarding.cz\/historie-spolecnosti\/#primaryimage"},"thumbnailUrl":"http:\/\/www.transforwarding.cz\/wp-content\/uploads\/2019\/03\/logo_cla_CZ_cmyk_3D-610x380-300x187.jpg","datePublished":"2018-11-06T11:16:41+00:00","dateModified":"2019-04-30T07:50:11+00:00","description":"Historie spole\u010dnosti Transforwarding a.s. Ji\u017e od roku 1991 jsme spolehliv\u00fd partner pro mezin\u00e1rodn\u00ed p\u0159epravy, vnitrost\u00e1tn\u00ed dopravu, logistiku a skladov\u00e1n\u00ed.","breadcrumb":{"@id":"https:\/\/www.transforwarding.cz\/historie-spolecnosti\/#breadcrumb"},"inLanguage":"de-DE","potentialAction":[{"@type":"ReadAction","target":["https:\/\/www.transforwarding.cz\/historie-spolecnosti\/"]}]},{"@type":"ImageObject","inLanguage":"de-DE","@id":"https:\/\/www.transforwarding.cz\/historie-spolecnosti\/#primaryimage","url":"http:\/\/www.transforwarding.cz\/wp-content\/uploads\/2019\/03\/logo_cla_CZ_cmyk_3D-610x380-300x187.jpg","contentUrl":"http:\/\/www.transforwarding.cz\/wp-content\/uploads\/2019\/03\/logo_cla_CZ_cmyk_3D-610x380-300x187.jpg"},{"@type":"BreadcrumbList","@id":"https:\/\/www.transforwarding.cz\/historie-spolecnosti\/#breadcrumb","itemListElement":[{"@type":"ListItem","position":1,"name":"Dom\u016f","item":"https:\/\/www.transforwarding.cz\/"},{"@type":"ListItem","position":2,"name":"Historie spole\u010dnosti"}]},{"@type":"WebSite","@id":"https:\/\/www.transforwarding.cz\/#website","url":"https:\/\/www.transforwarding.cz\/","name":"Transforwarding a.s.","description":"Spedition und Handel","publisher":{"@id":"https:\/\/www.transforwarding.cz\/#organization"},"potentialAction":[{"@type":"SearchAction","target":{"@type":"EntryPoint","urlTemplate":"https:\/\/www.transforwarding.cz\/?s={search_term_string}"},"query-input":{"@type":"PropertyValueSpecification","valueRequired":true,"valueName":"search_term_string"}}],"inLanguage":"de-DE"},{"@type":"Organization","@id":"https:\/\/www.transforwarding.cz\/#organization","name":"Transforwarding a.s.","url":"https:\/\/www.transforwarding.cz\/","logo":{"@type":"ImageObject","inLanguage":"de-DE","@id":"https:\/\/www.transforwarding.cz\/#\/schema\/logo\/image\/","url":"https:\/\/www.transforwarding.cz\/wp-content\/uploads\/2018\/12\/logo_trafo_CZ2018-500px.png","contentUrl":"https:\/\/www.transforwarding.cz\/wp-content\/uploads\/2018\/12\/logo_trafo_CZ2018-500px.png","width":500,"height":92,"caption":"Transforwarding a.s."},"image":{"@id":"https:\/\/www.transforwarding.cz\/#\/schema\/logo\/image\/"}}]}},"_links":{"self":[{"href":"https:\/\/www.transforwarding.cz\/de\/wp-json\/wp\/v2\/pages\/164","targetHints":{"allow":["GET"]}}],"collection":[{"href":"https:\/\/www.transforwarding.cz\/de\/wp-json\/wp\/v2\/pages"}],"about":[{"href":"https:\/\/www.transforwarding.cz\/de\/wp-json\/wp\/v2\/types\/page"}],"author":[{"embeddable":true,"href":"https:\/\/www.transforwarding.cz\/de\/wp-json\/wp\/v2\/users\/4"}],"replies":[{"embeddable":true,"href":"https:\/\/www.transforwarding.cz\/de\/wp-json\/wp\/v2\/comments?post=164"}],"version-history":[{"count":16,"href":"https:\/\/www.transforwarding.cz\/de\/wp-json\/wp\/v2\/pages\/164\/revisions"}],"predecessor-version":[{"id":965,"href":"https:\/\/www.transforwarding.cz\/de\/wp-json\/wp\/v2\/pages\/164\/revisions\/965"}],"wp:attachment":[{"href":"https:\/\/www.transforwarding.cz\/de\/wp-json\/wp\/v2\/media?parent=164"}],"curies":[{"name":"wp","href":"https:\/\/api.w.org\/{rel}","templated":true}]}}