{"id":148,"date":"2018-08-31T13:35:21","date_gmt":"2018-08-31T11:35:21","guid":{"rendered":"http:\/\/www.transforwarding.cz\/2017\/?page_id=148"},"modified":"2025-08-29T12:39:33","modified_gmt":"2025-08-29T10:39:33","slug":"kontakt","status":"publish","type":"page","link":"https:\/\/www.transforwarding.cz\/de\/kontakt\/","title":{"rendered":"Kontakt und Informationen \u00fcber die Gesellschaft"},"content":{"rendered":"\n<h2 class=\"wp-block-heading\">Der Sitz:<\/h2>\n\n\n\n<p><\/p>\n\n\n\n<div class=\"wp-block-columns has-2-columns is-layout-flex wp-container-core-columns-is-layout-9d6595d7 wp-block-columns-is-layout-flex\">\n<div class=\"wp-block-column is-layout-flow wp-block-column-is-layout-flow\"><div class=\"wp-block-image\">\n<figure class=\"alignright\"><img loading=\"lazy\" decoding=\"async\" width=\"300\" height=\"143\" src=\"http:\/\/www.transforwarding.cz\/wp-content\/uploads\/2018\/12\/Trafo-DSC_3858-300x143.jpg\" alt=\"budova Transforwarding\" class=\"wp-image-269\" srcset=\"https:\/\/www.transforwarding.cz\/wp-content\/uploads\/2018\/12\/Trafo-DSC_3858-300x143.jpg 300w, https:\/\/www.transforwarding.cz\/wp-content\/uploads\/2018\/12\/Trafo-DSC_3858-768x367.jpg 768w, https:\/\/www.transforwarding.cz\/wp-content\/uploads\/2018\/12\/Trafo-DSC_3858-1024x490.jpg 1024w\" sizes=\"auto, (max-width: 300px) 100vw, 300px\" \/><\/figure><\/div>\n\n\n<p><strong>Transforwarding a.s. <\/strong><br>K. Uhl\u00ed\u0159e 1917\/ 42<br>37006 \u010cesk\u00e9 Bud\u011bjovice<br>Tschechische Republik&nbsp; <\/p>\n\n\n\n<p>Kontakt:<br>Telefon: <a href=\"tel:+420 389 001 111\">+420 389 001 111<\/a><br>E-Mail: <a href=\"mailto:info@transforwarding.cz\">info@transforwarding.cz<\/a><\/p>\n\n\n\n<p>Id.-Nr.: 14498979<br>Ust.-Id.-Nr.: CZ14498979<br>Die Gesellschaft ist im Handelsregister beim Kreisgericht in \u010cesk\u00e9 Bud\u011bjovice in der Abteilung B, Einlageblatt Nr. 174 eingetragen. <a rel=\"noreferrer noopener\" href=\"https:\/\/or.justice.cz\/ias\/ui\/rejstrik-dotaz?dotaz=14498979\" target=\"_blank\"> (Link zum Handelsregister hier)<\/a><\/p>\n<\/div>\n\n\n\n<div class=\"wp-block-column is-layout-flow wp-block-column-is-layout-flow\">\n<figure><iframe loading=\"lazy\" src=\"https:\/\/www.google.com\/maps\/embed?pb=!1m18!1m12!1m3!1d2618.794386336419!2d14.504442315866125!3d48.976438300341215!2m3!1f0!2f0!3f0!3m2!1i1024!2i768!4f13.1!3m3!1m2!1s0x47734fac85c4f8e5%3A0x99f8247b00df781c!2sTransforwarding+a.s.!5e0!3m2!1scs!2scz!4v1535715387856\" width=\"100%\" height=\"350\" allowfullscreen=\"allowfullscreen\"><\/iframe><\/figure>\n<\/div>\n<\/div>\n\n\n\n<h3 class=\"wp-block-heading\">Kontakte f\u00fcr Niederlassungen von der Gesellschaft Transforwarding a.s.<\/h3>\n\n\n\n<div class=\"wp-block-columns has-2-columns is-layout-flex wp-container-core-columns-is-layout-9d6595d7 wp-block-columns-is-layout-flex\">\n<div class=\"wp-block-column is-layout-flow wp-block-column-is-layout-flow\">\n<h3 class=\"wp-block-heading\"> <a href=\"http:\/\/www.transforwarding.cz\/kontakt-praha\/\">Niederlassung Praha &#8211; Horn\u00ed Po\u010dernice<\/a> <\/h3>\n\n\n\n<iframe loading=\"lazy\" src=\"https:\/\/www.google.com\/maps\/embed?pb=!1m18!1m12!1m3!1d2558.029602771428!2d14.616832151202138!3d50.12316801867313!2m3!1f0!2f0!3f0!3m2!1i1024!2i768!4f13.1!3m3!1m2!1s0x470bf28c0ffc2097%3A0xc276892620bf48cf!2sTransforwarding+a.s.+-+Praha!5e0!3m2!1scs!2scz!4v1546414477963\" width=\"100%\" height=\"350\" border=\"0\" allowfullscreen=\"allowfullscreen\"><\/iframe>\n\n\n\n<p><\/p>\n<\/div>\n\n\n\n<div class=\"wp-block-column is-layout-flow wp-block-column-is-layout-flow\">\n<h2 class=\"wp-block-heading\"> <a href=\"http:\/\/www.transforwarding.cz\/kontakt-breclav\/\">Niederlassung B\u0159eclav<\/a>  <\/h2>\n\n\n\n<figure><iframe loading=\"lazy\" src=\"https:\/\/www.google.com\/maps\/embed?pb=!1m18!1m12!1m3!1d2631.393008155861!2d16.858107315670072!3d48.73618897927562!2m3!1f0!2f0!3f0!3m2!1i1024!2i768!4f13.1!3m3!1m2!1s0x476d2aa647465371%3A0xf86317da2777d25d!2sTransforwarding+a.s.+-+B%C5%99eclav!5e0!3m2!1scs!2scz!4v1543836596438\" width=\"100%\" height=\"350\" allowfullscreen=\"allowfullscreen\"><\/iframe><\/figure>\n<\/div>\n<\/div>\n","protected":false},"excerpt":{"rendered":"<p>Der Sitz: Transforwarding a.s. K. Uhl\u00ed\u0159e 1917\/ 4237006 \u010cesk\u00e9 Bud\u011bjoviceTschechische Republik&nbsp; Kontakt:Telefon: +420 389 001 111E-Mail: info@transforwarding.cz Id.-Nr.: 14498979Ust.-Id.-Nr.: CZ14498979Die Gesellschaft ist im Handelsregister beim Kreisgericht in \u010cesk\u00e9 Bud\u011bjovice in der Abteilung B, Einlageblatt Nr. 174 eingetragen. (Link zum Handelsregister hier) Kontakte f\u00fcr Niederlassungen von der Gesellschaft Transforwarding a.s. Niederlassung Praha &#8211; Horn\u00ed Po\u010dernice Niederlassung [&hellip;]<\/p>\n","protected":false},"author":4,"featured_media":0,"parent":0,"menu_order":0,"comment_status":"closed","ping_status":"closed","template":"","meta":{"footnotes":""},"class_list":["post-148","page","type-page","status-publish","hentry"],"translation":{"provider":"WPGlobus","version":"3.0.2","language":"de","enabled_languages":["cz","en","de"],"languages":{"cz":{"title":true,"content":true,"excerpt":false},"en":{"title":true,"content":true,"excerpt":false},"de":{"title":true,"content":true,"excerpt":false}}},"yoast_head":"<!-- This site is optimized with the Yoast SEO plugin v27.5 - https:\/\/yoast.com\/product\/yoast-seo-wordpress\/ -->\n<title>Kontakt und Informationen \u00fcber die Gesellschaft - Transforwarding<\/title>\n<meta name=\"robots\" content=\"index, follow, max-snippet:-1, max-image-preview:large, max-video-preview:-1\" \/>\n<link rel=\"canonical\" href=\"https:\/\/www.transforwarding.cz\/kontakt\/\" \/>\n<meta property=\"og:locale\" content=\"de_DE\" \/>\n<meta property=\"og:type\" content=\"article\" \/>\n<meta property=\"og:title\" content=\"Kontakt und Informationen \u00fcber die Gesellschaft - Transforwarding\" \/>\n<meta property=\"og:url\" content=\"https:\/\/www.transforwarding.cz\/kontakt\/\" \/>\n<meta property=\"og:site_name\" content=\"Transforwarding\" \/>\n<meta property=\"article:modified_time\" content=\"2025-08-29T10:39:33+00:00\" \/>\n<meta property=\"og:image\" content=\"https:\/\/www.transforwarding.cz\/wp-content\/uploads\/2018\/12\/Trafo-DSC_3858-1024x490.jpg\" \/>\n\t<meta property=\"og:image:width\" content=\"1024\" \/>\n\t<meta property=\"og:image:height\" content=\"490\" \/>\n\t<meta property=\"og:image:type\" content=\"image\/jpeg\" \/>\n<meta name=\"twitter:card\" content=\"summary_large_image\" \/>\n<meta name=\"twitter:label1\" content=\"Est. reading time\" \/>\n\t<meta name=\"twitter:data1\" content=\"1 minute\" \/>\n<script type=\"application\/ld+json\" class=\"yoast-schema-graph\">{\"@context\":\"https:\\\/\\\/schema.org\",\"@graph\":[{\"@type\":\"WebPage\",\"@id\":\"https:\\\/\\\/www.transforwarding.cz\\\/kontakt\\\/\",\"url\":\"https:\\\/\\\/www.transforwarding.cz\\\/kontakt\\\/\",\"name\":\"Kontakt und Informationen \u00fcber die Gesellschaft - Transforwarding\",\"isPartOf\":{\"@id\":\"https:\\\/\\\/www.transforwarding.cz\\\/#website\"},\"primaryImageOfPage\":{\"@id\":\"https:\\\/\\\/www.transforwarding.cz\\\/kontakt\\\/#primaryimage\"},\"image\":{\"@id\":\"https:\\\/\\\/www.transforwarding.cz\\\/kontakt\\\/#primaryimage\"},\"thumbnailUrl\":\"http:\\\/\\\/www.transforwarding.cz\\\/wp-content\\\/uploads\\\/2018\\\/12\\\/Trafo-DSC_3858-300x143.jpg\",\"datePublished\":\"2018-08-31T11:35:21+00:00\",\"dateModified\":\"2025-08-29T10:39:33+00:00\",\"breadcrumb\":{\"@id\":\"https:\\\/\\\/www.transforwarding.cz\\\/kontakt\\\/#breadcrumb\"},\"inLanguage\":\"de-DE\",\"potentialAction\":[{\"@type\":\"ReadAction\",\"target\":[\"https:\\\/\\\/www.transforwarding.cz\\\/kontakt\\\/\"]}]},{\"@type\":\"ImageObject\",\"inLanguage\":\"de-DE\",\"@id\":\"https:\\\/\\\/www.transforwarding.cz\\\/kontakt\\\/#primaryimage\",\"url\":\"http:\\\/\\\/www.transforwarding.cz\\\/wp-content\\\/uploads\\\/2018\\\/12\\\/Trafo-DSC_3858-300x143.jpg\",\"contentUrl\":\"http:\\\/\\\/www.transforwarding.cz\\\/wp-content\\\/uploads\\\/2018\\\/12\\\/Trafo-DSC_3858-300x143.jpg\"},{\"@type\":\"BreadcrumbList\",\"@id\":\"https:\\\/\\\/www.transforwarding.cz\\\/kontakt\\\/#breadcrumb\",\"itemListElement\":[{\"@type\":\"ListItem\",\"position\":1,\"name\":\"Dom\u016f\",\"item\":\"https:\\\/\\\/www.transforwarding.cz\\\/\"},{\"@type\":\"ListItem\",\"position\":2,\"name\":\"Kontakt\"}]},{\"@type\":\"WebSite\",\"@id\":\"https:\\\/\\\/www.transforwarding.cz\\\/#website\",\"url\":\"https:\\\/\\\/www.transforwarding.cz\\\/\",\"name\":\"Transforwarding a.s.\",\"description\":\"Spedition und Handel\",\"publisher\":{\"@id\":\"https:\\\/\\\/www.transforwarding.cz\\\/#organization\"},\"potentialAction\":[{\"@type\":\"SearchAction\",\"target\":{\"@type\":\"EntryPoint\",\"urlTemplate\":\"https:\\\/\\\/www.transforwarding.cz\\\/?s={search_term_string}\"},\"query-input\":{\"@type\":\"PropertyValueSpecification\",\"valueRequired\":true,\"valueName\":\"search_term_string\"}}],\"inLanguage\":\"de-DE\"},{\"@type\":\"Organization\",\"@id\":\"https:\\\/\\\/www.transforwarding.cz\\\/#organization\",\"name\":\"Transforwarding a.s.\",\"url\":\"https:\\\/\\\/www.transforwarding.cz\\\/\",\"logo\":{\"@type\":\"ImageObject\",\"inLanguage\":\"de-DE\",\"@id\":\"https:\\\/\\\/www.transforwarding.cz\\\/#\\\/schema\\\/logo\\\/image\\\/\",\"url\":\"https:\\\/\\\/www.transforwarding.cz\\\/wp-content\\\/uploads\\\/2018\\\/12\\\/logo_trafo_CZ2018-500px.png\",\"contentUrl\":\"https:\\\/\\\/www.transforwarding.cz\\\/wp-content\\\/uploads\\\/2018\\\/12\\\/logo_trafo_CZ2018-500px.png\",\"width\":500,\"height\":92,\"caption\":\"Transforwarding a.s.\"},\"image\":{\"@id\":\"https:\\\/\\\/www.transforwarding.cz\\\/#\\\/schema\\\/logo\\\/image\\\/\"}}]}<\/script>\n<!-- \/ Yoast SEO plugin. -->","yoast_head_json":{"title":"Kontakt und Informationen \u00fcber die Gesellschaft - Transforwarding","robots":{"index":"index","follow":"follow","max-snippet":"max-snippet:-1","max-image-preview":"max-image-preview:large","max-video-preview":"max-video-preview:-1"},"canonical":"https:\/\/www.transforwarding.cz\/kontakt\/","og_locale":"de_DE","og_type":"article","og_title":"Kontakt und Informationen \u00fcber die Gesellschaft - Transforwarding","og_url":"https:\/\/www.transforwarding.cz\/kontakt\/","og_site_name":"Transforwarding","article_modified_time":"2025-08-29T10:39:33+00:00","og_image":[{"width":1024,"height":490,"url":"https:\/\/www.transforwarding.cz\/wp-content\/uploads\/2018\/12\/Trafo-DSC_3858-1024x490.jpg","type":"image\/jpeg"}],"twitter_card":"summary_large_image","twitter_misc":{"Est. reading time":"1 minute"},"schema":{"@context":"https:\/\/schema.org","@graph":[{"@type":"WebPage","@id":"https:\/\/www.transforwarding.cz\/kontakt\/","url":"https:\/\/www.transforwarding.cz\/kontakt\/","name":"Kontakt und Informationen \u00fcber die Gesellschaft - Transforwarding","isPartOf":{"@id":"https:\/\/www.transforwarding.cz\/#website"},"primaryImageOfPage":{"@id":"https:\/\/www.transforwarding.cz\/kontakt\/#primaryimage"},"image":{"@id":"https:\/\/www.transforwarding.cz\/kontakt\/#primaryimage"},"thumbnailUrl":"http:\/\/www.transforwarding.cz\/wp-content\/uploads\/2018\/12\/Trafo-DSC_3858-300x143.jpg","datePublished":"2018-08-31T11:35:21+00:00","dateModified":"2025-08-29T10:39:33+00:00","breadcrumb":{"@id":"https:\/\/www.transforwarding.cz\/kontakt\/#breadcrumb"},"inLanguage":"de-DE","potentialAction":[{"@type":"ReadAction","target":["https:\/\/www.transforwarding.cz\/kontakt\/"]}]},{"@type":"ImageObject","inLanguage":"de-DE","@id":"https:\/\/www.transforwarding.cz\/kontakt\/#primaryimage","url":"http:\/\/www.transforwarding.cz\/wp-content\/uploads\/2018\/12\/Trafo-DSC_3858-300x143.jpg","contentUrl":"http:\/\/www.transforwarding.cz\/wp-content\/uploads\/2018\/12\/Trafo-DSC_3858-300x143.jpg"},{"@type":"BreadcrumbList","@id":"https:\/\/www.transforwarding.cz\/kontakt\/#breadcrumb","itemListElement":[{"@type":"ListItem","position":1,"name":"Dom\u016f","item":"https:\/\/www.transforwarding.cz\/"},{"@type":"ListItem","position":2,"name":"Kontakt"}]},{"@type":"WebSite","@id":"https:\/\/www.transforwarding.cz\/#website","url":"https:\/\/www.transforwarding.cz\/","name":"Transforwarding a.s.","description":"Spedition und Handel","publisher":{"@id":"https:\/\/www.transforwarding.cz\/#organization"},"potentialAction":[{"@type":"SearchAction","target":{"@type":"EntryPoint","urlTemplate":"https:\/\/www.transforwarding.cz\/?s={search_term_string}"},"query-input":{"@type":"PropertyValueSpecification","valueRequired":true,"valueName":"search_term_string"}}],"inLanguage":"de-DE"},{"@type":"Organization","@id":"https:\/\/www.transforwarding.cz\/#organization","name":"Transforwarding a.s.","url":"https:\/\/www.transforwarding.cz\/","logo":{"@type":"ImageObject","inLanguage":"de-DE","@id":"https:\/\/www.transforwarding.cz\/#\/schema\/logo\/image\/","url":"https:\/\/www.transforwarding.cz\/wp-content\/uploads\/2018\/12\/logo_trafo_CZ2018-500px.png","contentUrl":"https:\/\/www.transforwarding.cz\/wp-content\/uploads\/2018\/12\/logo_trafo_CZ2018-500px.png","width":500,"height":92,"caption":"Transforwarding a.s."},"image":{"@id":"https:\/\/www.transforwarding.cz\/#\/schema\/logo\/image\/"}}]}},"_links":{"self":[{"href":"https:\/\/www.transforwarding.cz\/de\/wp-json\/wp\/v2\/pages\/148","targetHints":{"allow":["GET"]}}],"collection":[{"href":"https:\/\/www.transforwarding.cz\/de\/wp-json\/wp\/v2\/pages"}],"about":[{"href":"https:\/\/www.transforwarding.cz\/de\/wp-json\/wp\/v2\/types\/page"}],"author":[{"embeddable":true,"href":"https:\/\/www.transforwarding.cz\/de\/wp-json\/wp\/v2\/users\/4"}],"replies":[{"embeddable":true,"href":"https:\/\/www.transforwarding.cz\/de\/wp-json\/wp\/v2\/comments?post=148"}],"version-history":[{"count":45,"href":"https:\/\/www.transforwarding.cz\/de\/wp-json\/wp\/v2\/pages\/148\/revisions"}],"predecessor-version":[{"id":13903,"href":"https:\/\/www.transforwarding.cz\/de\/wp-json\/wp\/v2\/pages\/148\/revisions\/13903"}],"wp:attachment":[{"href":"https:\/\/www.transforwarding.cz\/de\/wp-json\/wp\/v2\/media?parent=148"}],"curies":[{"name":"wp","href":"https:\/\/api.w.org\/{rel}","templated":true}]}}