{"id":107,"date":"2018-08-28T13:25:07","date_gmt":"2018-08-28T11:25:07","guid":{"rendered":"http:\/\/www.transforwarding.cz\/2017\/?page_id=107"},"modified":"2019-04-17T16:45:15","modified_gmt":"2019-04-17T14:45:15","slug":"vnitrostatni-preprava","status":"publish","type":"page","link":"https:\/\/www.transforwarding.cz\/de\/vnitrostatni-preprava\/","title":{"rendered":"Nationaltransport in der Tschechischen Republik"},"content":{"rendered":"\n<h3 class=\"wp-block-heading\">Nationaldistributionssystem FOFR \u2013 Transporte in der Tschechischen Republik und Slowakei<\/h3>\n\n\n\n<div class=\"wp-block-image\"><figure class=\"alignright\"><img loading=\"lazy\" decoding=\"async\" width=\"300\" height=\"152\" src=\"http:\/\/www.transforwarding.cz\/wp-content\/uploads\/2018\/12\/logoFOFR-300x152.png\" alt=\"\" class=\"wp-image-333\" srcset=\"https:\/\/www.transforwarding.cz\/wp-content\/uploads\/2018\/12\/logoFOFR-300x152.png 300w, https:\/\/www.transforwarding.cz\/wp-content\/uploads\/2018\/12\/logoFOFR-768x389.png 768w, https:\/\/www.transforwarding.cz\/wp-content\/uploads\/2018\/12\/logoFOFR.png 881w\" sizes=\"auto, (max-width: 300px) 100vw, 300px\" \/><\/figure><\/div>\n\n\n\n<ul class=\"wp-block-list\"><li><strong>Sendungen bis max. 2000 kg, max. L\u00e4nge bis\n6,00 m<\/strong><\/li><li><strong>Transportversicherung<\/strong><\/li><li>20 Depos in CZ<\/li><li>Einfaches und effektives on-line Bestellungssytem NETSPEDICE<\/li><li>Track &#038; Trace<\/li><li>Weitere Dienstleistungen (Lieferscheinbest\u00e4tigung, EUR-Palette Wechsel,\nNachnahme, Avisation per E-mail und SMS)<\/li><\/ul>\n\n\n\n<h5 class=\"wp-block-heading\"><strong>KONTAKT GESCH\u00c4FTSABTEILUNG:<\/strong><\/h5>\n\n\n\n<p>Tel.:&nbsp;+420 389 001 508, 509, 401<br>Fax: +420 389 001 444<br>E-Mail:&nbsp;<a href=\"mailto:sale@transforwarding.cz\">sale@transforwarding.cz<\/a><\/p>\n","protected":false},"excerpt":{"rendered":"<p>Nationaldistributionssystem FOFR \u2013 Transporte in der Tschechischen Republik und Slowakei Sendungen bis max. 2000 kg, max. L\u00e4nge bis 6,00 m Transportversicherung 20 Depos in CZ Einfaches und effektives on-line Bestellungssytem NETSPEDICE Track &#038; Trace Weitere Dienstleistungen (Lieferscheinbest\u00e4tigung, EUR-Palette Wechsel, Nachnahme, Avisation per E-mail und SMS) KONTAKT GESCH\u00c4FTSABTEILUNG: Tel.:&nbsp;+420 389 001 508, 509, 401Fax: +420 389 [&hellip;]<\/p>\n","protected":false},"author":4,"featured_media":0,"parent":0,"menu_order":0,"comment_status":"closed","ping_status":"closed","template":"","meta":{"footnotes":""},"class_list":["post-107","page","type-page","status-publish","hentry"],"translation":{"provider":"WPGlobus","version":"3.0.2","language":"de","enabled_languages":["cz","en","de"],"languages":{"cz":{"title":true,"content":true,"excerpt":false},"en":{"title":true,"content":true,"excerpt":false},"de":{"title":true,"content":true,"excerpt":false}}},"yoast_head":"<!-- This site is optimized with the Yoast SEO plugin v27.5 - https:\/\/yoast.com\/product\/yoast-seo-wordpress\/ -->\n<title>Nationaltransport in der Tschechischen Republik - Transforwarding a.s. - \u010dlen syst\u00e9mu FOFR<\/title>\n<meta name=\"robots\" content=\"index, follow, max-snippet:-1, max-image-preview:large, max-video-preview:-1\" \/>\n<link rel=\"canonical\" href=\"https:\/\/www.transforwarding.cz\/vnitrostatni-preprava\/\" \/>\n<meta property=\"og:locale\" content=\"de_DE\" \/>\n<meta property=\"og:type\" content=\"article\" \/>\n<meta property=\"og:title\" content=\"Nationaltransport in der Tschechischen Republik - Transforwarding\" \/>\n<meta property=\"og:url\" content=\"https:\/\/www.transforwarding.cz\/vnitrostatni-preprava\/\" \/>\n<meta property=\"og:site_name\" content=\"Transforwarding\" \/>\n<meta property=\"article:modified_time\" content=\"2019-04-17T14:45:15+00:00\" \/>\n<meta property=\"og:image\" content=\"http:\/\/www.transforwarding.cz\/wp-content\/uploads\/2018\/12\/logoFOFR-300x152.png\" \/>\n<meta name=\"twitter:card\" content=\"summary_large_image\" \/>\n<meta name=\"twitter:label1\" content=\"Est. reading time\" \/>\n\t<meta name=\"twitter:data1\" content=\"2 minutes\" \/>\n<script type=\"application\/ld+json\" class=\"yoast-schema-graph\">{\"@context\":\"https:\\\/\\\/schema.org\",\"@graph\":[{\"@type\":\"WebPage\",\"@id\":\"https:\\\/\\\/www.transforwarding.cz\\\/vnitrostatni-preprava\\\/\",\"url\":\"https:\\\/\\\/www.transforwarding.cz\\\/vnitrostatni-preprava\\\/\",\"name\":\"Nationaltransport in der Tschechischen Republik - Transforwarding a.s. - \u010dlen syst\u00e9mu FOFR\",\"isPartOf\":{\"@id\":\"https:\\\/\\\/www.transforwarding.cz\\\/#website\"},\"primaryImageOfPage\":{\"@id\":\"https:\\\/\\\/www.transforwarding.cz\\\/vnitrostatni-preprava\\\/#primaryimage\"},\"image\":{\"@id\":\"https:\\\/\\\/www.transforwarding.cz\\\/vnitrostatni-preprava\\\/#primaryimage\"},\"thumbnailUrl\":\"http:\\\/\\\/www.transforwarding.cz\\\/wp-content\\\/uploads\\\/2018\\\/12\\\/logoFOFR-300x152.png\",\"datePublished\":\"2018-08-28T11:25:07+00:00\",\"dateModified\":\"2019-04-17T14:45:15+00:00\",\"description\":\"P\u0159eprava kusov\u00fdch z\u00e1silek v r\u00e1mci \u010cR a do SR \u010desk\u00fdm p\u0159epravn\u00edm syst\u00e9mem FOFR, poji\u0161t\u011bn\u00ed a sledov\u00e1n\u00ed z\u00e1silek, povrzen\u00e9 skeny p\u0159epravn\u00edch list\u016f\",\"breadcrumb\":{\"@id\":\"https:\\\/\\\/www.transforwarding.cz\\\/vnitrostatni-preprava\\\/#breadcrumb\"},\"inLanguage\":\"de-DE\",\"potentialAction\":[{\"@type\":\"ReadAction\",\"target\":[\"https:\\\/\\\/www.transforwarding.cz\\\/vnitrostatni-preprava\\\/\"]}]},{\"@type\":\"ImageObject\",\"inLanguage\":\"de-DE\",\"@id\":\"https:\\\/\\\/www.transforwarding.cz\\\/vnitrostatni-preprava\\\/#primaryimage\",\"url\":\"http:\\\/\\\/www.transforwarding.cz\\\/wp-content\\\/uploads\\\/2018\\\/12\\\/logoFOFR-300x152.png\",\"contentUrl\":\"http:\\\/\\\/www.transforwarding.cz\\\/wp-content\\\/uploads\\\/2018\\\/12\\\/logoFOFR-300x152.png\"},{\"@type\":\"BreadcrumbList\",\"@id\":\"https:\\\/\\\/www.transforwarding.cz\\\/vnitrostatni-preprava\\\/#breadcrumb\",\"itemListElement\":[{\"@type\":\"ListItem\",\"position\":1,\"name\":\"Dom\u016f\",\"item\":\"https:\\\/\\\/www.transforwarding.cz\\\/\"},{\"@type\":\"ListItem\",\"position\":2,\"name\":\"Vnitrost\u00e1tn\u00ed silni\u010dn\u00ed p\u0159eprava\"}]},{\"@type\":\"WebSite\",\"@id\":\"https:\\\/\\\/www.transforwarding.cz\\\/#website\",\"url\":\"https:\\\/\\\/www.transforwarding.cz\\\/\",\"name\":\"Transforwarding a.s.\",\"description\":\"Spedition und Handel\",\"publisher\":{\"@id\":\"https:\\\/\\\/www.transforwarding.cz\\\/#organization\"},\"potentialAction\":[{\"@type\":\"SearchAction\",\"target\":{\"@type\":\"EntryPoint\",\"urlTemplate\":\"https:\\\/\\\/www.transforwarding.cz\\\/?s={search_term_string}\"},\"query-input\":{\"@type\":\"PropertyValueSpecification\",\"valueRequired\":true,\"valueName\":\"search_term_string\"}}],\"inLanguage\":\"de-DE\"},{\"@type\":\"Organization\",\"@id\":\"https:\\\/\\\/www.transforwarding.cz\\\/#organization\",\"name\":\"Transforwarding a.s.\",\"url\":\"https:\\\/\\\/www.transforwarding.cz\\\/\",\"logo\":{\"@type\":\"ImageObject\",\"inLanguage\":\"de-DE\",\"@id\":\"https:\\\/\\\/www.transforwarding.cz\\\/#\\\/schema\\\/logo\\\/image\\\/\",\"url\":\"https:\\\/\\\/www.transforwarding.cz\\\/wp-content\\\/uploads\\\/2018\\\/12\\\/logo_trafo_CZ2018-500px.png\",\"contentUrl\":\"https:\\\/\\\/www.transforwarding.cz\\\/wp-content\\\/uploads\\\/2018\\\/12\\\/logo_trafo_CZ2018-500px.png\",\"width\":500,\"height\":92,\"caption\":\"Transforwarding a.s.\"},\"image\":{\"@id\":\"https:\\\/\\\/www.transforwarding.cz\\\/#\\\/schema\\\/logo\\\/image\\\/\"}}]}<\/script>\n<!-- \/ Yoast SEO plugin. -->","yoast_head_json":{"title":"Nationaltransport in der Tschechischen Republik - Transforwarding a.s. - \u010dlen syst\u00e9mu FOFR","robots":{"index":"index","follow":"follow","max-snippet":"max-snippet:-1","max-image-preview":"max-image-preview:large","max-video-preview":"max-video-preview:-1"},"canonical":"https:\/\/www.transforwarding.cz\/vnitrostatni-preprava\/","og_locale":"de_DE","og_type":"article","og_title":"Nationaltransport in der Tschechischen Republik - Transforwarding","og_url":"https:\/\/www.transforwarding.cz\/vnitrostatni-preprava\/","og_site_name":"Transforwarding","article_modified_time":"2019-04-17T14:45:15+00:00","og_image":[{"url":"http:\/\/www.transforwarding.cz\/wp-content\/uploads\/2018\/12\/logoFOFR-300x152.png","type":"","width":"","height":""}],"twitter_card":"summary_large_image","twitter_misc":{"Est. reading time":"2 minutes"},"schema":{"@context":"https:\/\/schema.org","@graph":[{"@type":"WebPage","@id":"https:\/\/www.transforwarding.cz\/vnitrostatni-preprava\/","url":"https:\/\/www.transforwarding.cz\/vnitrostatni-preprava\/","name":"Nationaltransport in der Tschechischen Republik - Transforwarding a.s. - \u010dlen syst\u00e9mu FOFR","isPartOf":{"@id":"https:\/\/www.transforwarding.cz\/#website"},"primaryImageOfPage":{"@id":"https:\/\/www.transforwarding.cz\/vnitrostatni-preprava\/#primaryimage"},"image":{"@id":"https:\/\/www.transforwarding.cz\/vnitrostatni-preprava\/#primaryimage"},"thumbnailUrl":"http:\/\/www.transforwarding.cz\/wp-content\/uploads\/2018\/12\/logoFOFR-300x152.png","datePublished":"2018-08-28T11:25:07+00:00","dateModified":"2019-04-17T14:45:15+00:00","description":"P\u0159eprava kusov\u00fdch z\u00e1silek v r\u00e1mci \u010cR a do SR \u010desk\u00fdm p\u0159epravn\u00edm syst\u00e9mem FOFR, poji\u0161t\u011bn\u00ed a sledov\u00e1n\u00ed z\u00e1silek, povrzen\u00e9 skeny p\u0159epravn\u00edch list\u016f","breadcrumb":{"@id":"https:\/\/www.transforwarding.cz\/vnitrostatni-preprava\/#breadcrumb"},"inLanguage":"de-DE","potentialAction":[{"@type":"ReadAction","target":["https:\/\/www.transforwarding.cz\/vnitrostatni-preprava\/"]}]},{"@type":"ImageObject","inLanguage":"de-DE","@id":"https:\/\/www.transforwarding.cz\/vnitrostatni-preprava\/#primaryimage","url":"http:\/\/www.transforwarding.cz\/wp-content\/uploads\/2018\/12\/logoFOFR-300x152.png","contentUrl":"http:\/\/www.transforwarding.cz\/wp-content\/uploads\/2018\/12\/logoFOFR-300x152.png"},{"@type":"BreadcrumbList","@id":"https:\/\/www.transforwarding.cz\/vnitrostatni-preprava\/#breadcrumb","itemListElement":[{"@type":"ListItem","position":1,"name":"Dom\u016f","item":"https:\/\/www.transforwarding.cz\/"},{"@type":"ListItem","position":2,"name":"Vnitrost\u00e1tn\u00ed silni\u010dn\u00ed p\u0159eprava"}]},{"@type":"WebSite","@id":"https:\/\/www.transforwarding.cz\/#website","url":"https:\/\/www.transforwarding.cz\/","name":"Transforwarding a.s.","description":"Spedition und Handel","publisher":{"@id":"https:\/\/www.transforwarding.cz\/#organization"},"potentialAction":[{"@type":"SearchAction","target":{"@type":"EntryPoint","urlTemplate":"https:\/\/www.transforwarding.cz\/?s={search_term_string}"},"query-input":{"@type":"PropertyValueSpecification","valueRequired":true,"valueName":"search_term_string"}}],"inLanguage":"de-DE"},{"@type":"Organization","@id":"https:\/\/www.transforwarding.cz\/#organization","name":"Transforwarding a.s.","url":"https:\/\/www.transforwarding.cz\/","logo":{"@type":"ImageObject","inLanguage":"de-DE","@id":"https:\/\/www.transforwarding.cz\/#\/schema\/logo\/image\/","url":"https:\/\/www.transforwarding.cz\/wp-content\/uploads\/2018\/12\/logo_trafo_CZ2018-500px.png","contentUrl":"https:\/\/www.transforwarding.cz\/wp-content\/uploads\/2018\/12\/logo_trafo_CZ2018-500px.png","width":500,"height":92,"caption":"Transforwarding a.s."},"image":{"@id":"https:\/\/www.transforwarding.cz\/#\/schema\/logo\/image\/"}}]}},"_links":{"self":[{"href":"https:\/\/www.transforwarding.cz\/de\/wp-json\/wp\/v2\/pages\/107","targetHints":{"allow":["GET"]}}],"collection":[{"href":"https:\/\/www.transforwarding.cz\/de\/wp-json\/wp\/v2\/pages"}],"about":[{"href":"https:\/\/www.transforwarding.cz\/de\/wp-json\/wp\/v2\/types\/page"}],"author":[{"embeddable":true,"href":"https:\/\/www.transforwarding.cz\/de\/wp-json\/wp\/v2\/users\/4"}],"replies":[{"embeddable":true,"href":"https:\/\/www.transforwarding.cz\/de\/wp-json\/wp\/v2\/comments?post=107"}],"version-history":[{"count":26,"href":"https:\/\/www.transforwarding.cz\/de\/wp-json\/wp\/v2\/pages\/107\/revisions"}],"predecessor-version":[{"id":947,"href":"https:\/\/www.transforwarding.cz\/de\/wp-json\/wp\/v2\/pages\/107\/revisions\/947"}],"wp:attachment":[{"href":"https:\/\/www.transforwarding.cz\/de\/wp-json\/wp\/v2\/media?parent=107"}],"curies":[{"name":"wp","href":"https:\/\/api.w.org\/{rel}","templated":true}]}}